{"id":205856,"date":"2025-10-23T08:40:35","date_gmt":"2025-10-23T06:40:35","guid":{"rendered":"https:\/\/www.tendenzeshabbychic.it\/prodotto\/blanc-mariclo-somier-doble-cara-70x270-petali-terciopelo\/"},"modified":"2025-06-25T11:40:35","modified_gmt":"2025-06-25T09:40:35","slug":"blanc-mariclo-somier-doble-cara-70x270-petali-terciopelo","status":"publish","type":"product","link":"https:\/\/www.tendenzeshabbychic.it\/es\/producto\/blanc-mariclo-somier-doble-cara-70x270-petali-terciopelo\/","title":{"rendered":"Blanc MariCl\u00f2 Somier Doble Cara 70&#215;270 Petali Terciopelo"},"content":{"rendered":"<p>La ropa de cama de doble cara de la colecci\u00f3n <em>Petali Velluto<\/em> de Blanc MariCl\u00f2 es el toque final perfecto para una habitaci\u00f3n refinada. Por un lado, la calidez del terciopelo verde oliva; por otro, la delicadeza del algod\u00f3n con estampado floral verde salvia sobre una base de color crudo. La confecci\u00f3n acolchada garantiza suavidad y comodidad, mientras que los volantes en los bordes a\u00f1aden encanto y volumen.  <\/p>\n<p>Perfecto para camas dobles o individuales, ofrece versatilidad decorativa gracias a su doble cara: cambia el aspecto de tu habitaci\u00f3n con un simple gesto.<\/p>\n<ul>\n<li>Dise\u00f1o de doble cara: terciopelo y algod\u00f3n estampado<\/li>\n<li>Confecci\u00f3n acolchada para mayor comodidad<\/li>\n<li>Gala decorativa a lo largo de todo el borde<\/li>\n<li>Perfecto para habitaciones de estilo shabby, cl\u00e1sico o rom\u00e1ntico<\/li>\n<li>Se puede coordinar con cojines de la misma colecci\u00f3n<\/li>\n<\/ul>\n","protected":false},"excerpt":{"rendered":"<p>Somier de doble cara de terciopelo verde oliva y algod\u00f3n estampado floral con volante de gala. Elegancia reversible. Colecci\u00f3n P\u00e9talos de Terciopelo.  <\/p>\n<p>\ud83d\udccf 70 x 270 cm<\/p>\n<p><iframe loading=\"lazy\" title=\"Colecci\u00f3n P\u00e9talos de Terciopelo Blanc MariCl\u00f2\" src=\"https:\/\/www.youtube.com\/embed\/SsAJd9dGJdo\" width=\"458\" height=\"815\" frameborder=\"0\" allowfullscreen=\"allowfullscreen\"><\/iframe><\/p>\n","protected":false},"featured_media":188566,"comment_status":"open","ping_status":"closed","template":"","meta":{"_joinchat":[]},"pwb-brand":[2076],"product_brand":[],"product_cat":[2380,2327],"product_tag":[2848],"class_list":{"0":"post-205856","1":"product","2":"type-product","3":"status-publish","4":"has-post-thumbnail","6":"pwb-brand-blanc-mariclo-es","7":"product_cat-edredones-de-boda","8":"product_cat-la-cama","9":"product_tag-dormitorio","11":"first","12":"instock","13":"sale","14":"taxable","15":"shipping-taxable","16":"purchasable","17":"product-type-simple"},"brands":[{"id":2076,"name":"Blanc Mariclo","slug":"blanc-mariclo-es"}],"_links":{"self":[{"href":"https:\/\/www.tendenzeshabbychic.it\/es\/wp-json\/wp\/v2\/product\/205856","targetHints":{"allow":["GET"]}}],"collection":[{"href":"https:\/\/www.tendenzeshabbychic.it\/es\/wp-json\/wp\/v2\/product"}],"about":[{"href":"https:\/\/www.tendenzeshabbychic.it\/es\/wp-json\/wp\/v2\/types\/product"}],"replies":[{"embeddable":true,"href":"https:\/\/www.tendenzeshabbychic.it\/es\/wp-json\/wp\/v2\/comments?post=205856"}],"wp:featuredmedia":[{"embeddable":true,"href":"https:\/\/www.tendenzeshabbychic.it\/es\/wp-json\/wp\/v2\/media\/188566"}],"wp:attachment":[{"href":"https:\/\/www.tendenzeshabbychic.it\/es\/wp-json\/wp\/v2\/media?parent=205856"}],"wp:term":[{"taxonomy":"pwb-brand","embeddable":true,"href":"https:\/\/www.tendenzeshabbychic.it\/es\/wp-json\/wp\/v2\/pwb-brand?post=205856"},{"taxonomy":"product_brand","embeddable":true,"href":"https:\/\/www.tendenzeshabbychic.it\/es\/wp-json\/wp\/v2\/product_brand?post=205856"},{"taxonomy":"product_cat","embeddable":true,"href":"https:\/\/www.tendenzeshabbychic.it\/es\/wp-json\/wp\/v2\/product_cat?post=205856"},{"taxonomy":"product_tag","embeddable":true,"href":"https:\/\/www.tendenzeshabbychic.it\/es\/wp-json\/wp\/v2\/product_tag?post=205856"}],"curies":[{"name":"wp","href":"https:\/\/api.w.org\/{rel}","templated":true}]}}