{"id":205758,"date":"2025-08-05T01:00:01","date_gmt":"2025-08-04T23:00:01","guid":{"rendered":"https:\/\/www.tendenzeshabbychic.it\/prodotto\/nuvole-di-stoffa-set-6-velas-de-te-soldier-4h\/"},"modified":"2025-10-16T08:30:43","modified_gmt":"2025-10-16T06:30:43","slug":"nuvole-di-stoffa-set-6-velas-de-te-soldier-4h","status":"publish","type":"product","link":"https:\/\/www.tendenzeshabbychic.it\/es\/producto\/nuvole-di-stoffa-set-6-velas-de-te-soldier-4h\/","title":{"rendered":"Nuvole di Stoffa Set 6 Velas de T\u00e9 Soldier 4h"},"content":{"rendered":"<p>El set de 6 velas de t\u00e9 <em>Nuvole di Stoffa<\/em> es una peque\u00f1a joya decorativa para enriquecer la mesa o los rincones de la casa con encanto y alegr\u00eda durante las fiestas. Cada vela reproduce el rostro de un soldado de juguete Cascanueces, con finos detalles como la barba blanca, la cara sonrosada y el gorro rojo con decoraci\u00f3n navide\u00f1a verde. Las divertidas expresiones y el ribete dorado a\u00f1aden un toque juguet\u00f3n y elegante a la vez.  <\/p>\n<p>Con una duraci\u00f3n de unas 4 horas, son perfectas para crear ambiente en una cena o como decoraci\u00f3n de exposici\u00f3n. Presentadas en un elegante envase transparente con base roja, son tambi\u00e9n una idea de regalo original e impactante. <\/p>\n<p><strong>Fortalezas:<\/strong><\/p>\n<ul>\n<li>Dise\u00f1o navide\u00f1o cuidado y detallado<\/li>\n<li>Velas de cera con base de aluminio<\/li>\n<li>Duraci\u00f3n aproximada de 4 horas cada una<\/li>\n<li>Envases listos para regalar<\/li>\n<li>Perfecto para decorar la mesa festiva<\/li>\n<\/ul>\n\n\t<section class=\"section linkified dark\" id=\"section_2031780479\">\n\t\t<div class=\"section-bg fill\" >\n\t\t\t<img loading=\"lazy\" decoding=\"async\" width=\"800\" height=\"213\" src=\"https:\/\/www.tendenzeshabbychic.it\/wp-content\/uploads\/2021\/09\/natale-hero-1-800x213.jpg\" class=\"bg attachment-medium size-medium\" alt=\"\" \/>\t\t\t\t\t\t<div class=\"section-bg-overlay absolute fill\"><\/div>\n\t\t\t\n\n\t\t<\/div>\n\n\t\t\n\n\t\t<div class=\"section-content relative\">\n\t\t\t\n\n<div class=\"row\"  id=\"row-873821824\">\n\n\n\t<div id=\"col-1118696450\" class=\"col small-12 large-12\"  >\n\t\t\t\t<div class=\"col-inner text-center\"  >\n\t\t\t\n\t\t\t\n\n<h3><span style=\"font-size: 180%;\">Navidad<\/span><\/h3>\n<p>Descubre la amplia selecci\u00f3n de productos para decorar tu hogar en Navidad.<\/p>\n<a href=\"https:\/\/www.tendenzeshabbychic.it\/es\/categoria-producto\/navidad\/\" class=\"button alert is-shade box-shadow-3 box-shadow-5-hover\" style=\"border-radius:5px;\">\n\t\t<span>haga clic aqu\u00ed<\/span>\n\t<\/a>\n\n\n\n\t\t<\/div>\n\t\t\t\t\t<\/div>\n\n\t\n\n<\/div>\n\n\t\t<\/div>\n\n\t\t\n<style>\n#section_2031780479 {\n  padding-top: 12px;\n  padding-bottom: 12px;\n}\n#section_2031780479 .section-bg-overlay {\n  background-color: rgba(0, 0, 0, 0.419);\n}\n#section_2031780479 .section-bg img {\n  object-position: 21% 51%;\n}\n@media (min-width:550px) {\n  #section_2031780479 {\n    padding-top: 57px;\n    padding-bottom: 57px;\n  }\n}\n<\/style>\n\t<\/section>\n\t\n","protected":false},"excerpt":{"rendered":"<p>Set de 6 velas de t\u00e9 con forma de cabeza de soldado Cascanueces, con detalles pintados a mano en tonos rojos, blancos y dorados. Cada vela est\u00e1 contenida en su propia base de metal. Presentadas en una elegante caja transparente.  <\/p>\n<p>\ud83d\udccf 13,7 x 9 x 6,5 cm &#8211; duraci\u00f3n: 4 horas<\/p>\n","protected":false},"featured_media":200276,"comment_status":"open","ping_status":"closed","template":"","meta":{"_joinchat":[]},"pwb-brand":[2090],"product_brand":[],"product_cat":[2321,2371],"product_tag":[2456,2283],"class_list":{"0":"post-205758","1":"product","2":"type-product","3":"status-publish","4":"has-post-thumbnail","6":"pwb-brand-nuvole-di-stoffa-es","7":"product_cat-velas","8":"product_cat-navidad","9":"product_tag-cascanueces","10":"product_tag-idea-de-regalo","12":"first","13":"instock","14":"sale","15":"taxable","16":"shipping-taxable","17":"purchasable","18":"product-type-simple"},"brands":[{"id":2090,"name":"Nuvole di Stoffa","slug":"nuvole-di-stoffa-es"}],"_links":{"self":[{"href":"https:\/\/www.tendenzeshabbychic.it\/es\/wp-json\/wp\/v2\/product\/205758","targetHints":{"allow":["GET"]}}],"collection":[{"href":"https:\/\/www.tendenzeshabbychic.it\/es\/wp-json\/wp\/v2\/product"}],"about":[{"href":"https:\/\/www.tendenzeshabbychic.it\/es\/wp-json\/wp\/v2\/types\/product"}],"replies":[{"embeddable":true,"href":"https:\/\/www.tendenzeshabbychic.it\/es\/wp-json\/wp\/v2\/comments?post=205758"}],"wp:featuredmedia":[{"embeddable":true,"href":"https:\/\/www.tendenzeshabbychic.it\/es\/wp-json\/wp\/v2\/media\/200276"}],"wp:attachment":[{"href":"https:\/\/www.tendenzeshabbychic.it\/es\/wp-json\/wp\/v2\/media?parent=205758"}],"wp:term":[{"taxonomy":"pwb-brand","embeddable":true,"href":"https:\/\/www.tendenzeshabbychic.it\/es\/wp-json\/wp\/v2\/pwb-brand?post=205758"},{"taxonomy":"product_brand","embeddable":true,"href":"https:\/\/www.tendenzeshabbychic.it\/es\/wp-json\/wp\/v2\/product_brand?post=205758"},{"taxonomy":"product_cat","embeddable":true,"href":"https:\/\/www.tendenzeshabbychic.it\/es\/wp-json\/wp\/v2\/product_cat?post=205758"},{"taxonomy":"product_tag","embeddable":true,"href":"https:\/\/www.tendenzeshabbychic.it\/es\/wp-json\/wp\/v2\/product_tag?post=205758"}],"curies":[{"name":"wp","href":"https:\/\/api.w.org\/{rel}","templated":true}]}}