{"id":205735,"date":"2025-08-05T01:00:01","date_gmt":"2025-08-04T23:00:01","guid":{"rendered":"https:\/\/www.tendenzeshabbychic.it\/prodotto\/nuvole-di-stoffa-arbol-de-las-velas-cascanueces-33-cm\/"},"modified":"2025-10-16T22:28:52","modified_gmt":"2025-10-16T20:28:52","slug":"nuvole-di-stoffa-arbol-de-las-velas-cascanueces-33-cm","status":"publish","type":"product","link":"https:\/\/www.tendenzeshabbychic.it\/es\/producto\/nuvole-di-stoffa-arbol-de-las-velas-cascanueces-33-cm\/","title":{"rendered":"Nuvole di Stoffa \u00c1rbol de las Velas Cascanueces 33 cm"},"content":{"rendered":"<p>Un icono navide\u00f1o reinterpretado en clave decorativa: la vela <em>Nuvole di Stoffa<\/em> representa a un refinado soldado Cascanueces de cera, vestido en los cl\u00e1sicos tonos rojo fuego y verde bosque con toques dorados. El verdadero toque esc\u00e9nico est\u00e1 en la parte superior: encima del sombrero, dos paquetes de regalo apilados sostienen un estilizado \u00e1rbol de Navidad, adornado con mini bolas rojas y purpurina dorada en la punta. <\/p>\n<p>Perfecta para crear ambientes c\u00e1lidos y acogedores, esta vela es ideal para decorar aparadores, mesas de fiesta o rincones especiales del hogar. Tambi\u00e9n es adecuada como regalo elegante y original para los amantes de la Navidad cl\u00e1sica. <\/p>\n<p><strong>Ideas de decoraci\u00f3n:<\/strong><br \/>\nComb\u00ednalo con la versi\u00f3n en papel de regalo para conseguir un efecto gemelo en una estanter\u00eda o como centro de mesa. Ideal en combinaci\u00f3n con decoraciones de cuento de hadas o de estilo tradicional. <\/p>\n<p><strong>Fortalezas:<\/strong><\/p>\n<ul>\n<li>Vela de cera detallada y pintada a mano<\/li>\n<li>Dise\u00f1o creativo con \u00e1rbol de Navidad de purpurina<\/li>\n<li>Colores navide\u00f1os intensos: rojo, verde y dorado<\/li>\n<li>Perfecto como decoraci\u00f3n navide\u00f1a o regalo<\/li>\n<li>33 cm de altura: presencia espectacular incluso en solitario<\/li>\n<\/ul>\n\n\t<section class=\"section linkified dark\" id=\"section_1846289212\">\n\t\t<div class=\"section-bg fill\" >\n\t\t\t<img loading=\"lazy\" decoding=\"async\" width=\"800\" height=\"213\" src=\"https:\/\/www.tendenzeshabbychic.it\/wp-content\/uploads\/2021\/09\/natale-hero-1-800x213.jpg\" class=\"bg attachment-medium size-medium\" alt=\"\" \/>\t\t\t\t\t\t<div class=\"section-bg-overlay absolute fill\"><\/div>\n\t\t\t\n\n\t\t<\/div>\n\n\t\t\n\n\t\t<div class=\"section-content relative\">\n\t\t\t\n\n<div class=\"row\"  id=\"row-1099275873\">\n\n\n\t<div id=\"col-400139178\" class=\"col small-12 large-12\"  >\n\t\t\t\t<div class=\"col-inner text-center\"  >\n\t\t\t\n\t\t\t\n\n<h3><span style=\"font-size: 180%;\">Navidad<\/span><\/h3>\n<p>Descubre la amplia selecci\u00f3n de productos para decorar tu hogar en Navidad.<\/p>\n<a href=\"https:\/\/www.tendenzeshabbychic.it\/es\/categoria-producto\/navidad\/\" class=\"button alert is-shade box-shadow-3 box-shadow-5-hover\" style=\"border-radius:5px;\">\n\t\t<span>haga clic aqu\u00ed<\/span>\n\t<\/a>\n\n\n\n\t\t<\/div>\n\t\t\t\t\t<\/div>\n\n\t\n\n<\/div>\n\n\t\t<\/div>\n\n\t\t\n<style>\n#section_1846289212 {\n  padding-top: 12px;\n  padding-bottom: 12px;\n}\n#section_1846289212 .section-bg-overlay {\n  background-color: rgba(0, 0, 0, 0.419);\n}\n#section_1846289212 .section-bg img {\n  object-position: 21% 51%;\n}\n@media (min-width:550px) {\n  #section_1846289212 {\n    padding-top: 57px;\n    padding-bottom: 57px;\n  }\n}\n<\/style>\n\t<\/section>\n\t\n","protected":false},"excerpt":{"rendered":"<p>Vela decorativa de cera con forma de cascanueces navide\u00f1o, con detalles rojos, verdes y dorados. El sombrero es un \u00e1rbol de Navidad superpuesto sobre envoltorios de regalo, todo adornado con purpurina y adornos pintados a mano. <\/p>\n<p>\ud83d\udccf 33 x 7 x 7 cm<\/p>\n","protected":false},"featured_media":200237,"comment_status":"open","ping_status":"closed","template":"","meta":{"_joinchat":[]},"pwb-brand":[2090],"product_brand":[],"product_cat":[2321,2371],"product_tag":[2456,2283],"class_list":{"0":"post-205735","1":"product","2":"type-product","3":"status-publish","4":"has-post-thumbnail","6":"pwb-brand-nuvole-di-stoffa-es","7":"product_cat-velas","8":"product_cat-navidad","9":"product_tag-cascanueces","10":"product_tag-idea-de-regalo","12":"first","13":"instock","14":"sale","15":"taxable","16":"shipping-taxable","17":"purchasable","18":"product-type-simple"},"brands":[{"id":2090,"name":"Nuvole di Stoffa","slug":"nuvole-di-stoffa-es"}],"_links":{"self":[{"href":"https:\/\/www.tendenzeshabbychic.it\/es\/wp-json\/wp\/v2\/product\/205735","targetHints":{"allow":["GET"]}}],"collection":[{"href":"https:\/\/www.tendenzeshabbychic.it\/es\/wp-json\/wp\/v2\/product"}],"about":[{"href":"https:\/\/www.tendenzeshabbychic.it\/es\/wp-json\/wp\/v2\/types\/product"}],"replies":[{"embeddable":true,"href":"https:\/\/www.tendenzeshabbychic.it\/es\/wp-json\/wp\/v2\/comments?post=205735"}],"wp:featuredmedia":[{"embeddable":true,"href":"https:\/\/www.tendenzeshabbychic.it\/es\/wp-json\/wp\/v2\/media\/200237"}],"wp:attachment":[{"href":"https:\/\/www.tendenzeshabbychic.it\/es\/wp-json\/wp\/v2\/media?parent=205735"}],"wp:term":[{"taxonomy":"pwb-brand","embeddable":true,"href":"https:\/\/www.tendenzeshabbychic.it\/es\/wp-json\/wp\/v2\/pwb-brand?post=205735"},{"taxonomy":"product_brand","embeddable":true,"href":"https:\/\/www.tendenzeshabbychic.it\/es\/wp-json\/wp\/v2\/product_brand?post=205735"},{"taxonomy":"product_cat","embeddable":true,"href":"https:\/\/www.tendenzeshabbychic.it\/es\/wp-json\/wp\/v2\/product_cat?post=205735"},{"taxonomy":"product_tag","embeddable":true,"href":"https:\/\/www.tendenzeshabbychic.it\/es\/wp-json\/wp\/v2\/product_tag?post=205735"}],"curies":[{"name":"wp","href":"https:\/\/api.w.org\/{rel}","templated":true}]}}