{"id":205730,"date":"2025-08-05T01:00:01","date_gmt":"2025-08-04T23:00:01","guid":{"rendered":"https:\/\/www.tendenzeshabbychic.it\/prodotto\/nuvole-di-stoffa-arbol-de-velas-con-bayas-h-22-cm\/"},"modified":"2026-01-26T20:56:45","modified_gmt":"2026-01-26T19:56:45","slug":"nuvole-di-stoffa-arbol-de-velas-con-bayas-h-22-cm","status":"publish","type":"product","link":"https:\/\/www.tendenzeshabbychic.it\/es\/producto\/nuvole-di-stoffa-arbol-de-velas-con-bayas-h-22-cm\/","title":{"rendered":"Nuvole di Stoffa \u00c1rbol de Velas con Bayas H 22 cm"},"content":{"rendered":"<p>La vela <em>Nuvole di Stoffa<\/em> en forma de \u00e1rbol con bayas es una peque\u00f1a obra maestra decorativa que combina realismo y poes\u00eda navide\u00f1a. Fabricada en cera con gran atenci\u00f3n al detalle, reproduce un abeto estilizado con ramas ricamente esculpidas y decorado con bayas rojas brillantes en relieve. La superficie est\u00e1 ligeramente rociada con purpurina efecto nieve para darle un toque brillante y festivo.  <\/p>\n<p>Con su forma esbelta y sus dimensiones compactas, es perfecta para adornar estanter\u00edas, mesas auxiliares o centros de mesa navide\u00f1os, sola o en combinaci\u00f3n con la versi\u00f3n m\u00e1s alta de 26 cm, creando una elegante composici\u00f3n de estilo natural.<\/p>\n<p><strong>Fortalezas:<\/strong><\/p>\n<ul>\n<li>Dise\u00f1o realista y tratamiento detallado de las ramas<\/li>\n<li>Bayas rojas en relieve y purpurina efecto nieve<\/li>\n<li>Estilo natural perfecto para ambientes shabby o r\u00fasticos<\/li>\n<li>F\u00e1cil de combinar con otros adornos navide\u00f1os<\/li>\n<li>Tambi\u00e9n es excelente como idea para un regalo de Navidad<\/li>\n<\/ul>\n\n\t<section class=\"section linkified dark\" id=\"section_69202363\">\n\t\t<div class=\"section-bg fill\" >\n\t\t\t<img loading=\"lazy\" decoding=\"async\" width=\"800\" height=\"213\" src=\"https:\/\/www.tendenzeshabbychic.it\/wp-content\/uploads\/2021\/09\/natale-hero-1-800x213.jpg\" class=\"bg attachment-medium size-medium\" alt=\"\" \/>\t\t\t\t\t\t<div class=\"section-bg-overlay absolute fill\"><\/div>\n\t\t\t\n\n\t\t<\/div>\n\n\t\t\n\n\t\t<div class=\"section-content relative\">\n\t\t\t\n\n<div class=\"row\"  id=\"row-1305925786\">\n\n\n\t<div id=\"col-416023341\" class=\"col small-12 large-12\"  >\n\t\t\t\t<div class=\"col-inner text-center\"  >\n\t\t\t\n\t\t\t\n\n<h3><span style=\"font-size: 180%;\">Navidad<\/span><\/h3>\n<p>Descubre la amplia selecci\u00f3n de productos para decorar tu hogar en Navidad.<\/p>\n<a href=\"https:\/\/www.tendenzeshabbychic.it\/es\/categoria-producto\/navidad\/\" class=\"button alert is-shade box-shadow-3 box-shadow-5-hover\" style=\"border-radius:5px;\">\n\t\t<span>haga clic aqu\u00ed<\/span>\n\t<\/a>\n\n\n\n\t\t<\/div>\n\t\t\t\t\t<\/div>\n\n\t\n\n<\/div>\n\n\t\t<\/div>\n\n\t\t\n<style>\n#section_69202363 {\n  padding-top: 12px;\n  padding-bottom: 12px;\n}\n#section_69202363 .section-bg-overlay {\n  background-color: rgba(0, 0, 0, 0.419);\n}\n#section_69202363 .section-bg img {\n  object-position: 21% 51%;\n}\n@media (min-width:550px) {\n  #section_69202363 {\n    padding-top: 57px;\n    padding-bottom: 57px;\n  }\n}\n<\/style>\n\t<\/section>\n\t\n","protected":false},"excerpt":{"rendered":"<p>Vela de cera moldeada en forma de \u00e1rbol de Navidad, con ramas cinceladas y bayas rojas en relieve. Tono verde abeto con detalles realistas y un ligero acabado brillante. Perfecta para decorar con gusto el hogar durante las fiestas.  <\/p>\n<p>\ud83d\udccf 22 x 8,5 x 8,5 cm<\/p>\n","protected":false},"featured_media":200246,"comment_status":"open","ping_status":"closed","template":"","meta":{"_joinchat":[]},"pwb-brand":[2090],"product_brand":[],"product_cat":[2321,2371],"product_tag":[2456,2283],"class_list":{"0":"post-205730","1":"product","2":"type-product","3":"status-publish","4":"has-post-thumbnail","6":"pwb-brand-nuvole-di-stoffa-es","7":"product_cat-velas","8":"product_cat-navidad","9":"product_tag-cascanueces","10":"product_tag-idea-de-regalo","12":"first","13":"instock","14":"sale","15":"taxable","16":"shipping-taxable","17":"purchasable","18":"product-type-simple"},"brands":[{"id":2090,"name":"Nuvole di Stoffa","slug":"nuvole-di-stoffa-es"}],"_links":{"self":[{"href":"https:\/\/www.tendenzeshabbychic.it\/es\/wp-json\/wp\/v2\/product\/205730","targetHints":{"allow":["GET"]}}],"collection":[{"href":"https:\/\/www.tendenzeshabbychic.it\/es\/wp-json\/wp\/v2\/product"}],"about":[{"href":"https:\/\/www.tendenzeshabbychic.it\/es\/wp-json\/wp\/v2\/types\/product"}],"replies":[{"embeddable":true,"href":"https:\/\/www.tendenzeshabbychic.it\/es\/wp-json\/wp\/v2\/comments?post=205730"}],"wp:featuredmedia":[{"embeddable":true,"href":"https:\/\/www.tendenzeshabbychic.it\/es\/wp-json\/wp\/v2\/media\/200246"}],"wp:attachment":[{"href":"https:\/\/www.tendenzeshabbychic.it\/es\/wp-json\/wp\/v2\/media?parent=205730"}],"wp:term":[{"taxonomy":"pwb-brand","embeddable":true,"href":"https:\/\/www.tendenzeshabbychic.it\/es\/wp-json\/wp\/v2\/pwb-brand?post=205730"},{"taxonomy":"product_brand","embeddable":true,"href":"https:\/\/www.tendenzeshabbychic.it\/es\/wp-json\/wp\/v2\/product_brand?post=205730"},{"taxonomy":"product_cat","embeddable":true,"href":"https:\/\/www.tendenzeshabbychic.it\/es\/wp-json\/wp\/v2\/product_cat?post=205730"},{"taxonomy":"product_tag","embeddable":true,"href":"https:\/\/www.tendenzeshabbychic.it\/es\/wp-json\/wp\/v2\/product_tag?post=205730"}],"curies":[{"name":"wp","href":"https:\/\/api.w.org\/{rel}","templated":true}]}}