{"id":205617,"date":"2025-12-16T20:45:53","date_gmt":"2025-12-16T19:45:53","guid":{"rendered":"https:\/\/www.tendenzeshabbychic.it\/prodotto\/corazon-blanqueado-con-base-de-madera-h-150-cm-bosco-incantato\/"},"modified":"2025-10-16T20:45:53","modified_gmt":"2025-10-16T18:45:53","slug":"corazon-blanqueado-con-base-de-madera-h-150-cm-bosco-incantato","status":"publish","type":"product","link":"https:\/\/www.tendenzeshabbychic.it\/es\/producto\/corazon-blanqueado-con-base-de-madera-h-150-cm-bosco-incantato\/","title":{"rendered":"Coraz\u00f3n Blanqueado con Base de Madera &#8211; H 150 cm &#8211; Bosco Incantato"},"content":{"rendered":"<p>El <strong>coraz\u00f3n blanqueado con base de madera de<\/strong> 150 cm de la l\u00ednea <em>Bosco Incantato<\/em> es una decoraci\u00f3n esc\u00e9nica de fuerte impacto visual. Fabricado en madera con acabado blanqueado y montado sobre un v\u00e1stago met\u00e1lico con base estable, se adapta perfectamente a grandes espacios, entradas, locales comerciales o escaparates. <\/p>\n<p>Su dise\u00f1o sencillo pero emotivo lo convierte en un mueble vers\u00e1til, perfecto para ambientes c\u00e1lidos y acogedores.<\/p>\n<ul>\n<li>Altura total: 150 cm<\/li>\n<li>Material: madera natural y metal<\/li>\n<li>Acabado blanqueado efecto vintage<\/li>\n<li>Robusta base de madera<\/li>\n<li>Preparativos escenogr\u00e1ficos<\/li>\n<li>Decoraciones estacionales o rom\u00e1nticas<\/li>\n<li>Escaparates y espacios comerciales<\/li>\n<li>Ambientes r\u00fasticos o Shabby Chic<\/li>\n<\/ul>\n\n\t<section class=\"section linkified dark\" id=\"section_1544840072\">\n\t\t<div class=\"section-bg fill\" >\n\t\t\t<img loading=\"lazy\" decoding=\"async\" width=\"800\" height=\"213\" src=\"https:\/\/www.tendenzeshabbychic.it\/wp-content\/uploads\/2021\/09\/natale-hero-1-800x213.jpg\" class=\"bg attachment-medium size-medium\" alt=\"\" \/>\t\t\t\t\t\t<div class=\"section-bg-overlay absolute fill\"><\/div>\n\t\t\t\n\n\t\t<\/div>\n\n\t\t\n\n\t\t<div class=\"section-content relative\">\n\t\t\t\n\n<div class=\"row\"  id=\"row-1399644996\">\n\n\n\t<div id=\"col-1449551933\" class=\"col small-12 large-12\"  >\n\t\t\t\t<div class=\"col-inner text-center\"  >\n\t\t\t\n\t\t\t\n\n<h3><span style=\"font-size: 180%;\">Navidad<\/span><\/h3>\n<p>Descubre la amplia selecci\u00f3n de productos para decorar tu hogar en Navidad.<\/p>\n<a href=\"https:\/\/www.tendenzeshabbychic.it\/es\/categoria-producto\/navidad\/\" class=\"button alert is-shade box-shadow-3 box-shadow-5-hover\" style=\"border-radius:5px;\">\n\t\t<span>haga clic aqu\u00ed<\/span>\n\t<\/a>\n\n\n\n\t\t<\/div>\n\t\t\t\t\t<\/div>\n\n\t\n\n<\/div>\n\n\t\t<\/div>\n\n\t\t\n<style>\n#section_1544840072 {\n  padding-top: 12px;\n  padding-bottom: 12px;\n}\n#section_1544840072 .section-bg-overlay {\n  background-color: rgba(0, 0, 0, 0.419);\n}\n#section_1544840072 .section-bg img {\n  object-position: 21% 51%;\n}\n@media (min-width:550px) {\n  #section_1544840072 {\n    padding-top: 57px;\n    padding-bottom: 57px;\n  }\n}\n<\/style>\n\t<\/section>\n\t\n","protected":false},"excerpt":{"rendered":"<p>Coraz\u00f3n decorativo de madera blanqueada sobre tallo de 150 cm de altura. Un toque elegante y natural para ambientes r\u00fasticos y rom\u00e1nticos. <\/p>\n<p>\u2764\ufe0f Coraz\u00f3n decorativo en la base<br \/>\n\ud83d\udccf Altura: 150 cm<br \/>\n\ud83e\udeb5 Madera con efecto blanqueado<br \/>\n\ud83c\udfe1 Perfecto para interiores o vitrinas<\/p>\n","protected":false},"featured_media":200165,"comment_status":"open","ping_status":"closed","template":"","meta":{"_joinchat":[]},"pwb-brand":[713],"product_brand":[],"product_cat":[2396],"product_tag":[523,3130],"class_list":{"0":"post-205617","1":"product","2":"type-product","3":"status-publish","4":"has-post-thumbnail","6":"pwb-brand-nuvole-di-stoffa","7":"product_cat-objetos","8":"product_tag-idea-regalo","9":"product_tag-san-valentino","11":"first","12":"instock","13":"taxable","14":"shipping-taxable","15":"purchasable","16":"product-type-simple"},"brands":[{"id":2090,"name":"Nuvole di Stoffa","slug":"nuvole-di-stoffa-es"}],"_links":{"self":[{"href":"https:\/\/www.tendenzeshabbychic.it\/es\/wp-json\/wp\/v2\/product\/205617","targetHints":{"allow":["GET"]}}],"collection":[{"href":"https:\/\/www.tendenzeshabbychic.it\/es\/wp-json\/wp\/v2\/product"}],"about":[{"href":"https:\/\/www.tendenzeshabbychic.it\/es\/wp-json\/wp\/v2\/types\/product"}],"replies":[{"embeddable":true,"href":"https:\/\/www.tendenzeshabbychic.it\/es\/wp-json\/wp\/v2\/comments?post=205617"}],"wp:featuredmedia":[{"embeddable":true,"href":"https:\/\/www.tendenzeshabbychic.it\/es\/wp-json\/wp\/v2\/media\/200165"}],"wp:attachment":[{"href":"https:\/\/www.tendenzeshabbychic.it\/es\/wp-json\/wp\/v2\/media?parent=205617"}],"wp:term":[{"taxonomy":"pwb-brand","embeddable":true,"href":"https:\/\/www.tendenzeshabbychic.it\/es\/wp-json\/wp\/v2\/pwb-brand?post=205617"},{"taxonomy":"product_brand","embeddable":true,"href":"https:\/\/www.tendenzeshabbychic.it\/es\/wp-json\/wp\/v2\/product_brand?post=205617"},{"taxonomy":"product_cat","embeddable":true,"href":"https:\/\/www.tendenzeshabbychic.it\/es\/wp-json\/wp\/v2\/product_cat?post=205617"},{"taxonomy":"product_tag","embeddable":true,"href":"https:\/\/www.tendenzeshabbychic.it\/es\/wp-json\/wp\/v2\/product_tag?post=205617"}],"curies":[{"name":"wp","href":"https:\/\/api.w.org\/{rel}","templated":true}]}}