{"id":205482,"date":"2025-10-12T00:00:01","date_gmt":"2025-10-11T22:00:01","guid":{"rendered":"https:\/\/www.tendenzeshabbychic.it\/prodotto\/essenza-di-sole-difusor-en-stick-500-ml\/"},"modified":"2025-10-16T22:42:30","modified_gmt":"2025-10-16T20:42:30","slug":"essenza-di-sole-difusor-en-stick-500-ml","status":"publish","type":"product","link":"https:\/\/www.tendenzeshabbychic.it\/es\/producto\/essenza-di-sole-difusor-en-stick-500-ml\/","title":{"rendered":"Essenza di Sole &#8211; Difusor en Stick 500 ml"},"content":{"rendered":"<p>Essenza di Sole es una esencia de pura elegancia. Una fragancia que calienta el alma con la dulzura del higo y la sensualidad de la rosa. Perfecta para los amantes de los ambientes soleados, sofisticados y refinados.  <\/p>\n<p>Ideal para los amantes de la belleza intemporal y el refinamiento de las esencias m\u00e1s exclusivas.<\/p>\n<ul>\n<li>Dimensiones de la botella: 8 x 8 h 18 cm<\/li>\n<li>Dimensiones de la caja: 9 x 9 x h 34 cm<\/li>\n<\/ul>\n","protected":false},"excerpt":{"rendered":"<p>Difusor de varillas de 500 ml dise\u00f1ado para transformar cualquier habitaci\u00f3n en un espacio \u00edntimo y seductor con 7 varillas de 35 cm. Una fragancia envolvente y sensual de higo y rosa. Perfecto para ambientes con clase.  <\/p>\n<p><strong>Pir\u00e1mide olfativa:<\/strong><\/p>\n<ul>\n<li>Notas de salida: Higo verde, Hojas de lim\u00f3n<\/li>\n<li>Notas de coraz\u00f3n: P\u00e9talos de rosa, Lirio de los valles<\/li>\n<li>Notas de fondo: Madera clara, Almizcle blanco<\/li>\n<\/ul>\n","protected":false},"featured_media":205440,"comment_status":"open","ping_status":"closed","template":"","meta":{"_joinchat":[]},"pwb-brand":[2093],"product_brand":[],"product_cat":[2342,2344],"product_tag":[2283,2259],"class_list":{"0":"post-205482","1":"product","2":"type-product","3":"status-publish","4":"has-post-thumbnail","6":"pwb-brand-tendenze-shabby-chic-es","7":"product_cat-difusores-de-cana","8":"product_cat-perfumistas","9":"product_tag-idea-de-regalo","10":"product_tag-made-in-italy-es","12":"first","13":"instock","14":"taxable","15":"shipping-taxable","16":"purchasable","17":"product-type-simple"},"brands":[{"id":2093,"name":"Tendenze Shabby Chic","slug":"tendenze-shabby-chic-es"}],"_links":{"self":[{"href":"https:\/\/www.tendenzeshabbychic.it\/es\/wp-json\/wp\/v2\/product\/205482","targetHints":{"allow":["GET"]}}],"collection":[{"href":"https:\/\/www.tendenzeshabbychic.it\/es\/wp-json\/wp\/v2\/product"}],"about":[{"href":"https:\/\/www.tendenzeshabbychic.it\/es\/wp-json\/wp\/v2\/types\/product"}],"replies":[{"embeddable":true,"href":"https:\/\/www.tendenzeshabbychic.it\/es\/wp-json\/wp\/v2\/comments?post=205482"}],"wp:featuredmedia":[{"embeddable":true,"href":"https:\/\/www.tendenzeshabbychic.it\/es\/wp-json\/wp\/v2\/media\/205440"}],"wp:attachment":[{"href":"https:\/\/www.tendenzeshabbychic.it\/es\/wp-json\/wp\/v2\/media?parent=205482"}],"wp:term":[{"taxonomy":"pwb-brand","embeddable":true,"href":"https:\/\/www.tendenzeshabbychic.it\/es\/wp-json\/wp\/v2\/pwb-brand?post=205482"},{"taxonomy":"product_brand","embeddable":true,"href":"https:\/\/www.tendenzeshabbychic.it\/es\/wp-json\/wp\/v2\/product_brand?post=205482"},{"taxonomy":"product_cat","embeddable":true,"href":"https:\/\/www.tendenzeshabbychic.it\/es\/wp-json\/wp\/v2\/product_cat?post=205482"},{"taxonomy":"product_tag","embeddable":true,"href":"https:\/\/www.tendenzeshabbychic.it\/es\/wp-json\/wp\/v2\/product_tag?post=205482"}],"curies":[{"name":"wp","href":"https:\/\/api.w.org\/{rel}","templated":true}]}}