{"id":205094,"date":"2025-08-06T01:00:01","date_gmt":"2025-08-05T23:00:01","guid":{"rendered":"https:\/\/www.tendenzeshabbychic.it\/prodotto\/edg-arbol-vela-bosque-nordico-rojo-h20-cm\/"},"modified":"2025-10-13T14:52:08","modified_gmt":"2025-10-13T12:52:08","slug":"edg-arbol-vela-bosque-nordico-rojo-h20-cm","status":"publish","type":"product","link":"https:\/\/www.tendenzeshabbychic.it\/es\/producto\/edg-arbol-vela-bosque-nordico-rojo-h20-cm\/","title":{"rendered":"EDG \u00c1rbol Vela Bosque N\u00f3rdico Rojo H20 cm"},"content":{"rendered":"<p>La vela arom\u00e1tica EDG de la colecci\u00f3n Bosque N\u00f3rdico se distingue por su elegante forma estilizada de pino en brillante cristal rojo burdeos con efecto plisado. El recipiente reutilizable contiene una vela arom\u00e1tica con la fragancia Ar\u00e1ndanos y Granada, ideal para difundir un c\u00e1lido ambiente navide\u00f1o. Perfecto para decorar aparadores, mesas o chimeneas con un toque refinado y festivo.  <\/p>\n<ul>\n<li>Elegante dise\u00f1o navide\u00f1o en cristal rojo plisado<\/li>\n<li>Fragancia intensa de Ar\u00e1ndanos y Granada<\/li>\n<li>Duraci\u00f3n 45 horas &#8211; 230 g de cera<\/li>\n<li>Recipiente decorativo reutilizable<\/li>\n<li>Envoltorio de regalo ideal<\/li>\n<\/ul>\n\n\t<section class=\"section linkified dark\" id=\"section_607677491\">\n\t\t<div class=\"section-bg fill\" >\n\t\t\t<img loading=\"lazy\" decoding=\"async\" width=\"800\" height=\"213\" src=\"https:\/\/www.tendenzeshabbychic.it\/wp-content\/uploads\/2021\/09\/natale-hero-1-800x213.jpg\" class=\"bg attachment-medium size-medium\" alt=\"\" \/>\t\t\t\t\t\t<div class=\"section-bg-overlay absolute fill\"><\/div>\n\t\t\t\n\n\t\t<\/div>\n\n\t\t\n\n\t\t<div class=\"section-content relative\">\n\t\t\t\n\n<div class=\"row\"  id=\"row-583763419\">\n\n\n\t<div id=\"col-2019367901\" class=\"col small-12 large-12\"  >\n\t\t\t\t<div class=\"col-inner text-center\"  >\n\t\t\t\n\t\t\t\n\n<h3><span style=\"font-size: 180%;\">Navidad<\/span><\/h3>\n<p>Descubre la amplia selecci\u00f3n de productos para decorar tu hogar en Navidad.<\/p>\n<a href=\"https:\/\/www.tendenzeshabbychic.it\/es\/categoria-producto\/navidad\/\" class=\"button alert is-shade box-shadow-3 box-shadow-5-hover\" style=\"border-radius:5px;\">\n\t\t<span>haga clic aqu\u00ed<\/span>\n\t<\/a>\n\n\n\n\t\t<\/div>\n\t\t\t\t\t<\/div>\n\n\t\n\n<\/div>\n\n\t\t<\/div>\n\n\t\t\n<style>\n#section_607677491 {\n  padding-top: 12px;\n  padding-bottom: 12px;\n}\n#section_607677491 .section-bg-overlay {\n  background-color: rgba(0, 0, 0, 0.419);\n}\n#section_607677491 .section-bg img {\n  object-position: 21% 51%;\n}\n@media (min-width:550px) {\n  #section_607677491 {\n    padding-top: 57px;\n    padding-bottom: 57px;\n  }\n}\n<\/style>\n\t<\/section>\n\t\n","protected":false},"excerpt":{"rendered":"<p>Vela perfumada con forma de \u00e1rbol en vidrio rojo burdeos con acabado pulido y plisado. Elegante caja de regalo. <\/p>\n<p>\ud83d\udccf Alto 20 x Ancho 13 x Fondo 8 cm &#8211; 230 GR &#8211; 45H durabilidad<\/p>\n<p>&nbsp;<\/p>\n","protected":false},"featured_media":189964,"comment_status":"open","ping_status":"closed","template":"","meta":{"_joinchat":[]},"pwb-brand":[2084],"product_brand":[],"product_cat":[2321,2320,2371,2343],"product_tag":[2283],"class_list":{"0":"post-205094","1":"product","2":"type-product","3":"status-publish","4":"has-post-thumbnail","6":"pwb-brand-edg-enzo-de-gasperi","7":"product_cat-velas","8":"product_cat-candelabros-y-portavelas","9":"product_cat-navidad","10":"product_cat-velas-perfumadas","11":"product_tag-idea-de-regalo","13":"first","14":"instock","15":"sale","16":"taxable","17":"shipping-taxable","18":"purchasable","19":"product-type-simple"},"brands":[{"id":2084,"name":"EDG - Enzo De Gasperi","slug":"edg-enzo-de-gasperi"}],"_links":{"self":[{"href":"https:\/\/www.tendenzeshabbychic.it\/es\/wp-json\/wp\/v2\/product\/205094","targetHints":{"allow":["GET"]}}],"collection":[{"href":"https:\/\/www.tendenzeshabbychic.it\/es\/wp-json\/wp\/v2\/product"}],"about":[{"href":"https:\/\/www.tendenzeshabbychic.it\/es\/wp-json\/wp\/v2\/types\/product"}],"replies":[{"embeddable":true,"href":"https:\/\/www.tendenzeshabbychic.it\/es\/wp-json\/wp\/v2\/comments?post=205094"}],"wp:featuredmedia":[{"embeddable":true,"href":"https:\/\/www.tendenzeshabbychic.it\/es\/wp-json\/wp\/v2\/media\/189964"}],"wp:attachment":[{"href":"https:\/\/www.tendenzeshabbychic.it\/es\/wp-json\/wp\/v2\/media?parent=205094"}],"wp:term":[{"taxonomy":"pwb-brand","embeddable":true,"href":"https:\/\/www.tendenzeshabbychic.it\/es\/wp-json\/wp\/v2\/pwb-brand?post=205094"},{"taxonomy":"product_brand","embeddable":true,"href":"https:\/\/www.tendenzeshabbychic.it\/es\/wp-json\/wp\/v2\/product_brand?post=205094"},{"taxonomy":"product_cat","embeddable":true,"href":"https:\/\/www.tendenzeshabbychic.it\/es\/wp-json\/wp\/v2\/product_cat?post=205094"},{"taxonomy":"product_tag","embeddable":true,"href":"https:\/\/www.tendenzeshabbychic.it\/es\/wp-json\/wp\/v2\/product_tag?post=205094"}],"curies":[{"name":"wp","href":"https:\/\/api.w.org\/{rel}","templated":true}]}}