{"id":204633,"date":"2025-10-06T12:54:46","date_gmt":"2025-10-06T10:54:46","guid":{"rendered":"https:\/\/www.tendenzeshabbychic.it\/prodotto\/blanc-mariclo-busto-resina-mujer-h-61-cm\/"},"modified":"2025-10-06T12:54:46","modified_gmt":"2025-10-06T10:54:46","slug":"blanc-mariclo-busto-resina-mujer-h-61-cm","status":"publish","type":"product","link":"https:\/\/www.tendenzeshabbychic.it\/es\/producto\/blanc-mariclo-busto-resina-mujer-h-61-cm\/","title":{"rendered":"Blanc MariClo&#8217; Busto Resina Mujer h 61 cm"},"content":{"rendered":"<p>Este busto decorativo de Blanc MariClo&#8217; representa una figura femenina envuelta en un suave drapeado, con una corona de hojas en la cabeza que recuerda s\u00edmbolos de la naturaleza y la antig\u00fcedad. Fabricado en resina con un acabado envejecido efecto piedra, esta pieza confiere elegancia y personalidad a cualquier estancia, desde el recibidor hasta la librer\u00eda, pasando por el invernadero. Un recuerdo de la belleza escult\u00f3rica cl\u00e1sica reinterpretada en clave Shabby Chic.  <\/p>\n<p><strong>Fortalezas:<\/strong><\/p>\n<ul>\n<li>Detalles esculpidos con una expresi\u00f3n serena y realista<\/li>\n<li>Acabado efecto piedra con aspecto antiguo<\/li>\n<li>Material duradero y ligero<\/li>\n<li>Estilo decorativo perfecto para dentro o fuera de casa<\/li>\n<li>Ideal como punto focal en una consola o librer\u00eda<\/li>\n<\/ul>\n","protected":false},"excerpt":{"rendered":"<p>Busto decorativo de resina efecto piedra con figura femenina drapeada y corona de hojas, de estilo cl\u00e1sico.<\/p>\n<p>\ud83d\udccf 61 x 37 x 21 cm<\/p>\n","protected":false},"featured_media":194358,"comment_status":"open","ping_status":"closed","template":"","meta":{"_joinchat":[]},"pwb-brand":[1561],"product_brand":[],"product_cat":[2396],"product_tag":[3276,1296,1310,1330],"class_list":{"0":"post-204633","1":"product","2":"type-product","3":"status-publish","4":"has-post-thumbnail","6":"pwb-brand-blanc-mariclo-fr","7":"product_cat-objetos","8":"product_tag-antiqua-domus-fr","9":"product_tag-idee-de-cadeau","10":"product_tag-patine-vintage","11":"product_tag-vintage-fr","13":"first","14":"instock","15":"taxable","16":"shipping-taxable","17":"purchasable","18":"product-type-simple"},"brands":[{"id":2076,"name":"Blanc Mariclo","slug":"blanc-mariclo-es"}],"_links":{"self":[{"href":"https:\/\/www.tendenzeshabbychic.it\/es\/wp-json\/wp\/v2\/product\/204633","targetHints":{"allow":["GET"]}}],"collection":[{"href":"https:\/\/www.tendenzeshabbychic.it\/es\/wp-json\/wp\/v2\/product"}],"about":[{"href":"https:\/\/www.tendenzeshabbychic.it\/es\/wp-json\/wp\/v2\/types\/product"}],"replies":[{"embeddable":true,"href":"https:\/\/www.tendenzeshabbychic.it\/es\/wp-json\/wp\/v2\/comments?post=204633"}],"wp:featuredmedia":[{"embeddable":true,"href":"https:\/\/www.tendenzeshabbychic.it\/es\/wp-json\/wp\/v2\/media\/194358"}],"wp:attachment":[{"href":"https:\/\/www.tendenzeshabbychic.it\/es\/wp-json\/wp\/v2\/media?parent=204633"}],"wp:term":[{"taxonomy":"pwb-brand","embeddable":true,"href":"https:\/\/www.tendenzeshabbychic.it\/es\/wp-json\/wp\/v2\/pwb-brand?post=204633"},{"taxonomy":"product_brand","embeddable":true,"href":"https:\/\/www.tendenzeshabbychic.it\/es\/wp-json\/wp\/v2\/product_brand?post=204633"},{"taxonomy":"product_cat","embeddable":true,"href":"https:\/\/www.tendenzeshabbychic.it\/es\/wp-json\/wp\/v2\/product_cat?post=204633"},{"taxonomy":"product_tag","embeddable":true,"href":"https:\/\/www.tendenzeshabbychic.it\/es\/wp-json\/wp\/v2\/product_tag?post=204633"}],"curies":[{"name":"wp","href":"https:\/\/api.w.org\/{rel}","templated":true}]}}