{"id":203884,"date":"2025-08-08T01:00:01","date_gmt":"2025-08-07T23:00:01","guid":{"rendered":"https:\/\/www.tendenzeshabbychic.it\/prodotto\/edg-potpourri-invierno-200g-h20-cm\/"},"modified":"2026-01-26T20:59:41","modified_gmt":"2026-01-26T19:59:41","slug":"edg-potpourri-invierno-200g-h20-cm","status":"publish","type":"product","link":"https:\/\/www.tendenzeshabbychic.it\/es\/producto\/edg-potpourri-invierno-200g-h20-cm\/","title":{"rendered":"EDG Potpourri Invierno 200g H20 cm"},"content":{"rendered":"<p>El popurr\u00ed de invierno de EDG es una refinada mezcla de elementos decorativos naturales y arom\u00e1ticos, envasados en elegantes bolsas de polietileno con el logotipo impreso. Cada paquete contiene 200 g de p\u00e9talos, flores y especias en colores de temporada que van del rojo intenso al beige dorado. Las cuatro fragancias surtidas evocan atm\u00f3sferas c\u00e1lidas y acogedoras, perfectas para ambientes acogedores y cuidados. Ideales para combinar con cuencos de cristal, jarrones o centros de mesa para conseguir un efecto decorativo y arom\u00e1tico.   <\/p>\n<ul>\n<li>4 fragancias exclusivas de invierno<\/li>\n<li>P\u00e9talos, flores y especias decorativas naturales<\/li>\n<li>Elegante embalaje con el logotipo de EDG<\/li>\n<li>Ideal para perfumar y decorar habitaciones<\/li>\n<li>Perfecto en combinaci\u00f3n con los jarrones de cristal EDG<\/li>\n<\/ul>\n","protected":false},"excerpt":{"rendered":"<p>Popurr\u00ed decorativo en bolsa de polietileno EDG, 4 fragancias invernales surtidas. Flores y p\u00e9talos en matices c\u00e1lidos y envolventes. <\/p>\n<p>\ud83d\udccf Alto 20 x Ancho 12,5 cm<\/p>\n","protected":false},"featured_media":189022,"comment_status":"open","ping_status":"closed","template":"","meta":{"_joinchat":[]},"pwb-brand":[2084],"product_brand":[],"product_cat":[2371,2344],"product_tag":[2283],"class_list":{"0":"post-203884","1":"product","2":"type-product","3":"status-publish","4":"has-post-thumbnail","6":"pwb-brand-edg-enzo-de-gasperi","7":"product_cat-navidad","8":"product_cat-perfumistas","9":"product_tag-idea-de-regalo","11":"first","12":"instock","13":"sale","14":"taxable","15":"shipping-taxable","16":"purchasable","17":"product-type-variable"},"brands":[{"id":2084,"name":"EDG - Enzo De Gasperi","slug":"edg-enzo-de-gasperi"}],"_links":{"self":[{"href":"https:\/\/www.tendenzeshabbychic.it\/es\/wp-json\/wp\/v2\/product\/203884","targetHints":{"allow":["GET"]}}],"collection":[{"href":"https:\/\/www.tendenzeshabbychic.it\/es\/wp-json\/wp\/v2\/product"}],"about":[{"href":"https:\/\/www.tendenzeshabbychic.it\/es\/wp-json\/wp\/v2\/types\/product"}],"replies":[{"embeddable":true,"href":"https:\/\/www.tendenzeshabbychic.it\/es\/wp-json\/wp\/v2\/comments?post=203884"}],"wp:featuredmedia":[{"embeddable":true,"href":"https:\/\/www.tendenzeshabbychic.it\/es\/wp-json\/wp\/v2\/media\/189022"}],"wp:attachment":[{"href":"https:\/\/www.tendenzeshabbychic.it\/es\/wp-json\/wp\/v2\/media?parent=203884"}],"wp:term":[{"taxonomy":"pwb-brand","embeddable":true,"href":"https:\/\/www.tendenzeshabbychic.it\/es\/wp-json\/wp\/v2\/pwb-brand?post=203884"},{"taxonomy":"product_brand","embeddable":true,"href":"https:\/\/www.tendenzeshabbychic.it\/es\/wp-json\/wp\/v2\/product_brand?post=203884"},{"taxonomy":"product_cat","embeddable":true,"href":"https:\/\/www.tendenzeshabbychic.it\/es\/wp-json\/wp\/v2\/product_cat?post=203884"},{"taxonomy":"product_tag","embeddable":true,"href":"https:\/\/www.tendenzeshabbychic.it\/es\/wp-json\/wp\/v2\/product_tag?post=203884"}],"curies":[{"name":"wp","href":"https:\/\/api.w.org\/{rel}","templated":true}]}}