{"id":203859,"date":"2025-08-08T01:00:01","date_gmt":"2025-08-07T23:00:01","guid":{"rendered":"https:\/\/www.tendenzeshabbychic.it\/prodotto\/edg-corona-lumiere-75-cm-1800-microled\/"},"modified":"2025-10-30T00:19:29","modified_gmt":"2025-10-29T23:19:29","slug":"edg-corona-lumiere-75-cm-1800-microled","status":"publish","type":"product","link":"https:\/\/www.tendenzeshabbychic.it\/es\/producto\/edg-corona-lumiere-75-cm-1800-microled\/","title":{"rendered":"EDG Corona Lumiere 75 cm 1800 Microled"},"content":{"rendered":"<p>La corona <em>Lumiere<\/em> LED de EDG es una impresionante luminaria decorativa, perfecta para a\u00f1adir un toque dram\u00e1tico y elegante a cualquier habitaci\u00f3n. Fabricada en metal dorado, presenta una estructura tejida con alambres flexibles que se abren din\u00e1micamente, iluminados por nada menos que 1800 fuentes de luz fijas microled. La disposici\u00f3n de los hilos crea un sofisticado y contempor\u00e1neo efecto de \u00abramas luminosas\u00bb, ideal para colgar en puertas, paredes o escaparates.  <\/p>\n<p>Su estilo moderno tambi\u00e9n la hace perfecta para ambientes minimalistas, mientras que la luz c\u00e1lida contribuye a crear una atm\u00f3sfera acogedora y festiva.<\/p>\n<ul>\n<li>1800 microleds de luz fija para un brillo intenso<\/li>\n<li>Dise\u00f1o art\u00edstico y aireado con cables de luz flotantes<\/li>\n<li>Elegante y duradera estructura de metal dorado<\/li>\n<li>F\u00e1cil de colgar, con cable de 5 metros de longitud<\/li>\n<li>Tambi\u00e9n apto para uso exterior cubierto (IP44)<\/li>\n<\/ul>\n\n\t<section class=\"section linkified dark\" id=\"section_1892651927\">\n\t\t<div class=\"section-bg fill\" >\n\t\t\t<img loading=\"lazy\" decoding=\"async\" width=\"800\" height=\"213\" src=\"https:\/\/www.tendenzeshabbychic.it\/wp-content\/uploads\/2021\/09\/natale-hero-1-800x213.jpg\" class=\"bg attachment-medium size-medium\" alt=\"\" \/>\t\t\t\t\t\t<div class=\"section-bg-overlay absolute fill\"><\/div>\n\t\t\t\n\n\t\t<\/div>\n\n\t\t\n\n\t\t<div class=\"section-content relative\">\n\t\t\t\n\n<div class=\"row\"  id=\"row-1176564429\">\n\n\n\t<div id=\"col-184094285\" class=\"col small-12 large-12\"  >\n\t\t\t\t<div class=\"col-inner text-center\"  >\n\t\t\t\n\t\t\t\n\n<h3><span style=\"font-size: 180%;\">Navidad<\/span><\/h3>\n<p>Descubre la amplia selecci\u00f3n de productos para decorar tu hogar en Navidad.<\/p>\n<a href=\"https:\/\/www.tendenzeshabbychic.it\/es\/categoria-producto\/navidad\/\" class=\"button alert is-shade box-shadow-3 box-shadow-5-hover\" style=\"border-radius:5px;\">\n\t\t<span>haga clic aqu\u00ed<\/span>\n\t<\/a>\n\n\n\n\t\t<\/div>\n\t\t\t\t\t<\/div>\n\n\t\n\n<\/div>\n\n\t\t<\/div>\n\n\t\t\n<style>\n#section_1892651927 {\n  padding-top: 12px;\n  padding-bottom: 12px;\n}\n#section_1892651927 .section-bg-overlay {\n  background-color: rgba(0, 0, 0, 0.419);\n}\n#section_1892651927 .section-bg img {\n  object-position: 21% 51%;\n}\n@media (min-width:550px) {\n  #section_1892651927 {\n    padding-top: 57px;\n    padding-bottom: 57px;\n  }\n}\n<\/style>\n\t<\/section>\n\t\n","protected":false},"excerpt":{"rendered":"<p>Guirnalda luminosa de metal dorado, con cables trenzados y 1800 microled de luz fija. Dise\u00f1o esc\u00e9nico y refinado para colgar. <\/p>\n<p>\ud83d\udccf Di\u00e1metro 75 cm<\/p>\n<p><iframe loading=\"lazy\" title=\"Corona di LED Lumiere\" src=\"https:\/\/www.youtube.com\/embed\/URIr6lBfyI4\" width=\"458\" height=\"815\" frameborder=\"0\" allowfullscreen=\"allowfullscreen\"><\/iframe><\/p>\n","protected":false},"featured_media":190143,"comment_status":"open","ping_status":"closed","template":"","meta":{"_joinchat":[]},"pwb-brand":[2084],"product_brand":[],"product_cat":[3353,2371],"product_tag":[3138,2941],"class_list":{"0":"post-203859","1":"product","2":"type-product","3":"status-publish","4":"has-post-thumbnail","6":"pwb-brand-edg-enzo-de-gasperi","7":"product_cat-decoraciones-navidenas-brillantes","8":"product_cat-navidad","9":"product_tag-adornos-y-guirnaldas","10":"product_tag-jardin-es","12":"first","13":"instock","14":"sale","15":"taxable","16":"shipping-taxable","17":"purchasable","18":"product-type-simple"},"brands":[{"id":2084,"name":"EDG - Enzo De Gasperi","slug":"edg-enzo-de-gasperi"}],"_links":{"self":[{"href":"https:\/\/www.tendenzeshabbychic.it\/es\/wp-json\/wp\/v2\/product\/203859","targetHints":{"allow":["GET"]}}],"collection":[{"href":"https:\/\/www.tendenzeshabbychic.it\/es\/wp-json\/wp\/v2\/product"}],"about":[{"href":"https:\/\/www.tendenzeshabbychic.it\/es\/wp-json\/wp\/v2\/types\/product"}],"replies":[{"embeddable":true,"href":"https:\/\/www.tendenzeshabbychic.it\/es\/wp-json\/wp\/v2\/comments?post=203859"}],"wp:featuredmedia":[{"embeddable":true,"href":"https:\/\/www.tendenzeshabbychic.it\/es\/wp-json\/wp\/v2\/media\/190143"}],"wp:attachment":[{"href":"https:\/\/www.tendenzeshabbychic.it\/es\/wp-json\/wp\/v2\/media?parent=203859"}],"wp:term":[{"taxonomy":"pwb-brand","embeddable":true,"href":"https:\/\/www.tendenzeshabbychic.it\/es\/wp-json\/wp\/v2\/pwb-brand?post=203859"},{"taxonomy":"product_brand","embeddable":true,"href":"https:\/\/www.tendenzeshabbychic.it\/es\/wp-json\/wp\/v2\/product_brand?post=203859"},{"taxonomy":"product_cat","embeddable":true,"href":"https:\/\/www.tendenzeshabbychic.it\/es\/wp-json\/wp\/v2\/product_cat?post=203859"},{"taxonomy":"product_tag","embeddable":true,"href":"https:\/\/www.tendenzeshabbychic.it\/es\/wp-json\/wp\/v2\/product_tag?post=203859"}],"curies":[{"name":"wp","href":"https:\/\/api.w.org\/{rel}","templated":true}]}}