{"id":203849,"date":"2025-08-07T01:00:01","date_gmt":"2025-08-06T23:00:01","guid":{"rendered":"https:\/\/www.tendenzeshabbychic.it\/prodotto\/edg-par-de-bolas-de-navidad-de-tela-d-105-cm\/"},"modified":"2025-06-29T21:45:54","modified_gmt":"2025-06-29T20:45:54","slug":"edg-par-de-bolas-de-navidad-de-tela-d-105-cm","status":"publish","type":"product","link":"https:\/\/www.tendenzeshabbychic.it\/es\/producto\/edg-par-de-bolas-de-navidad-de-tela-d-105-cm\/","title":{"rendered":"EDG Par de Bolas de Navidad de Tela D.10,5 cm"},"content":{"rendered":"<p>El set \u00abNavidad\u00bb de EDG incluye un par de bolas con un acogedor encanto n\u00f3rdico. Cada bola est\u00e1 decorada con una base de tejido de punto jacquard, combinada con un gorro de terciopelo blanco con bayas de purpurina y hojas de fieltro. El borde est\u00e1 rematado con cinta roja y pasamaner\u00eda blanca para un efecto refinado y tradicional. Perfecto para los amantes de los adornos navide\u00f1os artesanales con un estilo c\u00e1lido y festivo.   <\/p>\n<ul>\n<li>Juego de 2 bolas de tela con acabado mixto<\/li>\n<li>C\u00e1lido dise\u00f1o inspirado en un jersey navide\u00f1o<\/li>\n<li>Detalles tridimensionales: bayas y hojas de fieltro<\/li>\n<li>Colores tradicionales: rojo, verde y blanco<\/li>\n<li>Ideal para decoraciones cl\u00e1sicas y acogedoras<\/li>\n<\/ul>\n\n\t<section class=\"section linkified dark\" id=\"section_715015637\">\n\t\t<div class=\"section-bg fill\" >\n\t\t\t<img loading=\"lazy\" decoding=\"async\" width=\"800\" height=\"213\" src=\"https:\/\/www.tendenzeshabbychic.it\/wp-content\/uploads\/2021\/09\/natale-hero-1-800x213.jpg\" class=\"bg attachment-medium size-medium\" alt=\"\" \/>\t\t\t\t\t\t<div class=\"section-bg-overlay absolute fill\"><\/div>\n\t\t\t\n\n\t\t<\/div>\n\n\t\t\n\n\t\t<div class=\"section-content relative\">\n\t\t\t\n\n<div class=\"row\"  id=\"row-1820477984\">\n\n\n\t<div id=\"col-1050094036\" class=\"col small-12 large-12\"  >\n\t\t\t\t<div class=\"col-inner text-center\"  >\n\t\t\t\n\t\t\t\n\n<h3><span style=\"font-size: 180%;\">Navidad<\/span><\/h3>\n<p>Descubre la amplia selecci\u00f3n de productos para decorar tu hogar en Navidad.<\/p>\n<a href=\"https:\/\/www.tendenzeshabbychic.it\/es\/categoria-producto\/navidad\/\" class=\"button alert is-shade box-shadow-3 box-shadow-5-hover\" style=\"border-radius:5px;\">\n\t\t<span>haga clic aqu\u00ed<\/span>\n\t<\/a>\n\n\n\n\t\t<\/div>\n\t\t\t\t\t<\/div>\n\n\t\n\n<\/div>\n\n\t\t<\/div>\n\n\t\t\n<style>\n#section_715015637 {\n  padding-top: 12px;\n  padding-bottom: 12px;\n}\n#section_715015637 .section-bg-overlay {\n  background-color: rgba(0, 0, 0, 0.419);\n}\n#section_715015637 .section-bg img {\n  object-position: 21% 51%;\n}\n@media (min-width:550px) {\n  #section_715015637 {\n    padding-top: 57px;\n    padding-bottom: 57px;\n  }\n}\n<\/style>\n\t<\/section>\n\t\n","protected":false},"excerpt":{"rendered":"<p>Set de 2 bolas forradas de tela con punto, detalles de purpurina, bayas y hojas de fieltro. Look navide\u00f1o con un estilo acogedor perfecto. <\/p>\n<p>\ud83d\udccf D 10,5 cm<\/p>\n","protected":false},"featured_media":190433,"comment_status":"open","ping_status":"closed","template":"","meta":{"_joinchat":[]},"pwb-brand":[2084],"product_brand":[],"product_cat":[2466,2371],"product_tag":[],"class_list":{"0":"post-203849","1":"product","2":"type-product","3":"status-publish","4":"has-post-thumbnail","6":"pwb-brand-edg-enzo-de-gasperi","7":"product_cat-bolas-y-decoraciones-arbol-de-navidad","8":"product_cat-navidad","10":"first","11":"instock","12":"sale","13":"taxable","14":"shipping-taxable","15":"purchasable","16":"product-type-simple"},"brands":[{"id":2084,"name":"EDG - Enzo De Gasperi","slug":"edg-enzo-de-gasperi"}],"_links":{"self":[{"href":"https:\/\/www.tendenzeshabbychic.it\/es\/wp-json\/wp\/v2\/product\/203849","targetHints":{"allow":["GET"]}}],"collection":[{"href":"https:\/\/www.tendenzeshabbychic.it\/es\/wp-json\/wp\/v2\/product"}],"about":[{"href":"https:\/\/www.tendenzeshabbychic.it\/es\/wp-json\/wp\/v2\/types\/product"}],"replies":[{"embeddable":true,"href":"https:\/\/www.tendenzeshabbychic.it\/es\/wp-json\/wp\/v2\/comments?post=203849"}],"wp:featuredmedia":[{"embeddable":true,"href":"https:\/\/www.tendenzeshabbychic.it\/es\/wp-json\/wp\/v2\/media\/190433"}],"wp:attachment":[{"href":"https:\/\/www.tendenzeshabbychic.it\/es\/wp-json\/wp\/v2\/media?parent=203849"}],"wp:term":[{"taxonomy":"pwb-brand","embeddable":true,"href":"https:\/\/www.tendenzeshabbychic.it\/es\/wp-json\/wp\/v2\/pwb-brand?post=203849"},{"taxonomy":"product_brand","embeddable":true,"href":"https:\/\/www.tendenzeshabbychic.it\/es\/wp-json\/wp\/v2\/product_brand?post=203849"},{"taxonomy":"product_cat","embeddable":true,"href":"https:\/\/www.tendenzeshabbychic.it\/es\/wp-json\/wp\/v2\/product_cat?post=203849"},{"taxonomy":"product_tag","embeddable":true,"href":"https:\/\/www.tendenzeshabbychic.it\/es\/wp-json\/wp\/v2\/product_tag?post=203849"}],"curies":[{"name":"wp","href":"https:\/\/api.w.org\/{rel}","templated":true}]}}