{"id":203719,"date":"2026-02-03T14:51:45","date_gmt":"2026-02-03T13:51:45","guid":{"rendered":"https:\/\/www.tendenzeshabbychic.it\/prodotto\/latelier-17-cortina-primadonna-140x290-de-organza-bordada\/"},"modified":"2025-09-18T14:51:45","modified_gmt":"2025-09-18T13:51:45","slug":"latelier-17-cortina-primadonna-140x290-de-organza-bordada","status":"publish","type":"product","link":"https:\/\/www.tendenzeshabbychic.it\/es\/producto\/latelier-17-cortina-primadonna-140x290-de-organza-bordada\/","title":{"rendered":"L&#8217;Atelier 17 Cortina Primadonna 140&#215;290 de Organza Bordada"},"content":{"rendered":"<p>D\u00e9jate seducir por el refinamiento de la Cortina <em>Primadonna<\/em> de <strong>L&#8217;Atelier<\/strong> 17, una pieza <strong>encantadora<\/strong> que confiere encanto y delicadeza a cualquier habitaci\u00f3n. Fabricada en organza semitransparente, est\u00e1 adornada con <strong>un bordado floral ricamente detallado<\/strong>, con ramitos y ramilletes de peque\u00f1as flores elegantemente distribuidos. <\/p>\n<p>La parte inferior est\u00e1 rematada con un <strong>volante de gasa plisada<\/strong>, que a\u00f1ade un toque esc\u00e9nico y esponjoso. El ligero tejido de poli\u00e9ster permite que se filtre la luz natural, creando un ambiente rom\u00e1ntico y luminoso, perfecto para interiores Shabby Chic, campestres o cl\u00e1sicos. <\/p>\n<p>Tambi\u00e9n est\u00e1 disponible en una variante beige con bordados tono sobre tono, para quienes deseen matices m\u00e1s c\u00e1lidos y envolventes.<\/p>\n<p><strong>Fortalezas:<\/strong><\/p>\n<ul>\n<li>Elegante y detallado bordado floral por toda la superficie<\/li>\n<li>Organza ligera y brillante, efecto transparente<\/li>\n<li>Volante de gasa plisado para un aspecto refinado<\/li>\n<li>Dos variantes de color: blanco o beige<\/li>\n<li>Ideal para ambientes rom\u00e1nticos y Shabby Chic<\/li>\n<\/ul>\n","protected":false},"excerpt":{"rendered":"<p>Elegante Cortina de organza con bordado floral y volante plisado<\/p>\n<p>\ud83d\udccf 140 x 290 cm<\/p>\n","protected":false},"featured_media":203565,"comment_status":"open","ping_status":"closed","template":"","meta":{"_joinchat":[]},"pwb-brand":[2086],"product_brand":[],"product_cat":[2355],"product_tag":[],"class_list":{"0":"post-203719","1":"product","2":"type-product","3":"status-publish","4":"has-post-thumbnail","6":"pwb-brand-latelier-17","7":"product_cat-cortinas","9":"first","10":"instock","11":"taxable","12":"shipping-taxable","13":"purchasable","14":"product-type-simple"},"brands":[{"id":2086,"name":"L'Atelier 17","slug":"latelier-17"}],"_links":{"self":[{"href":"https:\/\/www.tendenzeshabbychic.it\/es\/wp-json\/wp\/v2\/product\/203719","targetHints":{"allow":["GET"]}}],"collection":[{"href":"https:\/\/www.tendenzeshabbychic.it\/es\/wp-json\/wp\/v2\/product"}],"about":[{"href":"https:\/\/www.tendenzeshabbychic.it\/es\/wp-json\/wp\/v2\/types\/product"}],"replies":[{"embeddable":true,"href":"https:\/\/www.tendenzeshabbychic.it\/es\/wp-json\/wp\/v2\/comments?post=203719"}],"wp:featuredmedia":[{"embeddable":true,"href":"https:\/\/www.tendenzeshabbychic.it\/es\/wp-json\/wp\/v2\/media\/203565"}],"wp:attachment":[{"href":"https:\/\/www.tendenzeshabbychic.it\/es\/wp-json\/wp\/v2\/media?parent=203719"}],"wp:term":[{"taxonomy":"pwb-brand","embeddable":true,"href":"https:\/\/www.tendenzeshabbychic.it\/es\/wp-json\/wp\/v2\/pwb-brand?post=203719"},{"taxonomy":"product_brand","embeddable":true,"href":"https:\/\/www.tendenzeshabbychic.it\/es\/wp-json\/wp\/v2\/product_brand?post=203719"},{"taxonomy":"product_cat","embeddable":true,"href":"https:\/\/www.tendenzeshabbychic.it\/es\/wp-json\/wp\/v2\/product_cat?post=203719"},{"taxonomy":"product_tag","embeddable":true,"href":"https:\/\/www.tendenzeshabbychic.it\/es\/wp-json\/wp\/v2\/product_tag?post=203719"}],"curies":[{"name":"wp","href":"https:\/\/api.w.org\/{rel}","templated":true}]}}