{"id":203694,"date":"2025-09-22T07:37:44","date_gmt":"2025-09-22T06:37:44","guid":{"rendered":"https:\/\/www.tendenzeshabbychic.it\/prodotto\/latelier-17-funda-de-cojin-capodimonte-blanca-40x40-cm\/"},"modified":"2025-09-20T07:37:44","modified_gmt":"2025-09-20T06:37:44","slug":"latelier-17-funda-de-cojin-capodimonte-blanca-40x40-cm","status":"publish","type":"product","link":"https:\/\/www.tendenzeshabbychic.it\/es\/producto\/latelier-17-funda-de-cojin-capodimonte-blanca-40x40-cm\/","title":{"rendered":"L&#8217;Atelier 17 Funda de coj\u00edn Capodimonte blanca 40&#215;40 cm"},"content":{"rendered":"<p>Confeccionada en suave algod\u00f3n blanco, esta funda de coj\u00edn de <em>L&#8217;Atelier<\/em> 17 encarna el estilo atemporal de la colecci\u00f3n <strong>Capodimonte<\/strong>. El bordado central tono sobre tono representa un refinado motivo floral en relieve, que confiere tridimensionalidad y valor al tejido. El volante fruncido, aplicado a lo largo de todo el borde, a\u00f1ade un toque rom\u00e1ntico y Shabby Chic, perfecto para ambientes delicados y femeninos.  <\/p>\n<p>Ideal para renovar con elegancia el sal\u00f3n o el dormitorio, esta funda combina perfectamente con sillones tapizados, sof\u00e1s de l\u00edneas suaves o camas de hierro forjado. Un mueble que combina est\u00e9tica y artesan\u00eda, dando una sensaci\u00f3n de armon\u00eda y ligereza. <\/p>\n<p><strong>Fortalezas:<\/strong><\/p>\n<ul>\n<li>100% algod\u00f3n de alta calidad, suave y duradero<\/li>\n<li>Bordado floral tono sobre tono, elegante y refinado<\/li>\n<li>Volante plisado para un efecto rom\u00e1ntico y decorativo<\/li>\n<li>F\u00e1cil de combinar en interiores shabby, cl\u00e1sicos o provenzales<\/li>\n<li>Producto exclusivo de la colecci\u00f3n Capodimonte<\/li>\n<\/ul>\n","protected":false},"excerpt":{"rendered":"<p>Un encantador forro blanco de algod\u00f3n puro con delicados bordados florales en relieve, rematado con un rom\u00e1ntico volante plisado. Colecci\u00f3n Capodimonte. <\/p>\n<p>\ud83d\udccf 40 x 40 cm<\/p>\n","protected":false},"featured_media":203641,"comment_status":"open","ping_status":"closed","template":"","meta":{"_joinchat":[]},"pwb-brand":[2086],"product_brand":[],"product_cat":[2389],"product_tag":[],"class_list":{"0":"post-203694","1":"product","2":"type-product","3":"status-publish","4":"has-post-thumbnail","6":"pwb-brand-latelier-17","7":"product_cat-cojines","9":"first","10":"instock","11":"taxable","12":"shipping-taxable","13":"purchasable","14":"product-type-simple"},"brands":[{"id":2086,"name":"L'Atelier 17","slug":"latelier-17"}],"_links":{"self":[{"href":"https:\/\/www.tendenzeshabbychic.it\/es\/wp-json\/wp\/v2\/product\/203694","targetHints":{"allow":["GET"]}}],"collection":[{"href":"https:\/\/www.tendenzeshabbychic.it\/es\/wp-json\/wp\/v2\/product"}],"about":[{"href":"https:\/\/www.tendenzeshabbychic.it\/es\/wp-json\/wp\/v2\/types\/product"}],"replies":[{"embeddable":true,"href":"https:\/\/www.tendenzeshabbychic.it\/es\/wp-json\/wp\/v2\/comments?post=203694"}],"wp:featuredmedia":[{"embeddable":true,"href":"https:\/\/www.tendenzeshabbychic.it\/es\/wp-json\/wp\/v2\/media\/203641"}],"wp:attachment":[{"href":"https:\/\/www.tendenzeshabbychic.it\/es\/wp-json\/wp\/v2\/media?parent=203694"}],"wp:term":[{"taxonomy":"pwb-brand","embeddable":true,"href":"https:\/\/www.tendenzeshabbychic.it\/es\/wp-json\/wp\/v2\/pwb-brand?post=203694"},{"taxonomy":"product_brand","embeddable":true,"href":"https:\/\/www.tendenzeshabbychic.it\/es\/wp-json\/wp\/v2\/product_brand?post=203694"},{"taxonomy":"product_cat","embeddable":true,"href":"https:\/\/www.tendenzeshabbychic.it\/es\/wp-json\/wp\/v2\/product_cat?post=203694"},{"taxonomy":"product_tag","embeddable":true,"href":"https:\/\/www.tendenzeshabbychic.it\/es\/wp-json\/wp\/v2\/product_tag?post=203694"}],"curies":[{"name":"wp","href":"https:\/\/api.w.org\/{rel}","templated":true}]}}