{"id":203506,"date":"2025-09-23T15:09:32","date_gmt":"2025-09-23T14:09:32","guid":{"rendered":"https:\/\/www.tendenzeshabbychic.it\/prodotto\/mathilde-m-spray-musc-irise-90ml-fete-nacree\/"},"modified":"2025-07-29T11:42:32","modified_gmt":"2025-07-29T10:42:32","slug":"mathilde-m-spray-musc-irise-90ml-fete-nacree","status":"publish","type":"product","link":"https:\/\/www.tendenzeshabbychic.it\/es\/producto\/mathilde-m-spray-musc-irise-90ml-fete-nacree\/","title":{"rendered":"Mathilde M Spray Musc Iris\u00e9 90ml &#8211; F\u00eate Nacr\u00e9e"},"content":{"rendered":"<p>El vaporizador de ambiente <strong>Musc Iris\u00e9<\/strong> de la colecci\u00f3n <strong>F\u00eate Nacr\u00e9e<\/strong> es una delicada caricia olfativa que confiere elegancia e intimidad a tus estancias. El frasco de cristal, realzado por un tap\u00f3n de metal cromado y una etiqueta decorativa inspirada en motivos joyeros, se adapta con gracia a todos los rincones del hogar. <\/p>\n<p>La fragancia Musc Iris\u00e9 recuerda la ternura de una nube empolvada: el acorde empolvado se mezcla con las notas aterciopeladas del iris, la violeta y el jazm\u00edn. El almizcle blanco lo envuelve todo en un aura suave y c\u00e1lida, caldeada al final por un toque goloso de vainilla. Perfecta para las estaciones fr\u00edas, es la fragancia ideal para esperar las fiestas en un ambiente envolvente y refinado.  <\/p>\n<ul>\n<li>Fragancia elegante y empolvada con iris y almizcle blanco<\/li>\n<li>Botella refinada con detalles joya<\/li>\n<li>Ideal para zonas de descanso o descanso<\/li>\n<li>F\u00eate Nacr\u00e9e edici\u00f3n limitada &#8211; perfecto para regalo<\/li>\n<li>Fragancia intensa pero delicada, sin ser abrumadora<\/li>\n<\/ul>\n","protected":false},"excerpt":{"rendered":"<p>Un ambientador perfumado en un frasco de cristal con tap\u00f3n cromado. La etiqueta rosa nacarada con motivos de perlas enmarca la sofisticada fragancia Musc Iris\u00e9, una sinfon\u00eda floral y empolvada con iris, almizcle blanco y vainilla. <\/p>\n<p>\ud83d\udccf \u00f8 4 x H 14,7 cm<\/p>\n<div class=\"row row-solid\"  id=\"row-1752446228\">\n\n\n\t<div id=\"col-1118682904\" class=\"col small-12 large-12\"  >\n\t\t\t\t<div class=\"col-inner\"  >\n\t\t\t\n\t\t\t\n\n\n\t\t<div class=\"icon-box featured-box icon-box-center text-center\"  >\n\t\t\t\t<div class=\"icon-box-text last-reset\">\n\t\t\t<h5 class=\"uppercase\">Musc Iris\u00e9<\/h5>\t\t\t\t\t\t\n\n<p>La ternura de una nube empolvada..<strong>.<\/strong><br><strong>Musc Iris\u00e9<\/strong> evoca una Navidad luminosa y acogedora, rodeada de seres queridos.<br>El iris aterciopelado y la violeta se mezclan con un acorde empolvado delicadamente floral.<br>El almizcle blanco lo envuelve todo con una suavidad amortiguada, caldeada por un toque de vainilla.<br>La fragancia perfecta para afrontar suavemente el invierno y esperar la magia de las fiestas.<\/p>\n\n\n\t\t<\/div>\n\t<\/div>\n\t\n\t\n\n\t\t<\/div>\n\t\t\t\t\t<\/div>\n\n\t\n\n\t<div id=\"col-497186595\" class=\"col small-12 large-12\"  >\n\t\t\t\t<div class=\"col-inner\"  >\n\t\t\t\n\t\t\t\n\n\n\t\t<div class=\"icon-box featured-box icon-box-left text-left\"  >\n\t\t\t\t\t<div class=\"icon-box-img\" style=\"width: 60px\">\n\t\t\t\t<div class=\"icon\">\n\t\t\t\t\t<div class=\"icon-inner\" style=\"color:rgb(208, 188, 159);\">\n\t\t\t\t\t\t<?xml version=\"1.0\" encoding=\"utf-8\"?><!-- Uploaded to: SVG Repo, www.svgrepo.com, Generator: SVG Repo Mixer Tools -->\r\n<svg fill=\"#000000\" width=\"800px\" height=\"800px\" viewBox=\"0 0 32 32\" xmlns=\"http:\/\/www.w3.org\/2000\/svg\">\r\n    <circle cx=\"16\" cy=\"16\" r=\"16\"\/>\r\n<\/svg>\t\t\t\t\t<\/div>\n\t\t\t\t<\/div>\n\t\t\t<\/div>\n\t\t\t\t<div class=\"icon-box-text last-reset\">\n\t\t\t\t\t\t\t\t\t\n\n\t<div id=\"text-1243859238\" class=\"text\">\n\t\t\n\n<h3>Notas altas<\/h3>\n<p>Notas chipriotas<\/p>\n\n\t\t\n<style>\n#text-1243859238 {\n  line-height: 1;\n}\n<\/style>\n\t<\/div>\n\t\n\n\t\t<\/div>\n\t<\/div>\n\t\n\t\n\n\t\t<div class=\"icon-box featured-box icon-box-left text-left\"  >\n\t\t\t\t\t<div class=\"icon-box-img\" style=\"width: 60px\">\n\t\t\t\t<div class=\"icon\">\n\t\t\t\t\t<div class=\"icon-inner\" style=\"color:rgb(208, 188, 159);\">\n\t\t\t\t\t\t<?xml version=\"1.0\" encoding=\"utf-8\"?><!-- Uploaded to: SVG Repo, www.svgrepo.com, Generator: SVG Repo Mixer Tools -->\r\n<svg width=\"800px\" height=\"800px\" viewBox=\"0 0 24 24\" fill=\"none\" xmlns=\"http:\/\/www.w3.org\/2000\/svg\">\r\n<path d=\"M2 9.1371C2 14 6.01943 16.5914 8.96173 18.9109C10 19.7294 11 20.5 12 20.5C13 20.5 14 19.7294 15.0383 18.9109C17.9806 16.5914 22 14 22 9.1371C22 4.27416 16.4998 0.825464 12 5.50063C7.50016 0.825464 2 4.27416 2 9.1371Z\" fill=\"#1C274C\"\/>\r\n<\/svg>\t\t\t\t\t<\/div>\n\t\t\t\t<\/div>\n\t\t\t<\/div>\n\t\t\t\t<div class=\"icon-box-text last-reset\">\n\t\t\t\t\t\t\t\t\t\n\n\t<div id=\"text-177305281\" class=\"text\">\n\t\t\n\n<h3>notas de corazon<\/h3>\n<p>Iris, Violeta y Jazm\u00edn<\/p>\n\n\t\t\n<style>\n#text-177305281 {\n  line-height: 1;\n}\n<\/style>\n\t<\/div>\n\t\n\n\t\t<\/div>\n\t<\/div>\n\t\n\t\n\n\t\t<div class=\"icon-box featured-box icon-box-left text-left\"  >\n\t\t\t\t\t<div class=\"icon-box-img\" style=\"width: 60px\">\n\t\t\t\t<div class=\"icon\">\n\t\t\t\t\t<div class=\"icon-inner\" style=\"color:rgb(208, 188, 159);\">\n\t\t\t\t\t\t<?xml version=\"1.0\" encoding=\"UTF-8\" standalone=\"no\"?>\r\n<!-- Uploaded to: SVG Repo, www.svgrepo.com, Generator: SVG Repo Mixer Tools -->\r\n<svg width=\"800px\" height=\"800px\" viewBox=\"0 -12 32 32\" version=\"1.1\" xmlns=\"http:\/\/www.w3.org\/2000\/svg\" xmlns:xlink=\"http:\/\/www.w3.org\/1999\/xlink\" xmlns:sketch=\"http:\/\/www.bohemiancoding.com\/sketch\/ns\">\r\n    \r\n    <title>minus<\/title>\r\n    <desc>Created with Sketch Beta.<\/desc>\r\n    <defs>\r\n\r\n<\/defs>\r\n    <g id=\"Page-1\" stroke=\"none\" stroke-width=\"1\" fill=\"none\" fill-rule=\"evenodd\" sketch:type=\"MSPage\">\r\n        <g id=\"Icon-Set-Filled\" sketch:type=\"MSLayerGroup\" transform=\"translate(-414.000000, -1049.000000)\" fill=\"#000000\">\r\n            <path d=\"M442,1049 L418,1049 C415.791,1049 414,1050.79 414,1053 C414,1055.21 415.791,1057 418,1057 L442,1057 C444.209,1057 446,1055.21 446,1053 C446,1050.79 444.209,1049 442,1049\" id=\"minus\" sketch:type=\"MSShapeGroup\">\r\n\r\n<\/path>\r\n        <\/g>\r\n    <\/g>\r\n<\/svg>\t\t\t\t\t<\/div>\n\t\t\t\t<\/div>\n\t\t\t<\/div>\n\t\t\t\t<div class=\"icon-box-text last-reset\">\n\t\t\t\t\t\t\t\t\t\n\n\t<div id=\"text-945076542\" class=\"text\">\n\t\t\n\n<h3>Notas de fondo<\/h3>\n<p>Almizcle blanco y vainilla<\/p>\n\n\t\t\n<style>\n#text-945076542 {\n  line-height: 1;\n}\n<\/style>\n\t<\/div>\n\t\n\n\t\t<\/div>\n\t<\/div>\n\t\n\t\n\n\t\t<\/div>\n\t\t\t\t\t<\/div>\n\n\t\n\n\t<div id=\"col-65147706\" class=\"col small-12 large-12\"  >\n\t\t\t\t<div class=\"col-inner text-center\"  >\n\t\t\t\n\t\t\t\n\n<p style=\"text-align: center;\"><span style=\"font-size: 120%;\"><em>Descubre todos los productos Esencia de Musc Iris\u00e8<\/em><\/span><\/p>\n\n<a href=\"https:\/\/www.tendenzeshabbychic.it\/es\/etiqueta-producto\/musc-irise-es\/\" class=\"button white is-gloss box-shadow-2\" >\n\t\t<span>Musc Iris\u00e8<\/span>\n\t<\/a>\n\n\n\n\t\t<\/div>\n\t\t\t\t\t<\/div>\n\n\t\n\n<\/div>\n","protected":false},"featured_media":196275,"comment_status":"open","ping_status":"closed","template":"","meta":{"_joinchat":[]},"pwb-brand":[2089],"product_brand":[],"product_cat":[2365,2344],"product_tag":[2164,2283,3304],"class_list":{"0":"post-203506","1":"product","2":"type-product","3":"status-publish","4":"has-post-thumbnail","6":"pwb-brand-mathilde-m-es","7":"product_cat-spray-es","8":"product_cat-perfumistas","9":"product_tag-edicion-limitada","10":"product_tag-idea-de-regalo","11":"product_tag-musc-irise-es","13":"first","14":"instock","15":"taxable","16":"shipping-taxable","17":"purchasable","18":"product-type-simple"},"brands":[{"id":2089,"name":"Mathilde M.","slug":"mathilde-m-es"}],"_links":{"self":[{"href":"https:\/\/www.tendenzeshabbychic.it\/es\/wp-json\/wp\/v2\/product\/203506","targetHints":{"allow":["GET"]}}],"collection":[{"href":"https:\/\/www.tendenzeshabbychic.it\/es\/wp-json\/wp\/v2\/product"}],"about":[{"href":"https:\/\/www.tendenzeshabbychic.it\/es\/wp-json\/wp\/v2\/types\/product"}],"replies":[{"embeddable":true,"href":"https:\/\/www.tendenzeshabbychic.it\/es\/wp-json\/wp\/v2\/comments?post=203506"}],"wp:featuredmedia":[{"embeddable":true,"href":"https:\/\/www.tendenzeshabbychic.it\/es\/wp-json\/wp\/v2\/media\/196275"}],"wp:attachment":[{"href":"https:\/\/www.tendenzeshabbychic.it\/es\/wp-json\/wp\/v2\/media?parent=203506"}],"wp:term":[{"taxonomy":"pwb-brand","embeddable":true,"href":"https:\/\/www.tendenzeshabbychic.it\/es\/wp-json\/wp\/v2\/pwb-brand?post=203506"},{"taxonomy":"product_brand","embeddable":true,"href":"https:\/\/www.tendenzeshabbychic.it\/es\/wp-json\/wp\/v2\/product_brand?post=203506"},{"taxonomy":"product_cat","embeddable":true,"href":"https:\/\/www.tendenzeshabbychic.it\/es\/wp-json\/wp\/v2\/product_cat?post=203506"},{"taxonomy":"product_tag","embeddable":true,"href":"https:\/\/www.tendenzeshabbychic.it\/es\/wp-json\/wp\/v2\/product_tag?post=203506"}],"curies":[{"name":"wp","href":"https:\/\/api.w.org\/{rel}","templated":true}]}}