{"id":203458,"date":"2025-08-08T01:00:01","date_gmt":"2025-08-07T23:00:01","guid":{"rendered":"https:\/\/www.tendenzeshabbychic.it\/prodotto\/edg-helicoptero-led-de-navidad-con-musica-h23-cm\/"},"modified":"2025-09-16T22:38:00","modified_gmt":"2025-09-16T21:38:00","slug":"edg-helicoptero-led-de-navidad-con-musica-h23-cm","status":"publish","type":"product","link":"https:\/\/www.tendenzeshabbychic.it\/es\/producto\/edg-helicoptero-led-de-navidad-con-musica-h23-cm\/","title":{"rendered":"EDG Helic\u00f3ptero LED de Navidad con M\u00fasica H23 cm"},"content":{"rendered":"<p>Original helic\u00f3ptero decorativo navide\u00f1o de Enzo de Gasperi, en acabado rojo mate con detalles plateados satinados. Dentro de la cabina transparente est\u00e1n Pap\u00e1 Noel, un elfo y un \u00e1rbol de Navidad iluminado, inmersos en una cascada de purpurina en movimiento que crea un efecto de nieve. <\/p>\n<p>Esta caja de m\u00fasica esc\u00e9nica emite luces y sonidos navide\u00f1os, con tres modos seleccionables: s\u00f3lo luces, luces y movimiento, o luces, movimiento y m\u00fasica. Perfecta como centro esc\u00e9nico o para enriquecer escaparates y rincones tem\u00e1ticos durante las fiestas. <\/p>\n<p>Funciona con pilas (3x AA no incluidas).<\/p>\n<ul>\n<li>Dise\u00f1o exclusivo con personajes en 3D y detalles navide\u00f1os<\/li>\n<li>Luces LED interiores que iluminan la escena<\/li>\n<li>Movimiento de purpurina para un efecto de nieve realista<\/li>\n<li>Funci\u00f3n musical con carill\u00f3n de Navidad<\/li>\n<li>Ideal para decoraciones esc\u00e9nicas o de coleccionista<\/li>\n<\/ul>\n\n\t<section class=\"section linkified dark\" id=\"section_1623349176\">\n\t\t<div class=\"section-bg fill\" >\n\t\t\t<img loading=\"lazy\" decoding=\"async\" width=\"800\" height=\"213\" src=\"https:\/\/www.tendenzeshabbychic.it\/wp-content\/uploads\/2021\/09\/natale-hero-1-800x213.jpg\" class=\"bg attachment-medium size-medium\" alt=\"\" \/>\t\t\t\t\t\t<div class=\"section-bg-overlay absolute fill\"><\/div>\n\t\t\t\n\n\t\t<\/div>\n\n\t\t\n\n\t\t<div class=\"section-content relative\">\n\t\t\t\n\n<div class=\"row\"  id=\"row-1167823035\">\n\n\n\t<div id=\"col-784254951\" class=\"col small-12 large-12\"  >\n\t\t\t\t<div class=\"col-inner text-center\"  >\n\t\t\t\n\t\t\t\n\n<h3><span style=\"font-size: 180%;\">Navidad<\/span><\/h3>\n<p>Descubre la amplia selecci\u00f3n de productos para decorar tu hogar en Navidad.<\/p>\n<a href=\"https:\/\/www.tendenzeshabbychic.it\/es\/categoria-producto\/navidad\/\" class=\"button alert is-shade box-shadow-3 box-shadow-5-hover\" style=\"border-radius:5px;\">\n\t\t<span>haga clic aqu\u00ed<\/span>\n\t<\/a>\n\n\n\n\t\t<\/div>\n\t\t\t\t\t<\/div>\n\n\t\n\n<\/div>\n\n\t\t<\/div>\n\n\t\t\n<style>\n#section_1623349176 {\n  padding-top: 12px;\n  padding-bottom: 12px;\n}\n#section_1623349176 .section-bg-overlay {\n  background-color: rgba(0, 0, 0, 0.419);\n}\n#section_1623349176 .section-bg img {\n  object-position: 21% 51%;\n}\n@media (min-width:550px) {\n  #section_1623349176 {\n    padding-top: 57px;\n    padding-bottom: 57px;\n  }\n}\n<\/style>\n\t<\/section>\n\t\n","protected":false},"excerpt":{"rendered":"<p>Helic\u00f3ptero rojo con Pap\u00e1 Noel, \u00e1rbol decorado y elfo. Luces LED, purpurina en movimiento y m\u00fasica navide\u00f1a. 3 modos. Funciona con pilas.   <\/p>\n<p>\ud83d\udccf Alto 23 x Ancho 47 x Fondo 10,5 cm<\/p>\n","protected":false},"featured_media":203450,"comment_status":"open","ping_status":"closed","template":"","meta":{"_joinchat":[]},"pwb-brand":[2084],"product_brand":[],"product_cat":[2371,2396],"product_tag":[2613,2283],"class_list":{"0":"post-203458","1":"product","2":"type-product","3":"status-publish","4":"has-post-thumbnail","6":"pwb-brand-edg-enzo-de-gasperi","7":"product_cat-navidad","8":"product_cat-objetos","9":"product_tag-caja-de-musica","10":"product_tag-idea-de-regalo","12":"first","13":"instock","14":"sale","15":"taxable","16":"shipping-taxable","17":"purchasable","18":"product-type-simple"},"brands":[{"id":2084,"name":"EDG - Enzo De Gasperi","slug":"edg-enzo-de-gasperi"}],"_links":{"self":[{"href":"https:\/\/www.tendenzeshabbychic.it\/es\/wp-json\/wp\/v2\/product\/203458","targetHints":{"allow":["GET"]}}],"collection":[{"href":"https:\/\/www.tendenzeshabbychic.it\/es\/wp-json\/wp\/v2\/product"}],"about":[{"href":"https:\/\/www.tendenzeshabbychic.it\/es\/wp-json\/wp\/v2\/types\/product"}],"replies":[{"embeddable":true,"href":"https:\/\/www.tendenzeshabbychic.it\/es\/wp-json\/wp\/v2\/comments?post=203458"}],"wp:featuredmedia":[{"embeddable":true,"href":"https:\/\/www.tendenzeshabbychic.it\/es\/wp-json\/wp\/v2\/media\/203450"}],"wp:attachment":[{"href":"https:\/\/www.tendenzeshabbychic.it\/es\/wp-json\/wp\/v2\/media?parent=203458"}],"wp:term":[{"taxonomy":"pwb-brand","embeddable":true,"href":"https:\/\/www.tendenzeshabbychic.it\/es\/wp-json\/wp\/v2\/pwb-brand?post=203458"},{"taxonomy":"product_brand","embeddable":true,"href":"https:\/\/www.tendenzeshabbychic.it\/es\/wp-json\/wp\/v2\/product_brand?post=203458"},{"taxonomy":"product_cat","embeddable":true,"href":"https:\/\/www.tendenzeshabbychic.it\/es\/wp-json\/wp\/v2\/product_cat?post=203458"},{"taxonomy":"product_tag","embeddable":true,"href":"https:\/\/www.tendenzeshabbychic.it\/es\/wp-json\/wp\/v2\/product_tag?post=203458"}],"curies":[{"name":"wp","href":"https:\/\/api.w.org\/{rel}","templated":true}]}}