{"id":203445,"date":"2025-08-08T01:00:01","date_gmt":"2025-08-07T23:00:01","guid":{"rendered":"https:\/\/www.tendenzeshabbychic.it\/prodotto\/edg-sal-y-pimienta-jersey-de-navidad-h7-cm\/"},"modified":"2025-07-02T15:10:53","modified_gmt":"2025-07-02T14:10:53","slug":"edg-sal-y-pimienta-jersey-de-navidad-h7-cm","status":"publish","type":"product","link":"https:\/\/www.tendenzeshabbychic.it\/es\/producto\/edg-sal-y-pimienta-jersey-de-navidad-h7-cm\/","title":{"rendered":"EDG Sal y Pimienta Jersey de Navidad H7 cm"},"content":{"rendered":"<p>Este simp\u00e1tico par de salero y pimentero de Enzo de Gasperi a\u00f1ade un toque de originalidad a la mesa navide\u00f1a. Los dos elementos, de cer\u00e1mica esmaltada pulida, representan dos peque\u00f1os salteadores en los cl\u00e1sicos rojo y verde, adornados con estrellas doradas en relieve. Las aberturas superiores permiten una dispensaci\u00f3n precisa, mientras que la base plana garantiza la estabilidad.  <\/p>\n<p>Perfectas como complemento decorativo o como ingeniosa idea de regalo, llegan en una elegante caja blanca con el logotipo de EDG.<\/p>\n<ul>\n<li>Dise\u00f1o de jersey de Navidad<\/li>\n<li>Decoraciones doradas en relieve y colores vivos<\/li>\n<li>Cer\u00e1mica pulida de alta calidad<\/li>\n<li>Ideal como idea de regalo o elemento decorativo<\/li>\n<li>Embalaje elegante incluido<\/li>\n<\/ul>\n\n\t<section class=\"section linkified dark\" id=\"section_1481779578\">\n\t\t<div class=\"section-bg fill\" >\n\t\t\t<img loading=\"lazy\" decoding=\"async\" width=\"800\" height=\"213\" src=\"https:\/\/www.tendenzeshabbychic.it\/wp-content\/uploads\/2021\/09\/natale-hero-1-800x213.jpg\" class=\"bg attachment-medium size-medium\" alt=\"\" \/>\t\t\t\t\t\t<div class=\"section-bg-overlay absolute fill\"><\/div>\n\t\t\t\n\n\t\t<\/div>\n\n\t\t\n\n\t\t<div class=\"section-content relative\">\n\t\t\t\n\n<div class=\"row\"  id=\"row-670895912\">\n\n\n\t<div id=\"col-749063239\" class=\"col small-12 large-12\"  >\n\t\t\t\t<div class=\"col-inner text-center\"  >\n\t\t\t\n\t\t\t\n\n<h3><span style=\"font-size: 180%;\">Navidad<\/span><\/h3>\n<p>Descubre la amplia selecci\u00f3n de productos para decorar tu hogar en Navidad.<\/p>\n<a href=\"https:\/\/www.tendenzeshabbychic.it\/es\/categoria-producto\/navidad\/\" class=\"button alert is-shade box-shadow-3 box-shadow-5-hover\" style=\"border-radius:5px;\">\n\t\t<span>haga clic aqu\u00ed<\/span>\n\t<\/a>\n\n\n\n\t\t<\/div>\n\t\t\t\t\t<\/div>\n\n\t\n\n<\/div>\n\n\t\t<\/div>\n\n\t\t\n<style>\n#section_1481779578 {\n  padding-top: 12px;\n  padding-bottom: 12px;\n}\n#section_1481779578 .section-bg-overlay {\n  background-color: rgba(0, 0, 0, 0.419);\n}\n#section_1481779578 .section-bg img {\n  object-position: 21% 51%;\n}\n@media (min-width:550px) {\n  #section_1481779578 {\n    padding-top: 57px;\n    padding-bottom: 57px;\n  }\n}\n<\/style>\n\t<\/section>\n\t\n","protected":false},"excerpt":{"rendered":"<p>Salero y pimentero de cer\u00e1mica con forma de jersey navide\u00f1o rojo y verde con adornos dorados. Embalaje con logotipo incluido. <\/p>\n<p>\ud83d\udccf H 7 cm<\/p>\n","protected":false},"featured_media":191276,"comment_status":"open","ping_status":"closed","template":"","meta":{"_joinchat":[]},"pwb-brand":[2084],"product_brand":[],"product_cat":[2382,2371],"product_tag":[2917],"class_list":{"0":"post-203445","1":"product","2":"type-product","3":"status-publish","4":"has-post-thumbnail","6":"pwb-brand-edg-enzo-de-gasperi","7":"product_cat-accesorios-de-cocina","8":"product_cat-navidad","9":"product_tag-ceramica-y-porcelana","11":"first","12":"instock","13":"sale","14":"taxable","15":"shipping-taxable","16":"purchasable","17":"product-type-simple"},"brands":[{"id":2084,"name":"EDG - Enzo De Gasperi","slug":"edg-enzo-de-gasperi"}],"_links":{"self":[{"href":"https:\/\/www.tendenzeshabbychic.it\/es\/wp-json\/wp\/v2\/product\/203445","targetHints":{"allow":["GET"]}}],"collection":[{"href":"https:\/\/www.tendenzeshabbychic.it\/es\/wp-json\/wp\/v2\/product"}],"about":[{"href":"https:\/\/www.tendenzeshabbychic.it\/es\/wp-json\/wp\/v2\/types\/product"}],"replies":[{"embeddable":true,"href":"https:\/\/www.tendenzeshabbychic.it\/es\/wp-json\/wp\/v2\/comments?post=203445"}],"wp:featuredmedia":[{"embeddable":true,"href":"https:\/\/www.tendenzeshabbychic.it\/es\/wp-json\/wp\/v2\/media\/191276"}],"wp:attachment":[{"href":"https:\/\/www.tendenzeshabbychic.it\/es\/wp-json\/wp\/v2\/media?parent=203445"}],"wp:term":[{"taxonomy":"pwb-brand","embeddable":true,"href":"https:\/\/www.tendenzeshabbychic.it\/es\/wp-json\/wp\/v2\/pwb-brand?post=203445"},{"taxonomy":"product_brand","embeddable":true,"href":"https:\/\/www.tendenzeshabbychic.it\/es\/wp-json\/wp\/v2\/product_brand?post=203445"},{"taxonomy":"product_cat","embeddable":true,"href":"https:\/\/www.tendenzeshabbychic.it\/es\/wp-json\/wp\/v2\/product_cat?post=203445"},{"taxonomy":"product_tag","embeddable":true,"href":"https:\/\/www.tendenzeshabbychic.it\/es\/wp-json\/wp\/v2\/product_tag?post=203445"}],"curies":[{"name":"wp","href":"https:\/\/api.w.org\/{rel}","templated":true}]}}