{"id":203439,"date":"2025-08-08T01:00:01","date_gmt":"2025-08-07T23:00:01","guid":{"rendered":"https:\/\/www.tendenzeshabbychic.it\/prodotto\/edg-bandeja-jersey-de-navidad-29x24-cm-2-colores\/"},"modified":"2025-09-17T10:45:48","modified_gmt":"2025-09-17T09:45:48","slug":"edg-bandeja-jersey-de-navidad-29x24-cm-2-colores","status":"publish","type":"product","link":"https:\/\/www.tendenzeshabbychic.it\/es\/producto\/edg-bandeja-jersey-de-navidad-29x24-cm-2-colores\/","title":{"rendered":"EDG Bandeja jersey de Navidad 29&#215;24 cm &#8211; 2 colores"},"content":{"rendered":"<p>La bandeja de jersey de Navidad Enzo de Gasperi es una pieza original y alegre, perfecta para decorar la mesa festiva. Fabricada en cer\u00e1mica esmaltada pulida, est\u00e1 disponible en dos variantes: una con un copo de nieve dorado y mangas verdes, y otra con un \u00e1rbol de Navidad y mangas rojas. Los detalles decorativos est\u00e1n finamente pintados, con peque\u00f1os elementos navide\u00f1os en relieve, lo que lo convierte en un art\u00edculo elegante a la vez que juguet\u00f3n. Ideal para servir pasteles, galletas o como bandeja decorativa. No apta para microondas, pero s\u00ed para lavavajillas.    <\/p>\n<ul>\n<li>Original dise\u00f1o en forma de jersey navide\u00f1o<\/li>\n<li>Detalles dorados y esmalte brillante para un efecto precioso<\/li>\n<li>Dos decoraciones diferentes vendidas individualmente<\/li>\n<li>Aptas para el lavavajillas<\/li>\n<li>Perfecto como idea de regalo o centro de mesa<\/li>\n<\/ul>\n\n\t<section class=\"section linkified dark\" id=\"section_238093901\">\n\t\t<div class=\"section-bg fill\" >\n\t\t\t<img loading=\"lazy\" decoding=\"async\" width=\"800\" height=\"213\" src=\"https:\/\/www.tendenzeshabbychic.it\/wp-content\/uploads\/2021\/09\/natale-hero-1-800x213.jpg\" class=\"bg attachment-medium size-medium\" alt=\"\" \/>\t\t\t\t\t\t<div class=\"section-bg-overlay absolute fill\"><\/div>\n\t\t\t\n\n\t\t<\/div>\n\n\t\t\n\n\t\t<div class=\"section-content relative\">\n\t\t\t\n\n<div class=\"row\"  id=\"row-183148291\">\n\n\n\t<div id=\"col-256613339\" class=\"col small-12 large-12\"  >\n\t\t\t\t<div class=\"col-inner text-center\"  >\n\t\t\t\n\t\t\t\n\n<h3><span style=\"font-size: 180%;\">Navidad<\/span><\/h3>\n<p>Descubre la amplia selecci\u00f3n de productos para decorar tu hogar en Navidad.<\/p>\n<a href=\"https:\/\/www.tendenzeshabbychic.it\/es\/categoria-producto\/navidad\/\" class=\"button alert is-shade box-shadow-3 box-shadow-5-hover\" style=\"border-radius:5px;\">\n\t\t<span>haga clic aqu\u00ed<\/span>\n\t<\/a>\n\n\n\n\t\t<\/div>\n\t\t\t\t\t<\/div>\n\n\t\n\n<\/div>\n\n\t\t<\/div>\n\n\t\t\n<style>\n#section_238093901 {\n  padding-top: 12px;\n  padding-bottom: 12px;\n}\n#section_238093901 .section-bg-overlay {\n  background-color: rgba(0, 0, 0, 0.419);\n}\n#section_238093901 .section-bg img {\n  object-position: 21% 51%;\n}\n@media (min-width:550px) {\n  #section_238093901 {\n    padding-top: 57px;\n    padding-bottom: 57px;\n  }\n}\n<\/style>\n\t<\/section>\n\t\n","protected":false},"excerpt":{"rendered":"<p>Bandeja de cer\u00e1mica con forma de jersey de Navidad, esmalte pulido con adornos dorados. Dos variantes: copo de nieve o \u00e1rbol de Navidad. <\/p>\n<p>\ud83d\udccf Alto 3 x Ancho 29 x Fondo 24 cm<\/p>\n","protected":false},"featured_media":191227,"comment_status":"open","ping_status":"closed","template":"","meta":{"_joinchat":[]},"pwb-brand":[2084],"product_brand":[],"product_cat":[2360,2371],"product_tag":[2917],"class_list":{"0":"post-203439","1":"product","2":"type-product","3":"status-publish","4":"has-post-thumbnail","6":"pwb-brand-edg-enzo-de-gasperi","7":"product_cat-bandejas","8":"product_cat-navidad","9":"product_tag-ceramica-y-porcelana","11":"first","12":"instock","13":"sale","14":"taxable","15":"shipping-taxable","16":"purchasable","17":"product-type-variable"},"brands":[{"id":2084,"name":"EDG - Enzo De Gasperi","slug":"edg-enzo-de-gasperi"}],"_links":{"self":[{"href":"https:\/\/www.tendenzeshabbychic.it\/es\/wp-json\/wp\/v2\/product\/203439","targetHints":{"allow":["GET"]}}],"collection":[{"href":"https:\/\/www.tendenzeshabbychic.it\/es\/wp-json\/wp\/v2\/product"}],"about":[{"href":"https:\/\/www.tendenzeshabbychic.it\/es\/wp-json\/wp\/v2\/types\/product"}],"replies":[{"embeddable":true,"href":"https:\/\/www.tendenzeshabbychic.it\/es\/wp-json\/wp\/v2\/comments?post=203439"}],"wp:featuredmedia":[{"embeddable":true,"href":"https:\/\/www.tendenzeshabbychic.it\/es\/wp-json\/wp\/v2\/media\/191227"}],"wp:attachment":[{"href":"https:\/\/www.tendenzeshabbychic.it\/es\/wp-json\/wp\/v2\/media?parent=203439"}],"wp:term":[{"taxonomy":"pwb-brand","embeddable":true,"href":"https:\/\/www.tendenzeshabbychic.it\/es\/wp-json\/wp\/v2\/pwb-brand?post=203439"},{"taxonomy":"product_brand","embeddable":true,"href":"https:\/\/www.tendenzeshabbychic.it\/es\/wp-json\/wp\/v2\/product_brand?post=203439"},{"taxonomy":"product_cat","embeddable":true,"href":"https:\/\/www.tendenzeshabbychic.it\/es\/wp-json\/wp\/v2\/product_cat?post=203439"},{"taxonomy":"product_tag","embeddable":true,"href":"https:\/\/www.tendenzeshabbychic.it\/es\/wp-json\/wp\/v2\/product_tag?post=203439"}],"curies":[{"name":"wp","href":"https:\/\/api.w.org\/{rel}","templated":true}]}}