{"id":203432,"date":"2025-08-08T01:00:01","date_gmt":"2025-08-07T23:00:01","guid":{"rendered":"https:\/\/www.tendenzeshabbychic.it\/prodotto\/edg-caja-para-jerseys-de-navidad-h235-cm-2-modelos\/"},"modified":"2025-07-02T14:54:43","modified_gmt":"2025-07-02T13:54:43","slug":"edg-caja-para-jerseys-de-navidad-h235-cm-2-modelos","status":"publish","type":"product","link":"https:\/\/www.tendenzeshabbychic.it\/es\/producto\/edg-caja-para-jerseys-de-navidad-h235-cm-2-modelos\/","title":{"rendered":"EDG Caja para jerseys de Navidad H23,5 cm &#8211; 2 modelos"},"content":{"rendered":"<p>Este original recipiente navide\u00f1o de Enzo De Gasperi combina esp\u00edritu festivo y practicidad. Fabricado en cer\u00e1mica esmaltada, tiene forma de jersey navide\u00f1o tridimensional con detalles decorativos en relieve: disponible en dos versiones, una con un \u00e1rbol de Navidad y otra con un reno. Las mangas y el cuello son de color verde contrastado, con detalles grabados y motivos de nieve. La parte superior se levanta para revelar un gran compartimento ideal para guardar caramelos, galletas o peque\u00f1os objetos. Una propuesta l\u00fadica y refinada para decorar la cocina o el sal\u00f3n durante las fiestas.    <\/p>\n<ul>\n<li>Cer\u00e1mica pulida esmaltada con relieves decorativos<\/li>\n<li>Dise\u00f1o \u00fanico de jersey navide\u00f1o<\/li>\n<li>Tapa extra\u00edble con amplia abertura<\/li>\n<li>Dos temas surtidos: \u00e1rbol o reno<\/li>\n<li>Apto para lavavajillas, no microondas<\/li>\n<\/ul>\n\n\t<section class=\"section linkified dark\" id=\"section_89501542\">\n\t\t<div class=\"section-bg fill\" >\n\t\t\t<img loading=\"lazy\" decoding=\"async\" width=\"800\" height=\"213\" src=\"https:\/\/www.tendenzeshabbychic.it\/wp-content\/uploads\/2021\/09\/natale-hero-1-800x213.jpg\" class=\"bg attachment-medium size-medium\" alt=\"\" \/>\t\t\t\t\t\t<div class=\"section-bg-overlay absolute fill\"><\/div>\n\t\t\t\n\n\t\t<\/div>\n\n\t\t\n\n\t\t<div class=\"section-content relative\">\n\t\t\t\n\n<div class=\"row\"  id=\"row-1241302216\">\n\n\n\t<div id=\"col-574223611\" class=\"col small-12 large-12\"  >\n\t\t\t\t<div class=\"col-inner text-center\"  >\n\t\t\t\n\t\t\t\n\n<h3><span style=\"font-size: 180%;\">Navidad<\/span><\/h3>\n<p>Descubre la amplia selecci\u00f3n de productos para decorar tu hogar en Navidad.<\/p>\n<a href=\"https:\/\/www.tendenzeshabbychic.it\/es\/categoria-producto\/navidad\/\" class=\"button alert is-shade box-shadow-3 box-shadow-5-hover\" style=\"border-radius:5px;\">\n\t\t<span>haga clic aqu\u00ed<\/span>\n\t<\/a>\n\n\n\n\t\t<\/div>\n\t\t\t\t\t<\/div>\n\n\t\n\n<\/div>\n\n\t\t<\/div>\n\n\t\t\n<style>\n#section_89501542 {\n  padding-top: 12px;\n  padding-bottom: 12px;\n}\n#section_89501542 .section-bg-overlay {\n  background-color: rgba(0, 0, 0, 0.419);\n}\n#section_89501542 .section-bg img {\n  object-position: 21% 51%;\n}\n@media (min-width:550px) {\n  #section_89501542 {\n    padding-top: 57px;\n    padding-bottom: 57px;\n  }\n}\n<\/style>\n\t<\/section>\n\t\n","protected":false},"excerpt":{"rendered":"<p>Recipiente navide\u00f1o de cer\u00e1mica esmaltada con forma de jersey y detalles en relieve: \u00e1rbol o reno. Dos temas surtidos que se venden individualmente. <\/p>\n<p>\ud83d\udccf Alto 23,5 x Ancho 21,5 x Fondo 13 cm<\/p>\n","protected":false},"featured_media":191233,"comment_status":"open","ping_status":"closed","template":"","meta":{"_joinchat":[]},"pwb-brand":[2084],"product_brand":[],"product_cat":[2382,2371],"product_tag":[2917],"class_list":{"0":"post-203432","1":"product","2":"type-product","3":"status-publish","4":"has-post-thumbnail","6":"pwb-brand-edg-enzo-de-gasperi","7":"product_cat-accesorios-de-cocina","8":"product_cat-navidad","9":"product_tag-ceramica-y-porcelana","11":"first","12":"instock","13":"sale","14":"taxable","15":"shipping-taxable","16":"purchasable","17":"product-type-variable"},"brands":[{"id":2084,"name":"EDG - Enzo De Gasperi","slug":"edg-enzo-de-gasperi"}],"_links":{"self":[{"href":"https:\/\/www.tendenzeshabbychic.it\/es\/wp-json\/wp\/v2\/product\/203432","targetHints":{"allow":["GET"]}}],"collection":[{"href":"https:\/\/www.tendenzeshabbychic.it\/es\/wp-json\/wp\/v2\/product"}],"about":[{"href":"https:\/\/www.tendenzeshabbychic.it\/es\/wp-json\/wp\/v2\/types\/product"}],"replies":[{"embeddable":true,"href":"https:\/\/www.tendenzeshabbychic.it\/es\/wp-json\/wp\/v2\/comments?post=203432"}],"wp:featuredmedia":[{"embeddable":true,"href":"https:\/\/www.tendenzeshabbychic.it\/es\/wp-json\/wp\/v2\/media\/191233"}],"wp:attachment":[{"href":"https:\/\/www.tendenzeshabbychic.it\/es\/wp-json\/wp\/v2\/media?parent=203432"}],"wp:term":[{"taxonomy":"pwb-brand","embeddable":true,"href":"https:\/\/www.tendenzeshabbychic.it\/es\/wp-json\/wp\/v2\/pwb-brand?post=203432"},{"taxonomy":"product_brand","embeddable":true,"href":"https:\/\/www.tendenzeshabbychic.it\/es\/wp-json\/wp\/v2\/product_brand?post=203432"},{"taxonomy":"product_cat","embeddable":true,"href":"https:\/\/www.tendenzeshabbychic.it\/es\/wp-json\/wp\/v2\/product_cat?post=203432"},{"taxonomy":"product_tag","embeddable":true,"href":"https:\/\/www.tendenzeshabbychic.it\/es\/wp-json\/wp\/v2\/product_tag?post=203432"}],"curies":[{"name":"wp","href":"https:\/\/api.w.org\/{rel}","templated":true}]}}