{"id":202769,"date":"2025-08-08T01:00:01","date_gmt":"2025-08-07T23:00:01","guid":{"rendered":"https:\/\/www.tendenzeshabbychic.it\/prodotto\/edg-base-eje-deslizante-con-regalos-h39\/"},"modified":"2025-06-29T09:26:19","modified_gmt":"2025-06-29T08:26:19","slug":"edg-base-eje-deslizante-con-regalos-h39","status":"publish","type":"product","link":"https:\/\/www.tendenzeshabbychic.it\/es\/producto\/edg-base-eje-deslizante-con-regalos-h39\/","title":{"rendered":"EDG Base Eje Deslizante con Regalos H39"},"content":{"rendered":"<p>Aporta elegancia navide\u00f1a a tu \u00e1rbol con la base \u00abTrineo con regalos\u00bb de EDG. Un trineo de poliresina roja brillante, adornado con detalles dorados como cintas, frisos barrocos y esqu\u00eds envejecidos. En el interior, un colorido envoltorio decorativo de regalo oculta el tubo met\u00e1lico dorado con tornillos de mariposa, dise\u00f1ado para sujetar el \u00e1rbol de forma segura y estable. Un elemento esc\u00e9nico perfecto para ambientes refinados y fiestas con estilo.   <\/p>\n<ul>\n<li>Elegante dise\u00f1o navide\u00f1o tipo trineo<\/li>\n<li>Material: poliresina con detalles pintados a mano<\/li>\n<li>Soporte de eje met\u00e1lico integrado de color dorado<\/li>\n<li>Decoraciones en relieve y colores vivos<\/li>\n<li>Ideal para salones, escaparates o entradas<\/li>\n<\/ul>\n\n\t<section class=\"section linkified dark\" id=\"section_1149115461\">\n\t\t<div class=\"section-bg fill\" >\n\t\t\t<img loading=\"lazy\" decoding=\"async\" width=\"800\" height=\"213\" src=\"https:\/\/www.tendenzeshabbychic.it\/wp-content\/uploads\/2021\/09\/natale-hero-1-800x213.jpg\" class=\"bg attachment-medium size-medium\" alt=\"\" \/>\t\t\t\t\t\t<div class=\"section-bg-overlay absolute fill\"><\/div>\n\t\t\t\n\n\t\t<\/div>\n\n\t\t\n\n\t\t<div class=\"section-content relative\">\n\t\t\t\n\n<div class=\"row\"  id=\"row-224578746\">\n\n\n\t<div id=\"col-1171570333\" class=\"col small-12 large-12\"  >\n\t\t\t\t<div class=\"col-inner text-center\"  >\n\t\t\t\n\t\t\t\n\n<h3><span style=\"font-size: 180%;\">Navidad<\/span><\/h3>\n<p>Descubre la amplia selecci\u00f3n de productos para decorar tu hogar en Navidad.<\/p>\n<a href=\"https:\/\/www.tendenzeshabbychic.it\/es\/categoria-producto\/navidad\/\" class=\"button alert is-shade box-shadow-3 box-shadow-5-hover\" style=\"border-radius:5px;\">\n\t\t<span>haga clic aqu\u00ed<\/span>\n\t<\/a>\n\n\n\n\t\t<\/div>\n\t\t\t\t\t<\/div>\n\n\t\n\n<\/div>\n\n\t\t<\/div>\n\n\t\t\n<style>\n#section_1149115461 {\n  padding-top: 12px;\n  padding-bottom: 12px;\n}\n#section_1149115461 .section-bg-overlay {\n  background-color: rgba(0, 0, 0, 0.419);\n}\n#section_1149115461 .section-bg img {\n  object-position: 21% 51%;\n}\n@media (min-width:550px) {\n  #section_1149115461 {\n    padding-top: 57px;\n    padding-bottom: 57px;\n  }\n}\n<\/style>\n\t<\/section>\n\t\n","protected":false},"excerpt":{"rendered":"<p>Base de \u00e1rbol roja en forma de trineo con adornos dorados, envoltorio de regalo de colores y soporte met\u00e1lico dorado integrado.<\/p>\n<p>\ud83d\udccf Alto 39 x Ancho 43 x Fondo 22 cm<\/p>\n","protected":false},"featured_media":190350,"comment_status":"open","ping_status":"closed","template":"","meta":{"_joinchat":[]},"pwb-brand":[2084],"product_brand":[],"product_cat":[3099,2371],"product_tag":[],"class_list":{"0":"post-202769","1":"product","2":"type-product","3":"status-publish","4":"has-post-thumbnail","6":"pwb-brand-edg-enzo-de-gasperi","7":"product_cat-soportes-para-arboles-de-navidad","8":"product_cat-navidad","10":"first","11":"instock","12":"sale","13":"taxable","14":"shipping-taxable","15":"purchasable","16":"product-type-simple"},"brands":[{"id":2084,"name":"EDG - Enzo De Gasperi","slug":"edg-enzo-de-gasperi"}],"_links":{"self":[{"href":"https:\/\/www.tendenzeshabbychic.it\/es\/wp-json\/wp\/v2\/product\/202769","targetHints":{"allow":["GET"]}}],"collection":[{"href":"https:\/\/www.tendenzeshabbychic.it\/es\/wp-json\/wp\/v2\/product"}],"about":[{"href":"https:\/\/www.tendenzeshabbychic.it\/es\/wp-json\/wp\/v2\/types\/product"}],"replies":[{"embeddable":true,"href":"https:\/\/www.tendenzeshabbychic.it\/es\/wp-json\/wp\/v2\/comments?post=202769"}],"wp:featuredmedia":[{"embeddable":true,"href":"https:\/\/www.tendenzeshabbychic.it\/es\/wp-json\/wp\/v2\/media\/190350"}],"wp:attachment":[{"href":"https:\/\/www.tendenzeshabbychic.it\/es\/wp-json\/wp\/v2\/media?parent=202769"}],"wp:term":[{"taxonomy":"pwb-brand","embeddable":true,"href":"https:\/\/www.tendenzeshabbychic.it\/es\/wp-json\/wp\/v2\/pwb-brand?post=202769"},{"taxonomy":"product_brand","embeddable":true,"href":"https:\/\/www.tendenzeshabbychic.it\/es\/wp-json\/wp\/v2\/product_brand?post=202769"},{"taxonomy":"product_cat","embeddable":true,"href":"https:\/\/www.tendenzeshabbychic.it\/es\/wp-json\/wp\/v2\/product_cat?post=202769"},{"taxonomy":"product_tag","embeddable":true,"href":"https:\/\/www.tendenzeshabbychic.it\/es\/wp-json\/wp\/v2\/product_tag?post=202769"}],"curies":[{"name":"wp","href":"https:\/\/api.w.org\/{rel}","templated":true}]}}