{"id":202751,"date":"2025-08-08T01:00:01","date_gmt":"2025-08-07T23:00:01","guid":{"rendered":"https:\/\/www.tendenzeshabbychic.it\/prodotto\/edg-cojin-bordado-temporada-alegre-45x45-cm\/"},"modified":"2025-07-02T14:03:50","modified_gmt":"2025-07-02T13:03:50","slug":"edg-cojin-bordado-temporada-alegre-45x45-cm","status":"publish","type":"product","link":"https:\/\/www.tendenzeshabbychic.it\/es\/producto\/edg-cojin-bordado-temporada-alegre-45x45-cm\/","title":{"rendered":"EDG Coj\u00edn bordado Temporada Alegre 45&#215;45 cm"},"content":{"rendered":"<p>El coj\u00edn \u00abTemporada alegre\u00bb de Enzo de Gasperi es un refinado accesorio navide\u00f1o de suave terciopelo marfil. El bordado incluye la inscripci\u00f3n festiva en elegante letra cursiva rojo burdeos, acompa\u00f1ada de estilizadas ramitas de mu\u00e9rdago en verde oliva y bayas rojas. Pr\u00e1ctico y decorativo, es totalmente desenfundable y lavable, ideal para enriquecer sof\u00e1s, sillones o camas durante las fiestas con un toque alegre y sofisticado.  <\/p>\n<ul>\n<li>Bordado festivo con letras y detalles naturales<\/li>\n<li>Terciopelo marfil de alta calidad<\/li>\n<li>Extra\u00edble con cremallera oculta<\/li>\n<li>Lavable para un uso pr\u00e1ctico<\/li>\n<li>Perfecto para ambientes navide\u00f1os elegantes<\/li>\n<\/ul>\n\n\t<section class=\"section linkified dark\" id=\"section_446452484\">\n\t\t<div class=\"section-bg fill\" >\n\t\t\t<img loading=\"lazy\" decoding=\"async\" width=\"800\" height=\"213\" src=\"https:\/\/www.tendenzeshabbychic.it\/wp-content\/uploads\/2021\/09\/natale-hero-1-800x213.jpg\" class=\"bg attachment-medium size-medium\" alt=\"\" \/>\t\t\t\t\t\t<div class=\"section-bg-overlay absolute fill\"><\/div>\n\t\t\t\n\n\t\t<\/div>\n\n\t\t\n\n\t\t<div class=\"section-content relative\">\n\t\t\t\n\n<div class=\"row\"  id=\"row-1919163769\">\n\n\n\t<div id=\"col-704851835\" class=\"col small-12 large-12\"  >\n\t\t\t\t<div class=\"col-inner text-center\"  >\n\t\t\t\n\t\t\t\n\n<h3><span style=\"font-size: 180%;\">Navidad<\/span><\/h3>\n<p>Descubre la amplia selecci\u00f3n de productos para decorar tu hogar en Navidad.<\/p>\n<a href=\"https:\/\/www.tendenzeshabbychic.it\/es\/categoria-producto\/navidad\/\" class=\"button alert is-shade box-shadow-3 box-shadow-5-hover\" style=\"border-radius:5px;\">\n\t\t<span>haga clic aqu\u00ed<\/span>\n\t<\/a>\n\n\n\n\t\t<\/div>\n\t\t\t\t\t<\/div>\n\n\t\n\n<\/div>\n\n\t\t<\/div>\n\n\t\t\n<style>\n#section_446452484 {\n  padding-top: 12px;\n  padding-bottom: 12px;\n}\n#section_446452484 .section-bg-overlay {\n  background-color: rgba(0, 0, 0, 0.419);\n}\n#section_446452484 .section-bg img {\n  object-position: 21% 51%;\n}\n@media (min-width:550px) {\n  #section_446452484 {\n    padding-top: 57px;\n    padding-bottom: 57px;\n  }\n}\n<\/style>\n\t<\/section>\n\t\n","protected":false},"excerpt":{"rendered":"<p>Coj\u00edn de terciopelo marfil con inscripci\u00f3n \u00abTemporada alegre\u00bb y ramitas bordadas. Elegante, desenfundable y lavable. <\/p>\n<p>\ud83d\udccf 45 x 45 cm<\/p>\n","protected":false},"featured_media":191143,"comment_status":"open","ping_status":"closed","template":"","meta":{"_joinchat":[]},"pwb-brand":[2084],"product_brand":[],"product_cat":[2389,2371],"product_tag":[],"class_list":{"0":"post-202751","1":"product","2":"type-product","3":"status-publish","4":"has-post-thumbnail","6":"pwb-brand-edg-enzo-de-gasperi","7":"product_cat-cojines","8":"product_cat-navidad","10":"first","11":"instock","12":"sale","13":"taxable","14":"shipping-taxable","15":"purchasable","16":"product-type-simple"},"brands":[{"id":2084,"name":"EDG - Enzo De Gasperi","slug":"edg-enzo-de-gasperi"}],"_links":{"self":[{"href":"https:\/\/www.tendenzeshabbychic.it\/es\/wp-json\/wp\/v2\/product\/202751","targetHints":{"allow":["GET"]}}],"collection":[{"href":"https:\/\/www.tendenzeshabbychic.it\/es\/wp-json\/wp\/v2\/product"}],"about":[{"href":"https:\/\/www.tendenzeshabbychic.it\/es\/wp-json\/wp\/v2\/types\/product"}],"replies":[{"embeddable":true,"href":"https:\/\/www.tendenzeshabbychic.it\/es\/wp-json\/wp\/v2\/comments?post=202751"}],"wp:featuredmedia":[{"embeddable":true,"href":"https:\/\/www.tendenzeshabbychic.it\/es\/wp-json\/wp\/v2\/media\/191143"}],"wp:attachment":[{"href":"https:\/\/www.tendenzeshabbychic.it\/es\/wp-json\/wp\/v2\/media?parent=202751"}],"wp:term":[{"taxonomy":"pwb-brand","embeddable":true,"href":"https:\/\/www.tendenzeshabbychic.it\/es\/wp-json\/wp\/v2\/pwb-brand?post=202751"},{"taxonomy":"product_brand","embeddable":true,"href":"https:\/\/www.tendenzeshabbychic.it\/es\/wp-json\/wp\/v2\/product_brand?post=202751"},{"taxonomy":"product_cat","embeddable":true,"href":"https:\/\/www.tendenzeshabbychic.it\/es\/wp-json\/wp\/v2\/product_cat?post=202751"},{"taxonomy":"product_tag","embeddable":true,"href":"https:\/\/www.tendenzeshabbychic.it\/es\/wp-json\/wp\/v2\/product_tag?post=202751"}],"curies":[{"name":"wp","href":"https:\/\/api.w.org\/{rel}","templated":true}]}}