{"id":202335,"date":"2025-08-08T01:00:01","date_gmt":"2025-08-07T23:00:01","guid":{"rendered":"https:\/\/www.tendenzeshabbychic.it\/prodotto\/blanc-mariclo-linterna-casa-de-madera-y-cristal-9x12-cm\/"},"modified":"2025-07-16T10:06:24","modified_gmt":"2025-07-16T09:06:24","slug":"blanc-mariclo-linterna-casa-de-madera-y-cristal-9x12-cm","status":"publish","type":"product","link":"https:\/\/www.tendenzeshabbychic.it\/es\/producto\/blanc-mariclo-linterna-casa-de-madera-y-cristal-9x12-cm\/","title":{"rendered":"Blanc MariClo Linterna Casa de Madera y Cristal 9&#215;12 cm"},"content":{"rendered":"<p>Este bonito farol Blanc MariClo con forma de casita est\u00e1 hecho de madera de mango con un acabado de efecto blanqueado, que le da un aspecto natural y vivido.<\/p>\n<p>Las paredes est\u00e1n talladas con ventanas y corazones, y en su interior hay un candelabro de cristal.<\/p>\n<p>Perfecto para crear ambientes acogedores y c\u00e1lidos durante el invierno o la Navidad, se adapta a los estilos r\u00fastico, shabby y n\u00f3rdico.<\/p>\n<ul>\n<li>De madera de mango natural<\/li>\n<li>Detalles tallados en forma de ventanas y corazones<\/li>\n<li>Vaso interior de cristal para velas<\/li>\n<li>Ideal para ambientes shabby, r\u00fasticos o navide\u00f1os<\/li>\n<li>Objeto decorativo \u00fanico y llamativo<\/li>\n<\/ul>\n\n\t<section class=\"section linkified dark\" id=\"section_1068081554\">\n\t\t<div class=\"section-bg fill\" >\n\t\t\t<img loading=\"lazy\" decoding=\"async\" width=\"800\" height=\"213\" src=\"https:\/\/www.tendenzeshabbychic.it\/wp-content\/uploads\/2021\/09\/natale-hero-1-800x213.jpg\" class=\"bg attachment-medium size-medium\" alt=\"\" \/>\t\t\t\t\t\t<div class=\"section-bg-overlay absolute fill\"><\/div>\n\t\t\t\n\n\t\t<\/div>\n\n\t\t\n\n\t\t<div class=\"section-content relative\">\n\t\t\t\n\n<div class=\"row\"  id=\"row-458751252\">\n\n\n\t<div id=\"col-1113742463\" class=\"col small-12 large-12\"  >\n\t\t\t\t<div class=\"col-inner text-center\"  >\n\t\t\t\n\t\t\t\n\n<h3><span style=\"font-size: 180%;\">Navidad<\/span><\/h3>\n<p>Descubre la amplia selecci\u00f3n de productos para decorar tu hogar en Navidad.<\/p>\n<a href=\"https:\/\/www.tendenzeshabbychic.it\/es\/categoria-producto\/navidad\/\" class=\"button alert is-shade box-shadow-3 box-shadow-5-hover\" style=\"border-radius:5px;\">\n\t\t<span>haga clic aqu\u00ed<\/span>\n\t<\/a>\n\n\n\n\t\t<\/div>\n\t\t\t\t\t<\/div>\n\n\t\n\n<\/div>\n\n\t\t<\/div>\n\n\t\t\n<style>\n#section_1068081554 {\n  padding-top: 12px;\n  padding-bottom: 12px;\n}\n#section_1068081554 .section-bg-overlay {\n  background-color: rgba(0, 0, 0, 0.419);\n}\n#section_1068081554 .section-bg img {\n  object-position: 21% 51%;\n}\n@media (min-width:550px) {\n  #section_1068081554 {\n    padding-top: 57px;\n    padding-bottom: 57px;\n  }\n}\n<\/style>\n\t<\/section>\n\t\n","protected":false},"excerpt":{"rendered":"<p>Farol decorativo de madera blanqueada en forma de casita con portavelas interior de cristal.<\/p>\n<p>\ud83d\udccf 9 x 9 x 12 cm<\/p>\n","protected":false},"featured_media":194892,"comment_status":"open","ping_status":"closed","template":"","meta":{"_joinchat":[]},"pwb-brand":[2076],"product_brand":[],"product_cat":[2322,2320,2371],"product_tag":[2172,2283],"class_list":{"0":"post-202335","1":"product","2":"type-product","3":"status-publish","4":"has-post-thumbnail","6":"pwb-brand-blanc-mariclo-es","7":"product_cat-linternas","8":"product_cat-candelabros-y-portavelas","9":"product_cat-navidad","10":"product_tag-escama","11":"product_tag-idea-de-regalo","12":"pa_colore-natural","14":"first","15":"instock","16":"sale","17":"taxable","18":"shipping-taxable","19":"purchasable","20":"product-type-simple"},"brands":[{"id":2076,"name":"Blanc Mariclo","slug":"blanc-mariclo-es"}],"_links":{"self":[{"href":"https:\/\/www.tendenzeshabbychic.it\/es\/wp-json\/wp\/v2\/product\/202335","targetHints":{"allow":["GET"]}}],"collection":[{"href":"https:\/\/www.tendenzeshabbychic.it\/es\/wp-json\/wp\/v2\/product"}],"about":[{"href":"https:\/\/www.tendenzeshabbychic.it\/es\/wp-json\/wp\/v2\/types\/product"}],"replies":[{"embeddable":true,"href":"https:\/\/www.tendenzeshabbychic.it\/es\/wp-json\/wp\/v2\/comments?post=202335"}],"wp:featuredmedia":[{"embeddable":true,"href":"https:\/\/www.tendenzeshabbychic.it\/es\/wp-json\/wp\/v2\/media\/194892"}],"wp:attachment":[{"href":"https:\/\/www.tendenzeshabbychic.it\/es\/wp-json\/wp\/v2\/media?parent=202335"}],"wp:term":[{"taxonomy":"pwb-brand","embeddable":true,"href":"https:\/\/www.tendenzeshabbychic.it\/es\/wp-json\/wp\/v2\/pwb-brand?post=202335"},{"taxonomy":"product_brand","embeddable":true,"href":"https:\/\/www.tendenzeshabbychic.it\/es\/wp-json\/wp\/v2\/product_brand?post=202335"},{"taxonomy":"product_cat","embeddable":true,"href":"https:\/\/www.tendenzeshabbychic.it\/es\/wp-json\/wp\/v2\/product_cat?post=202335"},{"taxonomy":"product_tag","embeddable":true,"href":"https:\/\/www.tendenzeshabbychic.it\/es\/wp-json\/wp\/v2\/product_tag?post=202335"}],"curies":[{"name":"wp","href":"https:\/\/api.w.org\/{rel}","templated":true}]}}