{"id":202322,"date":"2025-08-08T01:00:01","date_gmt":"2025-08-07T23:00:01","guid":{"rendered":"https:\/\/www.tendenzeshabbychic.it\/prodotto\/blanc-mariclo-plato-batidor-abies-natalis-16x16-cm\/"},"modified":"2025-07-16T09:58:48","modified_gmt":"2025-07-16T08:58:48","slug":"blanc-mariclo-plato-batidor-abies-natalis-16x16-cm","status":"publish","type":"product","link":"https:\/\/www.tendenzeshabbychic.it\/es\/producto\/blanc-mariclo-plato-batidor-abies-natalis-16x16-cm\/","title":{"rendered":"Blanc MariClo Plato\/Batidor Abies Natalis 16&#215;16 cm"},"content":{"rendered":"<p>El platillo\/bandeja Blanc MariClo de la colecci\u00f3n Abies Natalis es un accesorio refinado y pr\u00e1ctico para la mesa festiva.<\/p>\n<p>De cer\u00e1mica esmaltada, presenta una elegante decoraci\u00f3n con un \u00e1rbol de Navidad central y un contorno verde sobre un borde perfilado.<\/p>\n<p>Perfecta para servir dulces, panettone o como bandeja de vaciado decorativa. Se integra perfectamente con los dem\u00e1s art\u00edculos de la colecci\u00f3n para un look navide\u00f1o total. <\/p>\n<ul>\n<li>Cer\u00e1mica esmaltada resistente<\/li>\n<li>Elegante decoraci\u00f3n navide\u00f1a<\/li>\n<li>Puede utilizarse como platillo o bandeja peque\u00f1a<\/li>\n<li>Formato pr\u00e1ctico y que ocupa poco espacio<\/li>\n<li>Coordina con toda la l\u00ednea Abies Natalis<\/li>\n<\/ul>\n\n\t<section class=\"section linkified dark\" id=\"section_1872726001\">\n\t\t<div class=\"section-bg fill\" >\n\t\t\t<img loading=\"lazy\" decoding=\"async\" width=\"800\" height=\"213\" src=\"https:\/\/www.tendenzeshabbychic.it\/wp-content\/uploads\/2021\/09\/natale-hero-1-800x213.jpg\" class=\"bg attachment-medium size-medium\" alt=\"\" \/>\t\t\t\t\t\t<div class=\"section-bg-overlay absolute fill\"><\/div>\n\t\t\t\n\n\t\t<\/div>\n\n\t\t\n\n\t\t<div class=\"section-content relative\">\n\t\t\t\n\n<div class=\"row\"  id=\"row-1939228786\">\n\n\n\t<div id=\"col-2093600780\" class=\"col small-12 large-12\"  >\n\t\t\t\t<div class=\"col-inner text-center\"  >\n\t\t\t\n\t\t\t\n\n<h3><span style=\"font-size: 180%;\">Navidad<\/span><\/h3>\n<p>Descubre la amplia selecci\u00f3n de productos para decorar tu hogar en Navidad.<\/p>\n<a href=\"https:\/\/www.tendenzeshabbychic.it\/es\/categoria-producto\/navidad\/\" class=\"button alert is-shade box-shadow-3 box-shadow-5-hover\" style=\"border-radius:5px;\">\n\t\t<span>haga clic aqu\u00ed<\/span>\n\t<\/a>\n\n\n\n\t\t<\/div>\n\t\t\t\t\t<\/div>\n\n\t\n\n<\/div>\n\n\t\t<\/div>\n\n\t\t\n<style>\n#section_1872726001 {\n  padding-top: 12px;\n  padding-bottom: 12px;\n}\n#section_1872726001 .section-bg-overlay {\n  background-color: rgba(0, 0, 0, 0.419);\n}\n#section_1872726001 .section-bg img {\n  object-position: 21% 51%;\n}\n@media (min-width:550px) {\n  #section_1872726001 {\n    padding-top: 57px;\n    padding-bottom: 57px;\n  }\n}\n<\/style>\n\t<\/section>\n\t\n","protected":false},"excerpt":{"rendered":"<p>Plato de cer\u00e1mica con \u00e1rbol de Navidad y bordes verdes. Elegante y vers\u00e1til para las fiestas. <\/p>\n<p>\ud83d\udccf 16 x 16 x 2 cm<\/p>\n","protected":false},"featured_media":194884,"comment_status":"open","ping_status":"closed","template":"","meta":{"_joinchat":[]},"pwb-brand":[2076],"product_brand":[],"product_cat":[2366,2371,2944],"product_tag":[2283],"class_list":{"0":"post-202322","1":"product","2":"type-product","3":"status-publish","4":"has-post-thumbnail","6":"pwb-brand-blanc-mariclo-es","7":"product_cat-menaje-de-mesa","8":"product_cat-navidad","9":"product_cat-vajilla","10":"product_tag-idea-de-regalo","12":"first","13":"instock","14":"sale","15":"taxable","16":"shipping-taxable","17":"purchasable","18":"product-type-simple"},"brands":[{"id":2076,"name":"Blanc Mariclo","slug":"blanc-mariclo-es"}],"_links":{"self":[{"href":"https:\/\/www.tendenzeshabbychic.it\/es\/wp-json\/wp\/v2\/product\/202322","targetHints":{"allow":["GET"]}}],"collection":[{"href":"https:\/\/www.tendenzeshabbychic.it\/es\/wp-json\/wp\/v2\/product"}],"about":[{"href":"https:\/\/www.tendenzeshabbychic.it\/es\/wp-json\/wp\/v2\/types\/product"}],"replies":[{"embeddable":true,"href":"https:\/\/www.tendenzeshabbychic.it\/es\/wp-json\/wp\/v2\/comments?post=202322"}],"wp:featuredmedia":[{"embeddable":true,"href":"https:\/\/www.tendenzeshabbychic.it\/es\/wp-json\/wp\/v2\/media\/194884"}],"wp:attachment":[{"href":"https:\/\/www.tendenzeshabbychic.it\/es\/wp-json\/wp\/v2\/media?parent=202322"}],"wp:term":[{"taxonomy":"pwb-brand","embeddable":true,"href":"https:\/\/www.tendenzeshabbychic.it\/es\/wp-json\/wp\/v2\/pwb-brand?post=202322"},{"taxonomy":"product_brand","embeddable":true,"href":"https:\/\/www.tendenzeshabbychic.it\/es\/wp-json\/wp\/v2\/product_brand?post=202322"},{"taxonomy":"product_cat","embeddable":true,"href":"https:\/\/www.tendenzeshabbychic.it\/es\/wp-json\/wp\/v2\/product_cat?post=202322"},{"taxonomy":"product_tag","embeddable":true,"href":"https:\/\/www.tendenzeshabbychic.it\/es\/wp-json\/wp\/v2\/product_tag?post=202322"}],"curies":[{"name":"wp","href":"https:\/\/api.w.org\/{rel}","templated":true}]}}