{"id":201543,"date":"2025-09-14T17:27:34","date_gmt":"2025-09-14T16:27:34","guid":{"rendered":"https:\/\/www.tendenzeshabbychic.it\/prodotto\/blanc-mariclo-cojin-calabaza-bordada-45x45-cm\/"},"modified":"2025-09-15T18:21:24","modified_gmt":"2025-09-15T17:21:24","slug":"blanc-mariclo-cojin-calabaza-bordada-45x45-cm","status":"publish","type":"product","link":"https:\/\/www.tendenzeshabbychic.it\/es\/producto\/blanc-mariclo-cojin-calabaza-bordada-45x45-cm\/","title":{"rendered":"Blanc MariCl\u00f2 Coj\u00edn Calabaza Bordada 45&#215;45 cm"},"content":{"rendered":"<p>El coj\u00edn de oto\u00f1o Blanc MariCl\u00f2 es un elegante elemento decorativo inspirado en la estaci\u00f3n de las hojas doradas. Fabricado con una mezcla de tejidos (70% algod\u00f3n y 30% fibra sint\u00e9tica), presenta un bordado en relieve de una gran calabaza con detalles en hilos de color naranja, \u00f3xido y amarillo mostaza, acompa\u00f1ada de hojas bordadas en tonos verdes y bronce. El fondo crema realza la vivacidad del tema, mientras que el contorno naranja cuidadosamente rematado le da un toque elegante y bien definido.  <\/p>\n<p>Perfecta para realzar sof\u00e1s, sillones o camas con un refinado y acogedor estilo Country Chic. Ideal para decoraciones de temporada o ambientes r\u00fasticos. <\/p>\n<ul>\n<li>Bordado muy detallado<\/li>\n<li>Dise\u00f1o oto\u00f1al con calabaza y hojas<\/li>\n<li>Perfil de color naranja para un acabado elegante<\/li>\n<li>Suave y duradero gracias a la mezcla de algod\u00f3n y fibra sint\u00e9tica<\/li>\n<li>Perfecto para el estilo Country Chic<\/li>\n<li>Colecci\u00f3n Calabaza de Ensue\u00f1o de Blanc MariClo<\/li>\n<\/ul>\n","protected":false},"excerpt":{"rendered":"<p>Coj\u00edn decorativo con maxi calabaza bordada sobre fondo crema. Perfil naranja en contraste. <\/p>\n<p>\ud83d\udccf 45 x 45 cm<\/p>\n<p><iframe loading=\"lazy\" title=\"Blanc MariCl\u00f2 Coj\u00edn Calabaza Bordada 45x45 cm\" src=\"https:\/\/www.youtube.com\/embed\/vtSPm77PxfQ\" width=\"458\" height=\"815\" frameborder=\"0\" allowfullscreen=\"allowfullscreen\"><\/iframe><\/p>\n\n\t<section class=\"section dark\" id=\"section_748570922\">\n\t\t<div class=\"section-bg fill\" >\n\t\t\t<img width=\"400\" height=\"400\" src=\"https:\/\/www.tendenzeshabbychic.it\/wp-content\/uploads\/2025\/06\/A38369-1-400x400.jpg\" class=\"bg attachment-medium size-medium\" alt=\"\" decoding=\"async\" loading=\"lazy\" \/>\t\t\t\t\t\t<div class=\"section-bg-overlay absolute fill\"><\/div>\n\t\t\t\n\n\t\t<\/div>\n\n\t\t\n\n\t\t<div class=\"section-content relative\">\n\t\t\t\n\n\t<div id=\"gap-1535835683\" class=\"gap-element clearfix\" style=\"display:block; height:auto;\">\n\t\t\n<style>\n#gap-1535835683 {\n  padding-top: 30px;\n}\n<\/style>\n\t<\/div>\n\t\n\n<div class=\"row align-center\"  id=\"row-1326015490\">\n\n\n\t<div id=\"col-1401726893\" class=\"col medium-12 small-12 large-9\"  >\n\t\t\t\t<div class=\"col-inner text-center\"  >\n\t\t\t\n\t<div class=\"is-border\"\n\t\tstyle=\"border-color:rgb(255, 255, 255);border-width:4px 4px 4px 4px;\">\n\t<\/div>\n\t\t\t\n\n\t<div id=\"gap-351031741\" class=\"gap-element clearfix\" style=\"display:block; height:auto;\">\n\t\t\n<style>\n#gap-351031741 {\n  padding-top: 30px;\n}\n<\/style>\n\t<\/div>\n\t\n\n\t<div id=\"text-4202232193\" class=\"text\">\n\t\t\n\n<h4 class=\"uppercase\">NUEVA COLECCI\u00d3N<\/h4>\n\t\t\n<style>\n#text-4202232193 {\n  font-size: 1rem;\n}\n<\/style>\n\t<\/div>\n\t\n\t<div id=\"gap-1376092583\" class=\"gap-element clearfix\" style=\"display:block; height:auto;\">\n\t\t\n<style>\n#gap-1376092583 {\n  padding-top: 10px;\n}\n<\/style>\n\t<\/div>\n\t\n\n\t<div id=\"text-2603227137\" class=\"text\">\n\t\t\n\n<h3>OTO\u00d1O<\/h3>\n\n\t\t\n<style>\n#text-2603227137 {\n  font-size: 2.5rem;\n  line-height: 1;\n}\n@media (min-width:550px) {\n  #text-2603227137 {\n    font-size: 4rem;\n    line-height: 0.75;\n  }\n}\n<\/style>\n\t<\/div>\n\t\n\t<div id=\"text-3085427655\" class=\"text\">\n\t\t\n\n<h3 class=\"uppercase\">INSP\u00cdRATE<\/h3>\n\n\t\t\n<style>\n#text-3085427655 {\n  font-size: 1rem;\n  line-height: 0.75;\n}\n<\/style>\n\t<\/div>\n\t\n\t<div id=\"gap-1373377832\" class=\"gap-element clearfix\" style=\"display:block; height:auto;\">\n\t\t\n<style>\n#gap-1373377832 {\n  padding-top: 20px;\n}\n<\/style>\n\t<\/div>\n\t\n\n<a href=\"https:\/\/www.tendenzeshabbychic.it\/es\/etiqueta-producto\/otono\/\" class=\"button white\" style=\"padding:5px 20px 5px 20px;\">\n\t\t<span>TODA LA COLECCI\u00d3N \ud83c\udf83<\/span>\n\t<\/a>\n\n\n\n\t\t<\/div>\n\t\t\t\t\n<style>\n#col-1401726893 > .col-inner {\n  padding: 10% 10% 10% 10%;\n}\n<\/style>\n\t<\/div>\n\n\t\n\n<\/div>\n\n\t\t<\/div>\n\n\t\t\n<style>\n#section_748570922 {\n  padding-top: 30px;\n  padding-bottom: 30px;\n  min-height: 400px;\n}\n#section_748570922 .section-bg-overlay {\n  background-color: rgba(14, 0, 0, 0.43);\n}\n#section_748570922 .section-bg img {\n  object-position: 55% 78%;\n}\n@media (min-width:550px) {\n  #section_748570922 {\n    min-height: 600px;\n  }\n}\n@media (min-width:850px) {\n  #section_748570922 {\n    min-height: 700px;\n  }\n}\n<\/style>\n\t<\/section>\n\t\n","protected":false},"featured_media":185886,"comment_status":"open","ping_status":"closed","template":"","meta":{"_joinchat":[]},"pwb-brand":[2076],"product_brand":[],"product_cat":[2389],"product_tag":[3259,2118],"class_list":{"0":"post-201543","1":"product","2":"type-product","3":"status-publish","4":"has-post-thumbnail","6":"pwb-brand-blanc-mariclo-es","7":"product_cat-cojines","8":"product_tag-calabazas","9":"product_tag-otono","10":"product_shipping_class-no-contrassegno-es","12":"first","13":"outofstock","14":"taxable","15":"shipping-taxable","16":"purchasable","17":"product-type-simple"},"brands":[{"id":2076,"name":"Blanc Mariclo","slug":"blanc-mariclo-es"}],"_links":{"self":[{"href":"https:\/\/www.tendenzeshabbychic.it\/es\/wp-json\/wp\/v2\/product\/201543","targetHints":{"allow":["GET"]}}],"collection":[{"href":"https:\/\/www.tendenzeshabbychic.it\/es\/wp-json\/wp\/v2\/product"}],"about":[{"href":"https:\/\/www.tendenzeshabbychic.it\/es\/wp-json\/wp\/v2\/types\/product"}],"replies":[{"embeddable":true,"href":"https:\/\/www.tendenzeshabbychic.it\/es\/wp-json\/wp\/v2\/comments?post=201543"}],"wp:featuredmedia":[{"embeddable":true,"href":"https:\/\/www.tendenzeshabbychic.it\/es\/wp-json\/wp\/v2\/media\/185886"}],"wp:attachment":[{"href":"https:\/\/www.tendenzeshabbychic.it\/es\/wp-json\/wp\/v2\/media?parent=201543"}],"wp:term":[{"taxonomy":"pwb-brand","embeddable":true,"href":"https:\/\/www.tendenzeshabbychic.it\/es\/wp-json\/wp\/v2\/pwb-brand?post=201543"},{"taxonomy":"product_brand","embeddable":true,"href":"https:\/\/www.tendenzeshabbychic.it\/es\/wp-json\/wp\/v2\/product_brand?post=201543"},{"taxonomy":"product_cat","embeddable":true,"href":"https:\/\/www.tendenzeshabbychic.it\/es\/wp-json\/wp\/v2\/product_cat?post=201543"},{"taxonomy":"product_tag","embeddable":true,"href":"https:\/\/www.tendenzeshabbychic.it\/es\/wp-json\/wp\/v2\/product_tag?post=201543"}],"curies":[{"name":"wp","href":"https:\/\/api.w.org\/{rel}","templated":true}]}}