{"id":201102,"date":"2025-09-03T00:34:53","date_gmt":"2025-09-02T23:34:53","guid":{"rendered":"https:\/\/www.tendenzeshabbychic.it\/prodotto\/edg-jarron-rayas-vidrio-h155-cm-4-colores\/"},"modified":"2025-06-26T17:34:53","modified_gmt":"2025-06-26T16:34:53","slug":"edg-jarron-rayas-vidrio-h155-cm-4-colores","status":"publish","type":"product","link":"https:\/\/www.tendenzeshabbychic.it\/es\/producto\/edg-jarron-rayas-vidrio-h155-cm-4-colores\/","title":{"rendered":"EDG Jarr\u00f3n Rayas Vidrio H15,5 cm 4 Colores"},"content":{"rendered":"<p>El jarr\u00f3n rayado EDG de vidrio coloreado es una pieza elegante y vers\u00e1til. Su forma sim\u00e9trica permite utilizarlo por ambos lados: por un lado como cuenco y por el otro como base para arreglos florales o velas. Las nervaduras verticales realzan el brillo del cristal y crean sofisticados juegos de luz. Disponible en cuatro tonos: verde oliva, champ\u00e1n, rosa empolvado y burdeos, para adaptarse a diferentes estilos de interior.   <\/p>\n<ul>\n<li>Dise\u00f1o reversible, dos usos en una sola pieza<\/li>\n<li>Cristal acanalado transparente impermeable<\/li>\n<li>Cuatro sofisticados colores para cada ambiente<\/li>\n<li>Perfecto como centro de mesa o portavelas<\/li>\n<li>Firmado EDG, garant\u00eda de calidad y estilo<\/li>\n<\/ul>\n","protected":false},"excerpt":{"rendered":"<p>Un jarr\u00f3n de cristal estriado que puede utilizarse por ambos lados. Disponible en 4 sofisticados tonos: verde, champ\u00e1n, rosa empolvado y burdeos. <\/p>\n<p>\ud83d\udccf H 15,5 x \u2300 15 cm<\/p>\n","protected":false},"featured_media":188998,"comment_status":"open","ping_status":"closed","template":"","meta":{"_joinchat":[]},"pwb-brand":[2084],"product_brand":[],"product_cat":[2357],"product_tag":[2283],"class_list":{"0":"post-201102","1":"product","2":"type-product","3":"status-publish","4":"has-post-thumbnail","6":"pwb-brand-edg-enzo-de-gasperi","7":"product_cat-jarrones","8":"product_tag-idea-de-regalo","9":"pa_colore-ambar","10":"pa_colore-malva-es","11":"pa_colore-marfil","12":"pa_colore-rosa-es","13":"pa_colore-verde-bosque","15":"first","16":"instock","17":"taxable","18":"shipping-taxable","19":"product-type-variable"},"brands":[{"id":2084,"name":"EDG - Enzo De Gasperi","slug":"edg-enzo-de-gasperi"}],"_links":{"self":[{"href":"https:\/\/www.tendenzeshabbychic.it\/es\/wp-json\/wp\/v2\/product\/201102","targetHints":{"allow":["GET"]}}],"collection":[{"href":"https:\/\/www.tendenzeshabbychic.it\/es\/wp-json\/wp\/v2\/product"}],"about":[{"href":"https:\/\/www.tendenzeshabbychic.it\/es\/wp-json\/wp\/v2\/types\/product"}],"replies":[{"embeddable":true,"href":"https:\/\/www.tendenzeshabbychic.it\/es\/wp-json\/wp\/v2\/comments?post=201102"}],"wp:featuredmedia":[{"embeddable":true,"href":"https:\/\/www.tendenzeshabbychic.it\/es\/wp-json\/wp\/v2\/media\/188998"}],"wp:attachment":[{"href":"https:\/\/www.tendenzeshabbychic.it\/es\/wp-json\/wp\/v2\/media?parent=201102"}],"wp:term":[{"taxonomy":"pwb-brand","embeddable":true,"href":"https:\/\/www.tendenzeshabbychic.it\/es\/wp-json\/wp\/v2\/pwb-brand?post=201102"},{"taxonomy":"product_brand","embeddable":true,"href":"https:\/\/www.tendenzeshabbychic.it\/es\/wp-json\/wp\/v2\/product_brand?post=201102"},{"taxonomy":"product_cat","embeddable":true,"href":"https:\/\/www.tendenzeshabbychic.it\/es\/wp-json\/wp\/v2\/product_cat?post=201102"},{"taxonomy":"product_tag","embeddable":true,"href":"https:\/\/www.tendenzeshabbychic.it\/es\/wp-json\/wp\/v2\/product_tag?post=201102"}],"curies":[{"name":"wp","href":"https:\/\/api.w.org\/{rel}","templated":true}]}}