{"id":201036,"date":"2025-08-09T01:00:01","date_gmt":"2025-08-08T23:00:01","guid":{"rendered":"https:\/\/www.tendenzeshabbychic.it\/prodotto\/edg-corona-de-pino-nevado-con-pinas-o50-cm\/"},"modified":"2025-09-03T11:40:32","modified_gmt":"2025-09-03T10:40:32","slug":"edg-corona-de-pino-nevado-con-pinas-o50-cm","status":"publish","type":"product","link":"https:\/\/www.tendenzeshabbychic.it\/es\/producto\/edg-corona-de-pino-nevado-con-pinas-o50-cm\/","title":{"rendered":"EDG Corona de pino nevado con pi\u00f1as \u00d850 cm"},"content":{"rendered":"<p>Esta corona de estilo natural de EDG est\u00e1 hecha de pl\u00e1stico de tacto real con efecto nevado y finos detalles. Las largas agujas de pino, mezcladas con peque\u00f1as pi\u00f1as marrones cubiertas de nieve artificial, dan a la composici\u00f3n un aspecto aut\u00e9ntico de bosque. La base est\u00e1 formada por una trama de ramas de aspecto natural, que realza la elegancia r\u00fastica.  <\/p>\n<p>Perfecto para colgar en la puerta, en la pared o como centro de mesa navide\u00f1o, a\u00f1ade calidez y ambiente a las habitaciones durante las fiestas.<\/p>\n<ul>\n<li>Efecto nieve realista en agujas y pi\u00f1as<\/li>\n<li>Pi\u00f1as decorativas integradas en la composici\u00f3n<\/li>\n<li>Base de ramas tejidas para un efecto artesanal<\/li>\n<li>Ideal para decoraciones interiores navide\u00f1as<\/li>\n<li>Di\u00e1metro compacto para espacios reducidos<\/li>\n<\/ul>\n\n\t<section class=\"section linkified dark\" id=\"section_1118259291\">\n\t\t<div class=\"section-bg fill\" >\n\t\t\t<img loading=\"lazy\" decoding=\"async\" width=\"800\" height=\"213\" src=\"https:\/\/www.tendenzeshabbychic.it\/wp-content\/uploads\/2021\/09\/natale-hero-1-800x213.jpg\" class=\"bg attachment-medium size-medium\" alt=\"\" \/>\t\t\t\t\t\t<div class=\"section-bg-overlay absolute fill\"><\/div>\n\t\t\t\n\n\t\t<\/div>\n\n\t\t\n\n\t\t<div class=\"section-content relative\">\n\t\t\t\n\n<div class=\"row\"  id=\"row-850010886\">\n\n\n\t<div id=\"col-1106537437\" class=\"col small-12 large-12\"  >\n\t\t\t\t<div class=\"col-inner text-center\"  >\n\t\t\t\n\t\t\t\n\n<h3><span style=\"font-size: 180%;\">Navidad<\/span><\/h3>\n<p>Descubre la amplia selecci\u00f3n de productos para decorar tu hogar en Navidad.<\/p>\n<a href=\"https:\/\/www.tendenzeshabbychic.it\/es\/categoria-producto\/navidad\/\" class=\"button alert is-shade box-shadow-3 box-shadow-5-hover\" style=\"border-radius:5px;\">\n\t\t<span>haga clic aqu\u00ed<\/span>\n\t<\/a>\n\n\n\n\t\t<\/div>\n\t\t\t\t\t<\/div>\n\n\t\n\n<\/div>\n\n\t\t<\/div>\n\n\t\t\n<style>\n#section_1118259291 {\n  padding-top: 12px;\n  padding-bottom: 12px;\n}\n#section_1118259291 .section-bg-overlay {\n  background-color: rgba(0, 0, 0, 0.419);\n}\n#section_1118259291 .section-bg img {\n  object-position: 21% 51%;\n}\n@media (min-width:550px) {\n  #section_1118259291 {\n    padding-top: 57px;\n    padding-bottom: 57px;\n  }\n}\n<\/style>\n\t<\/section>\n\t\n","protected":false},"excerpt":{"rendered":"<p>Corona de pl\u00e1stico de tacto real con largas agujas de pino nevadas y pi\u00f1as marrones. Base trenzada de ramas naturales. <\/p>\n<p>\ud83d\udccf \u00d8 50 cm<\/p>\n","protected":false},"featured_media":190885,"comment_status":"open","ping_status":"closed","template":"","meta":{"_joinchat":[]},"pwb-brand":[2084],"product_brand":[],"product_cat":[2466,2371],"product_tag":[3138],"class_list":{"0":"post-201036","1":"product","2":"type-product","3":"status-publish","4":"has-post-thumbnail","6":"pwb-brand-edg-enzo-de-gasperi","7":"product_cat-bolas-y-decoraciones-arbol-de-navidad","8":"product_cat-navidad","9":"product_tag-adornos-y-guirnaldas","11":"first","12":"instock","13":"sale","14":"taxable","15":"shipping-taxable","16":"purchasable","17":"product-type-simple"},"brands":[{"id":2084,"name":"EDG - Enzo De Gasperi","slug":"edg-enzo-de-gasperi"}],"_links":{"self":[{"href":"https:\/\/www.tendenzeshabbychic.it\/es\/wp-json\/wp\/v2\/product\/201036","targetHints":{"allow":["GET"]}}],"collection":[{"href":"https:\/\/www.tendenzeshabbychic.it\/es\/wp-json\/wp\/v2\/product"}],"about":[{"href":"https:\/\/www.tendenzeshabbychic.it\/es\/wp-json\/wp\/v2\/types\/product"}],"replies":[{"embeddable":true,"href":"https:\/\/www.tendenzeshabbychic.it\/es\/wp-json\/wp\/v2\/comments?post=201036"}],"wp:featuredmedia":[{"embeddable":true,"href":"https:\/\/www.tendenzeshabbychic.it\/es\/wp-json\/wp\/v2\/media\/190885"}],"wp:attachment":[{"href":"https:\/\/www.tendenzeshabbychic.it\/es\/wp-json\/wp\/v2\/media?parent=201036"}],"wp:term":[{"taxonomy":"pwb-brand","embeddable":true,"href":"https:\/\/www.tendenzeshabbychic.it\/es\/wp-json\/wp\/v2\/pwb-brand?post=201036"},{"taxonomy":"product_brand","embeddable":true,"href":"https:\/\/www.tendenzeshabbychic.it\/es\/wp-json\/wp\/v2\/product_brand?post=201036"},{"taxonomy":"product_cat","embeddable":true,"href":"https:\/\/www.tendenzeshabbychic.it\/es\/wp-json\/wp\/v2\/product_cat?post=201036"},{"taxonomy":"product_tag","embeddable":true,"href":"https:\/\/www.tendenzeshabbychic.it\/es\/wp-json\/wp\/v2\/product_tag?post=201036"}],"curies":[{"name":"wp","href":"https:\/\/api.w.org\/{rel}","templated":true}]}}