{"id":201001,"date":"2025-09-02T10:52:45","date_gmt":"2025-09-02T09:52:45","guid":{"rendered":"https:\/\/www.tendenzeshabbychic.it\/prodotto\/edg-vela-manzana-verde-h11cm-o8cm\/"},"modified":"2025-06-28T10:52:45","modified_gmt":"2025-06-28T09:52:45","slug":"edg-vela-manzana-verde-h11cm-o8cm","status":"publish","type":"product","link":"https:\/\/www.tendenzeshabbychic.it\/es\/producto\/edg-vela-manzana-verde-h11cm-o8cm\/","title":{"rendered":"EDG Vela Manzana Verde H11cm \u00d88cm"},"content":{"rendered":"<p>Esta vela EDG con forma de manzana combina dise\u00f1o natural y artesan\u00eda. Hecha 100% de cera con un acabado r\u00fastico mate, es un elemento decorativo perfecto para arreglos oto\u00f1ales, centros de mesa o escaparates tem\u00e1ticos. Su color verde intenso y su forma realista tambi\u00e9n la convierten en una idea de regalo original. Con un peso de 480 gramos, garantiza una larga duraci\u00f3n de combusti\u00f3n de aproximadamente 36 horas.   <\/p>\n<ul>\n<li>Cera 100% natural con acabado r\u00fastico mate<\/li>\n<li>Dise\u00f1o realista de manzana verde<\/li>\n<li>Excelente efecto decorativo para mesas y habitaciones<\/li>\n<li>Larga duraci\u00f3n: hasta 36 horas<\/li>\n<li>Envasado en bolsa de polietileno con el logotipo de EDG<\/li>\n<\/ul>\n<p>&nbsp;<\/p>\n\n\t<section class=\"section linkified dark\" id=\"section_2129540873\">\n\t\t<div class=\"section-bg fill\" >\n\t\t\t<img loading=\"lazy\" decoding=\"async\" width=\"800\" height=\"213\" src=\"https:\/\/www.tendenzeshabbychic.it\/wp-content\/uploads\/2021\/09\/natale-hero-1-800x213.jpg\" class=\"bg attachment-medium size-medium\" alt=\"\" \/>\t\t\t\t\t\t<div class=\"section-bg-overlay absolute fill\"><\/div>\n\t\t\t\n\n\t\t<\/div>\n\n\t\t\n\n\t\t<div class=\"section-content relative\">\n\t\t\t\n\n<div class=\"row\"  id=\"row-1153197322\">\n\n\n\t<div id=\"col-423136566\" class=\"col small-12 large-12\"  >\n\t\t\t\t<div class=\"col-inner text-center\"  >\n\t\t\t\n\t\t\t\n\n<h3><span style=\"font-size: 180%;\">Navidad<\/span><\/h3>\n<p>Descubre la amplia selecci\u00f3n de productos para decorar tu hogar en Navidad.<\/p>\n<a href=\"https:\/\/www.tendenzeshabbychic.it\/es\/categoria-producto\/navidad\/\" class=\"button alert is-shade box-shadow-3 box-shadow-5-hover\" style=\"border-radius:5px;\">\n\t\t<span>haga clic aqu\u00ed<\/span>\n\t<\/a>\n\n\n\n\t\t<\/div>\n\t\t\t\t\t<\/div>\n\n\t\n\n<\/div>\n\n\t\t<\/div>\n\n\t\t\n<style>\n#section_2129540873 {\n  padding-top: 12px;\n  padding-bottom: 12px;\n}\n#section_2129540873 .section-bg-overlay {\n  background-color: rgba(0, 0, 0, 0.419);\n}\n#section_2129540873 .section-bg img {\n  object-position: 21% 51%;\n}\n@media (min-width:550px) {\n  #section_2129540873 {\n    padding-top: 57px;\n    padding-bottom: 57px;\n  }\n}\n<\/style>\n\t<\/section>\n\t\n","protected":false},"excerpt":{"rendered":"<p>Vela decorativa con forma de manzana verde hecha 100% de cera. Acabado r\u00fastico, perfil realista y 36 horas de duraci\u00f3n. <\/p>\n<p>\ud83d\udccf H11 x \u00d8 8 cm<\/p>\n","protected":false},"featured_media":189755,"comment_status":"open","ping_status":"closed","template":"","meta":{"_joinchat":[]},"pwb-brand":[2084],"product_brand":[],"product_cat":[2321,2320],"product_tag":[2283],"class_list":{"0":"post-201001","1":"product","2":"type-product","3":"status-publish","4":"has-post-thumbnail","6":"pwb-brand-edg-enzo-de-gasperi","7":"product_cat-velas","8":"product_cat-candelabros-y-portavelas","9":"product_tag-idea-de-regalo","11":"first","12":"instock","13":"taxable","14":"shipping-taxable","15":"purchasable","16":"product-type-simple"},"brands":[{"id":2084,"name":"EDG - Enzo De Gasperi","slug":"edg-enzo-de-gasperi"}],"_links":{"self":[{"href":"https:\/\/www.tendenzeshabbychic.it\/es\/wp-json\/wp\/v2\/product\/201001","targetHints":{"allow":["GET"]}}],"collection":[{"href":"https:\/\/www.tendenzeshabbychic.it\/es\/wp-json\/wp\/v2\/product"}],"about":[{"href":"https:\/\/www.tendenzeshabbychic.it\/es\/wp-json\/wp\/v2\/types\/product"}],"replies":[{"embeddable":true,"href":"https:\/\/www.tendenzeshabbychic.it\/es\/wp-json\/wp\/v2\/comments?post=201001"}],"wp:featuredmedia":[{"embeddable":true,"href":"https:\/\/www.tendenzeshabbychic.it\/es\/wp-json\/wp\/v2\/media\/189755"}],"wp:attachment":[{"href":"https:\/\/www.tendenzeshabbychic.it\/es\/wp-json\/wp\/v2\/media?parent=201001"}],"wp:term":[{"taxonomy":"pwb-brand","embeddable":true,"href":"https:\/\/www.tendenzeshabbychic.it\/es\/wp-json\/wp\/v2\/pwb-brand?post=201001"},{"taxonomy":"product_brand","embeddable":true,"href":"https:\/\/www.tendenzeshabbychic.it\/es\/wp-json\/wp\/v2\/product_brand?post=201001"},{"taxonomy":"product_cat","embeddable":true,"href":"https:\/\/www.tendenzeshabbychic.it\/es\/wp-json\/wp\/v2\/product_cat?post=201001"},{"taxonomy":"product_tag","embeddable":true,"href":"https:\/\/www.tendenzeshabbychic.it\/es\/wp-json\/wp\/v2\/product_tag?post=201001"}],"curies":[{"name":"wp","href":"https:\/\/api.w.org\/{rel}","templated":true}]}}