{"id":200971,"date":"2025-08-09T01:00:01","date_gmt":"2025-08-08T23:00:01","guid":{"rendered":"https:\/\/www.tendenzeshabbychic.it\/prodotto\/edg-medallon-bordado-o22-cm\/"},"modified":"2025-06-28T22:34:39","modified_gmt":"2025-06-28T21:34:39","slug":"edg-medallon-bordado-o22-cm","status":"publish","type":"product","link":"https:\/\/www.tendenzeshabbychic.it\/es\/producto\/edg-medallon-bordado-o22-cm\/","title":{"rendered":"EDG Medall\u00f3n bordado \u00d822 cm"},"content":{"rendered":"<p>El medall\u00f3n bordado EDG es un elegante adorno navide\u00f1o de tejido de poli\u00e9ster, acabado con un marco de efecto madera clara. Disponible en dos versiones de venta individual: una con un bast\u00f3n de caramelo a rayas rojas, blancas y verdes con un lazo, y la otra con las palabras \u00abFeliz Navidad\u00bb rodeadas de acebo, bayas rojas y ramitas verdes. Ideal para adornar paredes, puertas o el \u00e1rbol, a\u00f1ade un toque artesanal y refinado al ambiente.  <\/p>\n<ul>\n<li>Bordado detallado con tema navide\u00f1o<\/li>\n<li>Estructura ligera pero resistente<\/li>\n<li>Marco de aspecto natural y c\u00e1lido<\/li>\n<li>Perfecto para ambientes Shabby Chic o tradicionales<\/li>\n<li>F\u00e1cil de colgar<\/li>\n<\/ul>\n\n\t<section class=\"section linkified dark\" id=\"section_1562024964\">\n\t\t<div class=\"section-bg fill\" >\n\t\t\t<img loading=\"lazy\" decoding=\"async\" width=\"800\" height=\"213\" src=\"https:\/\/www.tendenzeshabbychic.it\/wp-content\/uploads\/2021\/09\/natale-hero-1-800x213.jpg\" class=\"bg attachment-medium size-medium\" alt=\"\" \/>\t\t\t\t\t\t<div class=\"section-bg-overlay absolute fill\"><\/div>\n\t\t\t\n\n\t\t<\/div>\n\n\t\t\n\n\t\t<div class=\"section-content relative\">\n\t\t\t\n\n<div class=\"row\"  id=\"row-362162302\">\n\n\n\t<div id=\"col-890121921\" class=\"col small-12 large-12\"  >\n\t\t\t\t<div class=\"col-inner text-center\"  >\n\t\t\t\n\t\t\t\n\n<h3><span style=\"font-size: 180%;\">Navidad<\/span><\/h3>\n<p>Descubre la amplia selecci\u00f3n de productos para decorar tu hogar en Navidad.<\/p>\n<a href=\"https:\/\/www.tendenzeshabbychic.it\/es\/categoria-producto\/navidad\/\" class=\"button alert is-shade box-shadow-3 box-shadow-5-hover\" style=\"border-radius:5px;\">\n\t\t<span>haga clic aqu\u00ed<\/span>\n\t<\/a>\n\n\n\n\t\t<\/div>\n\t\t\t\t\t<\/div>\n\n\t\n\n<\/div>\n\n\t\t<\/div>\n\n\t\t\n<style>\n#section_1562024964 {\n  padding-top: 12px;\n  padding-bottom: 12px;\n}\n#section_1562024964 .section-bg-overlay {\n  background-color: rgba(0, 0, 0, 0.419);\n}\n#section_1562024964 .section-bg img {\n  object-position: 21% 51%;\n}\n@media (min-width:550px) {\n  #section_1562024964 {\n    padding-top: 57px;\n    padding-bottom: 57px;\n  }\n}\n<\/style>\n\t<\/section>\n\t\n","protected":false},"excerpt":{"rendered":"<p>Medall\u00f3n de tela bordada con detalles navide\u00f1os: bast\u00f3n de caramelo o inscripci\u00f3n \u00abFeliz Navidad\u00bb, acabado en un marco de madera clara.<\/p>\n<p>\ud83d\udccf \u00d8 22 cm<\/p>\n","protected":false},"featured_media":190291,"comment_status":"open","ping_status":"closed","template":"","meta":{"_joinchat":[]},"pwb-brand":[2084],"product_brand":[],"product_cat":[2466,2371],"product_tag":[],"class_list":{"0":"post-200971","1":"product","2":"type-product","3":"status-publish","4":"has-post-thumbnail","6":"pwb-brand-edg-enzo-de-gasperi","7":"product_cat-bolas-y-decoraciones-arbol-de-navidad","8":"product_cat-navidad","10":"first","11":"instock","12":"sale","13":"taxable","14":"shipping-taxable","15":"purchasable","16":"product-type-variable"},"brands":[{"id":2084,"name":"EDG - Enzo De Gasperi","slug":"edg-enzo-de-gasperi"}],"_links":{"self":[{"href":"https:\/\/www.tendenzeshabbychic.it\/es\/wp-json\/wp\/v2\/product\/200971","targetHints":{"allow":["GET"]}}],"collection":[{"href":"https:\/\/www.tendenzeshabbychic.it\/es\/wp-json\/wp\/v2\/product"}],"about":[{"href":"https:\/\/www.tendenzeshabbychic.it\/es\/wp-json\/wp\/v2\/types\/product"}],"replies":[{"embeddable":true,"href":"https:\/\/www.tendenzeshabbychic.it\/es\/wp-json\/wp\/v2\/comments?post=200971"}],"wp:featuredmedia":[{"embeddable":true,"href":"https:\/\/www.tendenzeshabbychic.it\/es\/wp-json\/wp\/v2\/media\/190291"}],"wp:attachment":[{"href":"https:\/\/www.tendenzeshabbychic.it\/es\/wp-json\/wp\/v2\/media?parent=200971"}],"wp:term":[{"taxonomy":"pwb-brand","embeddable":true,"href":"https:\/\/www.tendenzeshabbychic.it\/es\/wp-json\/wp\/v2\/pwb-brand?post=200971"},{"taxonomy":"product_brand","embeddable":true,"href":"https:\/\/www.tendenzeshabbychic.it\/es\/wp-json\/wp\/v2\/product_brand?post=200971"},{"taxonomy":"product_cat","embeddable":true,"href":"https:\/\/www.tendenzeshabbychic.it\/es\/wp-json\/wp\/v2\/product_cat?post=200971"},{"taxonomy":"product_tag","embeddable":true,"href":"https:\/\/www.tendenzeshabbychic.it\/es\/wp-json\/wp\/v2\/product_tag?post=200971"}],"curies":[{"name":"wp","href":"https:\/\/api.w.org\/{rel}","templated":true}]}}