{"id":200948,"date":"2025-09-02T11:20:57","date_gmt":"2025-09-02T10:20:57","guid":{"rendered":"https:\/\/www.tendenzeshabbychic.it\/prodotto\/edg-vela-perfumada-jolie-rosa-h-13-cm\/"},"modified":"2025-06-28T11:20:57","modified_gmt":"2025-06-28T10:20:57","slug":"edg-vela-perfumada-jolie-rosa-h-13-cm","status":"publish","type":"product","link":"https:\/\/www.tendenzeshabbychic.it\/es\/producto\/edg-vela-perfumada-jolie-rosa-h-13-cm\/","title":{"rendered":"EDG Vela Perfumada Jolie Rosa H 13 cm"},"content":{"rendered":"<p>La vela perfumada EDG de la colecci\u00f3n Jolie es un refinado objeto decorativo que desprende una delicada fragancia de rosas. Presentada en un elegante tarro de cer\u00e1mica rosa con tapa decorada con un brillante lazo dorado, combina est\u00e9tica y funcionalidad. La caja de regalo con el logotipo impreso tambi\u00e9n lo hace ideal para regalos sofisticados. Con 230 gramos de cera natural, garantiza unas 35 horas de fragancia continua.   <\/p>\n<ul>\n<li>Fragancia intensa y afrutada Agua de rosas<\/li>\n<li>Tarro y tapa de cer\u00e1mica esmaltada<\/li>\n<li>Detalle de lazo dorado en el gorro<\/li>\n<li>Elegante caja de regalo Jolie a juego<\/li>\n<li>100% cera con una vida \u00fatil de aproximadamente 35 horas<\/li>\n<\/ul>\n\n\t<section class=\"section linkified dark\" id=\"section_1995883631\">\n\t\t<div class=\"section-bg fill\" >\n\t\t\t<img loading=\"lazy\" decoding=\"async\" width=\"800\" height=\"213\" src=\"https:\/\/www.tendenzeshabbychic.it\/wp-content\/uploads\/2021\/09\/natale-hero-1-800x213.jpg\" class=\"bg attachment-medium size-medium\" alt=\"\" \/>\t\t\t\t\t\t<div class=\"section-bg-overlay absolute fill\"><\/div>\n\t\t\t\n\n\t\t<\/div>\n\n\t\t\n\n\t\t<div class=\"section-content relative\">\n\t\t\t\n\n<div class=\"row\"  id=\"row-135674369\">\n\n\n\t<div id=\"col-976327316\" class=\"col small-12 large-12\"  >\n\t\t\t\t<div class=\"col-inner text-center\"  >\n\t\t\t\n\t\t\t\n\n<h3><span style=\"font-size: 180%;\">Navidad<\/span><\/h3>\n<p>Descubre la amplia selecci\u00f3n de productos para decorar tu hogar en Navidad.<\/p>\n<a href=\"https:\/\/www.tendenzeshabbychic.it\/es\/categoria-producto\/navidad\/\" class=\"button alert is-shade box-shadow-3 box-shadow-5-hover\" style=\"border-radius:5px;\">\n\t\t<span>haga clic aqu\u00ed<\/span>\n\t<\/a>\n\n\n\n\t\t<\/div>\n\t\t\t\t\t<\/div>\n\n\t\n\n<\/div>\n\n\t\t<\/div>\n\n\t\t\n<style>\n#section_1995883631 {\n  padding-top: 12px;\n  padding-bottom: 12px;\n}\n#section_1995883631 .section-bg-overlay {\n  background-color: rgba(0, 0, 0, 0.419);\n}\n#section_1995883631 .section-bg img {\n  object-position: 21% 51%;\n}\n@media (min-width:550px) {\n  #section_1995883631 {\n    padding-top: 57px;\n    padding-bottom: 57px;\n  }\n}\n<\/style>\n\t<\/section>\n\t\n","protected":false},"excerpt":{"rendered":"<p>Vela perfumada de cer\u00e1mica rosa con tapa y lazo dorado. Fragancia de rosas y duraci\u00f3n de 35 horas. <\/p>\n<p>\ud83d\udccf H 13 x \u00d8 9 cm &#8211; 230 g<\/p>\n","protected":false},"featured_media":189797,"comment_status":"open","ping_status":"closed","template":"","meta":{"_joinchat":[]},"pwb-brand":[2084],"product_brand":[],"product_cat":[2321,2320,2343],"product_tag":[2283],"class_list":{"0":"post-200948","1":"product","2":"type-product","3":"status-publish","4":"has-post-thumbnail","6":"pwb-brand-edg-enzo-de-gasperi","7":"product_cat-velas","8":"product_cat-candelabros-y-portavelas","9":"product_cat-velas-perfumadas","10":"product_tag-idea-de-regalo","12":"first","13":"instock","14":"taxable","15":"shipping-taxable","16":"purchasable","17":"product-type-simple"},"brands":[{"id":2084,"name":"EDG - Enzo De Gasperi","slug":"edg-enzo-de-gasperi"}],"_links":{"self":[{"href":"https:\/\/www.tendenzeshabbychic.it\/es\/wp-json\/wp\/v2\/product\/200948","targetHints":{"allow":["GET"]}}],"collection":[{"href":"https:\/\/www.tendenzeshabbychic.it\/es\/wp-json\/wp\/v2\/product"}],"about":[{"href":"https:\/\/www.tendenzeshabbychic.it\/es\/wp-json\/wp\/v2\/types\/product"}],"replies":[{"embeddable":true,"href":"https:\/\/www.tendenzeshabbychic.it\/es\/wp-json\/wp\/v2\/comments?post=200948"}],"wp:featuredmedia":[{"embeddable":true,"href":"https:\/\/www.tendenzeshabbychic.it\/es\/wp-json\/wp\/v2\/media\/189797"}],"wp:attachment":[{"href":"https:\/\/www.tendenzeshabbychic.it\/es\/wp-json\/wp\/v2\/media?parent=200948"}],"wp:term":[{"taxonomy":"pwb-brand","embeddable":true,"href":"https:\/\/www.tendenzeshabbychic.it\/es\/wp-json\/wp\/v2\/pwb-brand?post=200948"},{"taxonomy":"product_brand","embeddable":true,"href":"https:\/\/www.tendenzeshabbychic.it\/es\/wp-json\/wp\/v2\/product_brand?post=200948"},{"taxonomy":"product_cat","embeddable":true,"href":"https:\/\/www.tendenzeshabbychic.it\/es\/wp-json\/wp\/v2\/product_cat?post=200948"},{"taxonomy":"product_tag","embeddable":true,"href":"https:\/\/www.tendenzeshabbychic.it\/es\/wp-json\/wp\/v2\/product_tag?post=200948"}],"curies":[{"name":"wp","href":"https:\/\/api.w.org\/{rel}","templated":true}]}}