{"id":200930,"date":"2025-08-09T01:00:01","date_gmt":"2025-08-08T23:00:01","guid":{"rendered":"https:\/\/www.tendenzeshabbychic.it\/prodotto\/plumin-edg-terciopelo-rojo-alto-63-x-ancho-60-cm\/"},"modified":"2025-06-27T14:52:57","modified_gmt":"2025-06-27T13:52:57","slug":"plumin-edg-terciopelo-rojo-alto-63-x-ancho-60-cm","status":"publish","type":"product","link":"https:\/\/www.tendenzeshabbychic.it\/es\/producto\/plumin-edg-terciopelo-rojo-alto-63-x-ancho-60-cm\/","title":{"rendered":"Plum\u00edn EDG Terciopelo Rojo Alto 63 x Ancho 60 cm"},"content":{"rendered":"<p>El lazo de terciopelo EDG es un elegante accesorio decorativo, ideal para complementar \u00e1rboles de Navidad, coronas o decorados festivos. Fabricado en suave tejido de poli\u00e9ster, tiene una textura mate aterciopelada que refleja suavemente la luz. Su generoso tama\u00f1o y su estructura acolchada le confieren volumen y presencia, por lo que tambi\u00e9n es perfecto para puertas, escaparates o decorados.  <\/p>\n<ul>\n<li>Terciopelo rojo elegante y con cuerpo<\/li>\n<li>Gran formato esc\u00e9nico<\/li>\n<li>Suave pero estructurado<\/li>\n<li>Vers\u00e1til para Navidad y otras decoraciones<\/li>\n<li>Calidad y estilo de EDG<\/li>\n<\/ul>\n\n\t<section class=\"section linkified dark\" id=\"section_1917838033\">\n\t\t<div class=\"section-bg fill\" >\n\t\t\t<img loading=\"lazy\" decoding=\"async\" width=\"800\" height=\"213\" src=\"https:\/\/www.tendenzeshabbychic.it\/wp-content\/uploads\/2021\/09\/natale-hero-1-800x213.jpg\" class=\"bg attachment-medium size-medium\" alt=\"\" \/>\t\t\t\t\t\t<div class=\"section-bg-overlay absolute fill\"><\/div>\n\t\t\t\n\n\t\t<\/div>\n\n\t\t\n\n\t\t<div class=\"section-content relative\">\n\t\t\t\n\n<div class=\"row\"  id=\"row-440479520\">\n\n\n\t<div id=\"col-1575835587\" class=\"col small-12 large-12\"  >\n\t\t\t\t<div class=\"col-inner text-center\"  >\n\t\t\t\n\t\t\t\n\n<h3><span style=\"font-size: 180%;\">Navidad<\/span><\/h3>\n<p>Descubre la amplia selecci\u00f3n de productos para decorar tu hogar en Navidad.<\/p>\n<a href=\"https:\/\/www.tendenzeshabbychic.it\/es\/categoria-producto\/navidad\/\" class=\"button alert is-shade box-shadow-3 box-shadow-5-hover\" style=\"border-radius:5px;\">\n\t\t<span>haga clic aqu\u00ed<\/span>\n\t<\/a>\n\n\n\n\t\t<\/div>\n\t\t\t\t\t<\/div>\n\n\t\n\n<\/div>\n\n\t\t<\/div>\n\n\t\t\n<style>\n#section_1917838033 {\n  padding-top: 12px;\n  padding-bottom: 12px;\n}\n#section_1917838033 .section-bg-overlay {\n  background-color: rgba(0, 0, 0, 0.419);\n}\n#section_1917838033 .section-bg img {\n  object-position: 21% 51%;\n}\n@media (min-width:550px) {\n  #section_1917838033 {\n    padding-top: 57px;\n    padding-bottom: 57px;\n  }\n}\n<\/style>\n\t<\/section>\n\t\n","protected":false},"excerpt":{"rendered":"<p>Lazo de terciopelo rojo intenso con acabado mate y tejido suave al tacto. Gran formato para decoraciones importantes. <\/p>\n<p>\ud83d\udccf Alto 63 x Ancho 60 cm<\/p>\n","protected":false},"featured_media":189345,"comment_status":"open","ping_status":"closed","template":"","meta":{"_joinchat":[]},"pwb-brand":[2084],"product_brand":[],"product_cat":[2466,2371],"product_tag":[3138,2172],"class_list":{"0":"post-200930","1":"product","2":"type-product","3":"status-publish","4":"has-post-thumbnail","6":"pwb-brand-edg-enzo-de-gasperi","7":"product_cat-bolas-y-decoraciones-arbol-de-navidad","8":"product_cat-navidad","9":"product_tag-adornos-y-guirnaldas","10":"product_tag-escama","11":"pa_colore-rojo","13":"first","14":"instock","15":"sale","16":"taxable","17":"shipping-taxable","18":"purchasable","19":"product-type-simple"},"brands":[{"id":2084,"name":"EDG - Enzo De Gasperi","slug":"edg-enzo-de-gasperi"}],"_links":{"self":[{"href":"https:\/\/www.tendenzeshabbychic.it\/es\/wp-json\/wp\/v2\/product\/200930","targetHints":{"allow":["GET"]}}],"collection":[{"href":"https:\/\/www.tendenzeshabbychic.it\/es\/wp-json\/wp\/v2\/product"}],"about":[{"href":"https:\/\/www.tendenzeshabbychic.it\/es\/wp-json\/wp\/v2\/types\/product"}],"replies":[{"embeddable":true,"href":"https:\/\/www.tendenzeshabbychic.it\/es\/wp-json\/wp\/v2\/comments?post=200930"}],"wp:featuredmedia":[{"embeddable":true,"href":"https:\/\/www.tendenzeshabbychic.it\/es\/wp-json\/wp\/v2\/media\/189345"}],"wp:attachment":[{"href":"https:\/\/www.tendenzeshabbychic.it\/es\/wp-json\/wp\/v2\/media?parent=200930"}],"wp:term":[{"taxonomy":"pwb-brand","embeddable":true,"href":"https:\/\/www.tendenzeshabbychic.it\/es\/wp-json\/wp\/v2\/pwb-brand?post=200930"},{"taxonomy":"product_brand","embeddable":true,"href":"https:\/\/www.tendenzeshabbychic.it\/es\/wp-json\/wp\/v2\/product_brand?post=200930"},{"taxonomy":"product_cat","embeddable":true,"href":"https:\/\/www.tendenzeshabbychic.it\/es\/wp-json\/wp\/v2\/product_cat?post=200930"},{"taxonomy":"product_tag","embeddable":true,"href":"https:\/\/www.tendenzeshabbychic.it\/es\/wp-json\/wp\/v2\/product_tag?post=200930"}],"curies":[{"name":"wp","href":"https:\/\/api.w.org\/{rel}","templated":true}]}}