{"id":200895,"date":"2025-08-09T01:00:01","date_gmt":"2025-08-08T23:00:01","guid":{"rendered":"https:\/\/www.tendenzeshabbychic.it\/prodotto\/edg-perfumador-alegre-150-ml-con-caja-de-regalo\/"},"modified":"2025-06-27T20:05:42","modified_gmt":"2025-06-27T19:05:42","slug":"edg-perfumador-alegre-150-ml-con-caja-de-regalo","status":"publish","type":"product","link":"https:\/\/www.tendenzeshabbychic.it\/es\/producto\/edg-perfumador-alegre-150-ml-con-caja-de-regalo\/","title":{"rendered":"EDG Perfumador Alegre 150 ml con Caja de Regalo"},"content":{"rendered":"<p>El perfumador EDG de la colecci\u00f3n Alegre destaca por su refinado dise\u00f1o: un frasco de cristal azul met\u00e1lico con un elegante lazo satinado y varillas perfumadas brillantes, perfectamente coordinado con el envase decorado con ilustraciones navide\u00f1as. Una fragancia sofisticada que se abre con notas frescas de bergamota y frutos rojos, evoluciona hacia un coraz\u00f3n floral de violeta y lila, y se cierra con tonos c\u00e1lidos de vainilla, pachul\u00ed y madera de cedro. Perfecta como idea regalo o para embellecer el ambiente durante las fiestas.  <\/p>\n<ul>\n<li>Dise\u00f1o navide\u00f1o exclusivo de EDG<\/li>\n<li>Fragancia piramidal con 3 niveles olfativos<\/li>\n<li>Barritas decorativas de purpurina<\/li>\n<li>Elegante caja de regalo incluida<\/li>\n<li>Capacidad de 150 ml ideal para entornos peque\u00f1os y medianos<\/li>\n<\/ul>\n\n\t<section class=\"section linkified dark\" id=\"section_203570021\">\n\t\t<div class=\"section-bg fill\" >\n\t\t\t<img loading=\"lazy\" decoding=\"async\" width=\"800\" height=\"213\" src=\"https:\/\/www.tendenzeshabbychic.it\/wp-content\/uploads\/2021\/09\/natale-hero-1-800x213.jpg\" class=\"bg attachment-medium size-medium\" alt=\"\" \/>\t\t\t\t\t\t<div class=\"section-bg-overlay absolute fill\"><\/div>\n\t\t\t\n\n\t\t<\/div>\n\n\t\t\n\n\t\t<div class=\"section-content relative\">\n\t\t\t\n\n<div class=\"row\"  id=\"row-311582282\">\n\n\n\t<div id=\"col-1811248697\" class=\"col small-12 large-12\"  >\n\t\t\t\t<div class=\"col-inner text-center\"  >\n\t\t\t\n\t\t\t\n\n<h3><span style=\"font-size: 180%;\">Navidad<\/span><\/h3>\n<p>Descubre la amplia selecci\u00f3n de productos para decorar tu hogar en Navidad.<\/p>\n<a href=\"https:\/\/www.tendenzeshabbychic.it\/es\/categoria-producto\/navidad\/\" class=\"button alert is-shade box-shadow-3 box-shadow-5-hover\" style=\"border-radius:5px;\">\n\t\t<span>haga clic aqu\u00ed<\/span>\n\t<\/a>\n\n\n\n\t\t<\/div>\n\t\t\t\t\t<\/div>\n\n\t\n\n<\/div>\n\n\t\t<\/div>\n\n\t\t\n<style>\n#section_203570021 {\n  padding-top: 12px;\n  padding-bottom: 12px;\n}\n#section_203570021 .section-bg-overlay {\n  background-color: rgba(0, 0, 0, 0.419);\n}\n#section_203570021 .section-bg img {\n  object-position: 21% 51%;\n}\n@media (min-width:550px) {\n  #section_203570021 {\n    padding-top: 57px;\n    padding-bottom: 57px;\n  }\n}\n<\/style>\n\t<\/section>\n\t\n","protected":false},"excerpt":{"rendered":"<p>Difusor de cristal azul brillante con lazo de sat\u00e9n y varillas de purpurina. Notas afrutadas y amaderadas. Alegre colecci\u00f3n de perfumes Selva Negra.  <\/p>\n<p>\ud83d\udccf H 10 cm<\/p>\n<div class=\"row\"  id=\"row-1073375732\">\n\n\n\t<div id=\"col-887612018\" class=\"col medium-12 small-12 large-6\"  >\n\t\t\t\t<div class=\"col-inner\"  >\n\t\t\t\n\t\t\t\n\n<h2>Black Forest<\/h2>\n<p>Selva Negra es una fragancia para el hogar de car\u00e1cter embriagador y envolvente. Dentro de su bouquet arom\u00e1tico, las notas de bergamota, frutos rojos, flores de lila y violeta se perfilan con notas de fondo de cedro, pachul\u00ed y vainilla. La fragancia evoca atm\u00f3sferas rom\u00e1nticas del bosque.<\/p>\n<p><strong>BOUQUET<\/strong><br>\nFRESCO, C\u00cdTRICO, VERDE Y MADERADO<\/p>\n<ul>\n<li>Notas altas: <strong>bergamota, frutos rojos y algas.<\/strong><\/li>\n<li>Notas de coraz\u00f3n: <strong>violeta, lila, madreselva, g\u00e1lbano y pino siberiano<\/strong><\/li>\n<li>Notas de fondo: <strong>vainilla, madera de cedro, almizcle y pachul\u00ed.<\/strong><\/li>\n<\/ul>\n<p><span style=\"font-size: 75%;\">Un perfume original creado por <strong><a href=\"https:\/\/www.tendenzeshabbychic.it\/es\/marca\/edg-enzo-de-gasperi\/\">EDG Enzo de Gasperi<\/a> .<\/strong><\/span><\/p>\n\n\t\t<\/div>\n\t\t\t\t\t<\/div>\n\n\t\n\n\t<div id=\"col-1262759405\" class=\"col medium-12 small-12 large-6\"  >\n\t\t\t\t<div class=\"col-inner\"  >\n\t\t\t\n\t\t\t\n\n\t<div class=\"img has-hover x md-x lg-x y md-y lg-y\" id=\"image_1024795262\">\n\t\t\t\t\t\t\t\t<div class=\"img-inner dark\" >\n\t\t\t<img width=\"800\" height=\"800\" src=\"https:\/\/www.tendenzeshabbychic.it\/wp-content\/uploads\/2024\/07\/piramide-olfattiva-black-forest-800x800.jpg\" class=\"attachment-large size-large\" alt=\"\" decoding=\"async\" loading=\"lazy\" srcset=\"https:\/\/www.tendenzeshabbychic.it\/wp-content\/uploads\/2024\/07\/piramide-olfattiva-black-forest-800x800.jpg 800w, https:\/\/www.tendenzeshabbychic.it\/wp-content\/uploads\/2024\/07\/piramide-olfattiva-black-forest-500x500.jpg 500w, https:\/\/www.tendenzeshabbychic.it\/wp-content\/uploads\/2024\/07\/piramide-olfattiva-black-forest-100x100.jpg 100w, https:\/\/www.tendenzeshabbychic.it\/wp-content\/uploads\/2024\/07\/piramide-olfattiva-black-forest-64x64.jpg 64w, https:\/\/www.tendenzeshabbychic.it\/wp-content\/uploads\/2024\/07\/piramide-olfattiva-black-forest-400x400.jpg 400w, https:\/\/www.tendenzeshabbychic.it\/wp-content\/uploads\/2024\/07\/piramide-olfattiva-black-forest-280x280.jpg 280w, https:\/\/www.tendenzeshabbychic.it\/wp-content\/uploads\/2024\/07\/piramide-olfattiva-black-forest-768x768.jpg 768w, https:\/\/www.tendenzeshabbychic.it\/wp-content\/uploads\/2024\/07\/piramide-olfattiva-black-forest.jpg 1000w\" sizes=\"auto, (max-width: 800px) 100vw, 800px\" \/>\t\t\t\t\t\t\n\t\t\t\t\t<\/div>\n\t\t\t\t\t\t\t\t\n<style>\n#image_1024795262 {\n  width: 100%;\n}\n<\/style>\n\t<\/div>\n\t\n\n\n\t\t<\/div>\n\t\t\t\t\t<\/div>\n\n\t\n\n<\/div>\n","protected":false},"featured_media":189612,"comment_status":"open","ping_status":"closed","template":"","meta":{"_joinchat":[]},"pwb-brand":[2084],"product_brand":[],"product_cat":[2342,2371,2344],"product_tag":[2283],"class_list":{"0":"post-200895","1":"product","2":"type-product","3":"status-publish","4":"has-post-thumbnail","6":"pwb-brand-edg-enzo-de-gasperi","7":"product_cat-difusores-de-cana","8":"product_cat-navidad","9":"product_cat-perfumistas","10":"product_tag-idea-de-regalo","12":"first","13":"instock","14":"sale","15":"taxable","16":"shipping-taxable","17":"purchasable","18":"product-type-simple"},"brands":[{"id":2084,"name":"EDG - Enzo De Gasperi","slug":"edg-enzo-de-gasperi"}],"_links":{"self":[{"href":"https:\/\/www.tendenzeshabbychic.it\/es\/wp-json\/wp\/v2\/product\/200895","targetHints":{"allow":["GET"]}}],"collection":[{"href":"https:\/\/www.tendenzeshabbychic.it\/es\/wp-json\/wp\/v2\/product"}],"about":[{"href":"https:\/\/www.tendenzeshabbychic.it\/es\/wp-json\/wp\/v2\/types\/product"}],"replies":[{"embeddable":true,"href":"https:\/\/www.tendenzeshabbychic.it\/es\/wp-json\/wp\/v2\/comments?post=200895"}],"wp:featuredmedia":[{"embeddable":true,"href":"https:\/\/www.tendenzeshabbychic.it\/es\/wp-json\/wp\/v2\/media\/189612"}],"wp:attachment":[{"href":"https:\/\/www.tendenzeshabbychic.it\/es\/wp-json\/wp\/v2\/media?parent=200895"}],"wp:term":[{"taxonomy":"pwb-brand","embeddable":true,"href":"https:\/\/www.tendenzeshabbychic.it\/es\/wp-json\/wp\/v2\/pwb-brand?post=200895"},{"taxonomy":"product_brand","embeddable":true,"href":"https:\/\/www.tendenzeshabbychic.it\/es\/wp-json\/wp\/v2\/product_brand?post=200895"},{"taxonomy":"product_cat","embeddable":true,"href":"https:\/\/www.tendenzeshabbychic.it\/es\/wp-json\/wp\/v2\/product_cat?post=200895"},{"taxonomy":"product_tag","embeddable":true,"href":"https:\/\/www.tendenzeshabbychic.it\/es\/wp-json\/wp\/v2\/product_tag?post=200895"}],"curies":[{"name":"wp","href":"https:\/\/api.w.org\/{rel}","templated":true}]}}