{"id":199175,"date":"2025-08-11T00:00:23","date_gmt":"2025-08-10T23:00:23","guid":{"rendered":"https:\/\/www.tendenzeshabbychic.it\/prodotto\/blanc-mariclo-medias-de-navidad-hojas-bordadas-epifania-h-33\/"},"modified":"2025-08-11T00:00:23","modified_gmt":"2025-08-10T23:00:23","slug":"blanc-mariclo-medias-de-navidad-hojas-bordadas-epifania-h-33","status":"publish","type":"product","link":"https:\/\/www.tendenzeshabbychic.it\/es\/producto\/blanc-mariclo-medias-de-navidad-hojas-bordadas-epifania-h-33\/","title":{"rendered":"Blanc MariClo Medias de Navidad Hojas bordadas Epifan\u00eda h 33"},"content":{"rendered":"<p>Este calcet\u00edn de Navidad de Blanc MariClo es una peque\u00f1a joya decorativa para las fiestas. Hecha de terciopelo rojo intenso, est\u00e1 adornada con un elaborado bordado de hojas verde bosque, detalles dorados y peque\u00f1as perlas que le a\u00f1aden luz y sofisticaci\u00f3n. La solapa superior de terciopelo liso equilibra perfectamente la elegancia de la decoraci\u00f3n principal. Perfecto para colgar sobre chimeneas, puertas o muebles, es ideal para completar con estilo una puesta en escena navide\u00f1a.   <\/p>\n<ul>\n<li>Bordado verde con detalles dorados y perlas<\/li>\n<li>Suave terciopelo rojo intenso<\/li>\n<li>Dise\u00f1o refinado para entornos elegantes<\/li>\n<li>Lazo para colgar f\u00e1cilmente<\/li>\n<li>Blanc MariClo Colecci\u00f3n Epifan\u00eda<\/li>\n<\/ul>\n\n\t<section class=\"section linkified dark\" id=\"section_120457292\">\n\t\t<div class=\"section-bg fill\" >\n\t\t\t<img loading=\"lazy\" decoding=\"async\" width=\"800\" height=\"213\" src=\"https:\/\/www.tendenzeshabbychic.it\/wp-content\/uploads\/2021\/09\/natale-hero-1-800x213.jpg\" class=\"bg attachment-medium size-medium\" alt=\"\" \/>\t\t\t\t\t\t<div class=\"section-bg-overlay absolute fill\"><\/div>\n\t\t\t\n\n\t\t<\/div>\n\n\t\t\n\n\t\t<div class=\"section-content relative\">\n\t\t\t\n\n<div class=\"row\"  id=\"row-2083041316\">\n\n\n\t<div id=\"col-1454232826\" class=\"col small-12 large-12\"  >\n\t\t\t\t<div class=\"col-inner text-center\"  >\n\t\t\t\n\t\t\t\n\n<h3><span style=\"font-size: 180%;\">Navidad<\/span><\/h3>\n<p>Descubre la amplia selecci\u00f3n de productos para decorar tu hogar en Navidad.<\/p>\n<a href=\"https:\/\/www.tendenzeshabbychic.it\/es\/categoria-producto\/navidad\/\" class=\"button alert is-shade box-shadow-3 box-shadow-5-hover\" style=\"border-radius:5px;\">\n\t\t<span>haga clic aqu\u00ed<\/span>\n\t<\/a>\n\n\n\n\t\t<\/div>\n\t\t\t\t\t<\/div>\n\n\t\n\n<\/div>\n\n\t\t<\/div>\n\n\t\t\n<style>\n#section_120457292 {\n  padding-top: 12px;\n  padding-bottom: 12px;\n}\n#section_120457292 .section-bg-overlay {\n  background-color: rgba(0, 0, 0, 0.419);\n}\n#section_120457292 .section-bg img {\n  object-position: 21% 51%;\n}\n@media (min-width:550px) {\n  #section_120457292 {\n    padding-top: 57px;\n    padding-bottom: 57px;\n  }\n}\n<\/style>\n\t<\/section>\n\t\n","protected":false},"excerpt":{"rendered":"<p>Media de Navidad de terciopelo rojo con hojas verdes bordadas, detalles dorados y perlas. Elegancia festiva para decoraciones sofisticadas. <\/p>\n<p>\ud83d\udccf 33 x 18 cm<\/p>\n","protected":false},"featured_media":216141,"comment_status":"open","ping_status":"closed","template":"","meta":{"_joinchat":[]},"pwb-brand":[2076],"product_brand":[],"product_cat":[2371],"product_tag":[2911,2283],"class_list":{"0":"post-199175","1":"product","2":"type-product","3":"status-publish","4":"has-post-thumbnail","6":"pwb-brand-blanc-mariclo-es","7":"product_cat-navidad","8":"product_tag-calcetines-epifania","9":"product_tag-idea-de-regalo","11":"first","12":"outofstock","13":"sale","14":"taxable","15":"shipping-taxable","16":"purchasable","17":"product-type-simple"},"brands":[{"id":2076,"name":"Blanc Mariclo","slug":"blanc-mariclo-es"}],"_links":{"self":[{"href":"https:\/\/www.tendenzeshabbychic.it\/es\/wp-json\/wp\/v2\/product\/199175","targetHints":{"allow":["GET"]}}],"collection":[{"href":"https:\/\/www.tendenzeshabbychic.it\/es\/wp-json\/wp\/v2\/product"}],"about":[{"href":"https:\/\/www.tendenzeshabbychic.it\/es\/wp-json\/wp\/v2\/types\/product"}],"replies":[{"embeddable":true,"href":"https:\/\/www.tendenzeshabbychic.it\/es\/wp-json\/wp\/v2\/comments?post=199175"}],"wp:featuredmedia":[{"embeddable":true,"href":"https:\/\/www.tendenzeshabbychic.it\/es\/wp-json\/wp\/v2\/media\/216141"}],"wp:attachment":[{"href":"https:\/\/www.tendenzeshabbychic.it\/es\/wp-json\/wp\/v2\/media?parent=199175"}],"wp:term":[{"taxonomy":"pwb-brand","embeddable":true,"href":"https:\/\/www.tendenzeshabbychic.it\/es\/wp-json\/wp\/v2\/pwb-brand?post=199175"},{"taxonomy":"product_brand","embeddable":true,"href":"https:\/\/www.tendenzeshabbychic.it\/es\/wp-json\/wp\/v2\/product_brand?post=199175"},{"taxonomy":"product_cat","embeddable":true,"href":"https:\/\/www.tendenzeshabbychic.it\/es\/wp-json\/wp\/v2\/product_cat?post=199175"},{"taxonomy":"product_tag","embeddable":true,"href":"https:\/\/www.tendenzeshabbychic.it\/es\/wp-json\/wp\/v2\/product_tag?post=199175"}],"curies":[{"name":"wp","href":"https:\/\/api.w.org\/{rel}","templated":true}]}}