{"id":198250,"date":"2025-08-04T10:00:43","date_gmt":"2025-08-04T08:00:43","guid":{"rendered":"https:\/\/www.tendenzeshabbychic.it\/prodotto\/edg-decoracion-de-pino-pompon-colgante-h45-cm\/"},"modified":"2025-08-04T10:00:43","modified_gmt":"2025-08-04T09:00:43","slug":"edg-decoracion-de-pino-pompon-colgante-h45-cm","status":"publish","type":"product","link":"https:\/\/www.tendenzeshabbychic.it\/es\/producto\/edg-decoracion-de-pino-pompon-colgante-h45-cm\/","title":{"rendered":"EDG Decoraci\u00f3n de Pino Pomp\u00f3n Colgante H45 cm"},"content":{"rendered":"<p>Esta elegante decoraci\u00f3n de Enzo De Gasperi representa un estilizado \u00e1rbol de Navidad hecho con una composici\u00f3n de esponjosos pompones en los cl\u00e1sicos colores navide\u00f1os: rojo, verde y blanco. Algunos de los pompones tienen un acabado brillante que les da un toque chispeante y alegre. La ligera estructura est\u00e1 dise\u00f1ada para colgarse f\u00e1cilmente gracias al pr\u00e1ctico gancho met\u00e1lico de la parte posterior. Ideal para enriquecer paredes, puertas o rincones del hogar con un estilo festivo, l\u00fadico y refinado.   <\/p>\n<ul>\n<li>Pompones de tela suave con acabado brillante<\/li>\n<li>Dise\u00f1o moderno y alegre en forma de \u00e1rbol<\/li>\n<li>Colores navide\u00f1os brillantes y tradicionales<\/li>\n<li>Gancho met\u00e1lico para facilitar la instalaci\u00f3n<\/li>\n<li>Perfecto para decorar paredes o puertas<\/li>\n<\/ul>\n\n\t<section class=\"section linkified dark\" id=\"section_395667928\">\n\t\t<div class=\"section-bg fill\" >\n\t\t\t<img loading=\"lazy\" decoding=\"async\" width=\"800\" height=\"213\" src=\"https:\/\/www.tendenzeshabbychic.it\/wp-content\/uploads\/2021\/09\/natale-hero-1-800x213.jpg\" class=\"bg attachment-medium size-medium\" alt=\"\" \/>\t\t\t\t\t\t<div class=\"section-bg-overlay absolute fill\"><\/div>\n\t\t\t\n\n\t\t<\/div>\n\n\t\t\n\n\t\t<div class=\"section-content relative\">\n\t\t\t\n\n<div class=\"row\"  id=\"row-1442836265\">\n\n\n\t<div id=\"col-884347893\" class=\"col small-12 large-12\"  >\n\t\t\t\t<div class=\"col-inner text-center\"  >\n\t\t\t\n\t\t\t\n\n<h3><span style=\"font-size: 180%;\">Navidad<\/span><\/h3>\n<p>Descubre la amplia selecci\u00f3n de productos para decorar tu hogar en Navidad.<\/p>\n<a href=\"https:\/\/www.tendenzeshabbychic.it\/es\/categoria-producto\/navidad\/\" class=\"button alert is-shade box-shadow-3 box-shadow-5-hover\" style=\"border-radius:5px;\">\n\t\t<span>haga clic aqu\u00ed<\/span>\n\t<\/a>\n\n\n\n\t\t<\/div>\n\t\t\t\t\t<\/div>\n\n\t\n\n<\/div>\n\n\t\t<\/div>\n\n\t\t\n<style>\n#section_395667928 {\n  padding-top: 12px;\n  padding-bottom: 12px;\n}\n#section_395667928 .section-bg-overlay {\n  background-color: rgba(0, 0, 0, 0.419);\n}\n#section_395667928 .section-bg img {\n  object-position: 21% 51%;\n}\n@media (min-width:550px) {\n  #section_395667928 {\n    padding-top: 57px;\n    padding-bottom: 57px;\n  }\n}\n<\/style>\n\t<\/section>\n\t\n","protected":false},"excerpt":{"rendered":"<p>Un \u00e1rbol de Navidad estilizado con pompones esponjosos en rojo, verde y blanco, adornado con elementos de purpurina. Perfecto para paredes y puertas. <\/p>\n<p>\ud83d\udccf H 45 cm<\/p>\n","protected":false},"featured_media":191441,"comment_status":"open","ping_status":"closed","template":"","meta":{"_joinchat":[]},"pwb-brand":[2084],"product_brand":[],"product_cat":[2466,2371],"product_tag":[3138],"class_list":{"0":"post-198250","1":"product","2":"type-product","3":"status-publish","4":"has-post-thumbnail","6":"pwb-brand-edg-enzo-de-gasperi","7":"product_cat-bolas-y-decoraciones-arbol-de-navidad","8":"product_cat-navidad","9":"product_tag-adornos-y-guirnaldas","10":"pa_colore-blanco","11":"pa_colore-rojo","12":"pa_colore-verde-es","14":"first","15":"instock","16":"sale","17":"taxable","18":"shipping-taxable","19":"purchasable","20":"product-type-simple"},"brands":[{"id":2084,"name":"EDG - Enzo De Gasperi","slug":"edg-enzo-de-gasperi"}],"_links":{"self":[{"href":"https:\/\/www.tendenzeshabbychic.it\/es\/wp-json\/wp\/v2\/product\/198250","targetHints":{"allow":["GET"]}}],"collection":[{"href":"https:\/\/www.tendenzeshabbychic.it\/es\/wp-json\/wp\/v2\/product"}],"about":[{"href":"https:\/\/www.tendenzeshabbychic.it\/es\/wp-json\/wp\/v2\/types\/product"}],"replies":[{"embeddable":true,"href":"https:\/\/www.tendenzeshabbychic.it\/es\/wp-json\/wp\/v2\/comments?post=198250"}],"wp:featuredmedia":[{"embeddable":true,"href":"https:\/\/www.tendenzeshabbychic.it\/es\/wp-json\/wp\/v2\/media\/191441"}],"wp:attachment":[{"href":"https:\/\/www.tendenzeshabbychic.it\/es\/wp-json\/wp\/v2\/media?parent=198250"}],"wp:term":[{"taxonomy":"pwb-brand","embeddable":true,"href":"https:\/\/www.tendenzeshabbychic.it\/es\/wp-json\/wp\/v2\/pwb-brand?post=198250"},{"taxonomy":"product_brand","embeddable":true,"href":"https:\/\/www.tendenzeshabbychic.it\/es\/wp-json\/wp\/v2\/product_brand?post=198250"},{"taxonomy":"product_cat","embeddable":true,"href":"https:\/\/www.tendenzeshabbychic.it\/es\/wp-json\/wp\/v2\/product_cat?post=198250"},{"taxonomy":"product_tag","embeddable":true,"href":"https:\/\/www.tendenzeshabbychic.it\/es\/wp-json\/wp\/v2\/product_tag?post=198250"}],"curies":[{"name":"wp","href":"https:\/\/api.w.org\/{rel}","templated":true}]}}