{"id":197226,"date":"2025-08-01T08:39:26","date_gmt":"2025-08-01T07:39:26","guid":{"rendered":"https:\/\/www.tendenzeshabbychic.it\/prodotto\/bombonera-mathilde-m-idilio-floral-grande-o95x18cm\/"},"modified":"2025-08-01T08:39:26","modified_gmt":"2025-08-01T07:39:26","slug":"bombonera-mathilde-m-idilio-floral-grande-o95x18cm","status":"publish","type":"product","link":"https:\/\/www.tendenzeshabbychic.it\/es\/producto\/bombonera-mathilde-m-idilio-floral-grande-o95x18cm\/","title":{"rendered":"Bombonera Mathilde M Idilio Floral Grande \u00f89,5x18cm"},"content":{"rendered":"<p>El tarro de caramelos <em>Idilio Floral<\/em> de Mathilde M es un objeto refinado que combina funcionalidad y poes\u00eda. Fabricado en cristal transparente, permite ver el contenido de su interior, mientras que la tapa de metal dorado, con un acabado ligeramente envejecido, est\u00e1 adornada con un rom\u00e1ntico ramo de flores en relieve, esculpido totalmente a mano.<br \/>\nIdeal para guardar caramelos, abalorios, accesorios o peque\u00f1os objetos cotidianos, encaja perfectamente en ambientes Shabby Chic, rom\u00e1nticos o cl\u00e1sicos. Tambi\u00e9n es excelente como decoraci\u00f3n para eventos especiales, como bodas o bautizos.  <\/p>\n<ul>\n<li>Flores decorativas totalmente artesanales<\/li>\n<li>Dise\u00f1o elegante con detalles dorados vintage<\/li>\n<li>Perfecto para uso decorativo o funcional<\/li>\n<li>Ideal para eventos: bodas, baby showers, ceremonias<\/li>\n<li>Materiales de alta calidad: vidrio y metal dorado<\/li>\n<\/ul>\n","protected":false},"excerpt":{"rendered":"<p>Tarro de cristal transparente con tapa de metal dorado decorado con un ramo de flores esculpidas a mano. El elegante acabado envejecido y los detalles florales esculpidos a mano hacen de este tarro un precioso accesorio decorativo. <\/p>\n<p>\ud83d\udccf \u00f8 9,5 x H 18 cm<\/p>\n","protected":false},"featured_media":196165,"comment_status":"open","ping_status":"closed","template":"","meta":{"_joinchat":[]},"pwb-brand":[2089],"product_brand":[],"product_cat":[2346],"product_tag":[],"class_list":{"0":"post-197226","1":"product","2":"type-product","3":"status-publish","4":"has-post-thumbnail","6":"pwb-brand-mathilde-m-es","7":"product_cat-joyero","9":"first","10":"instock","11":"taxable","12":"shipping-taxable","13":"purchasable","14":"product-type-simple"},"brands":[{"id":2089,"name":"Mathilde M.","slug":"mathilde-m-es"}],"_links":{"self":[{"href":"https:\/\/www.tendenzeshabbychic.it\/es\/wp-json\/wp\/v2\/product\/197226","targetHints":{"allow":["GET"]}}],"collection":[{"href":"https:\/\/www.tendenzeshabbychic.it\/es\/wp-json\/wp\/v2\/product"}],"about":[{"href":"https:\/\/www.tendenzeshabbychic.it\/es\/wp-json\/wp\/v2\/types\/product"}],"replies":[{"embeddable":true,"href":"https:\/\/www.tendenzeshabbychic.it\/es\/wp-json\/wp\/v2\/comments?post=197226"}],"wp:featuredmedia":[{"embeddable":true,"href":"https:\/\/www.tendenzeshabbychic.it\/es\/wp-json\/wp\/v2\/media\/196165"}],"wp:attachment":[{"href":"https:\/\/www.tendenzeshabbychic.it\/es\/wp-json\/wp\/v2\/media?parent=197226"}],"wp:term":[{"taxonomy":"pwb-brand","embeddable":true,"href":"https:\/\/www.tendenzeshabbychic.it\/es\/wp-json\/wp\/v2\/pwb-brand?post=197226"},{"taxonomy":"product_brand","embeddable":true,"href":"https:\/\/www.tendenzeshabbychic.it\/es\/wp-json\/wp\/v2\/product_brand?post=197226"},{"taxonomy":"product_cat","embeddable":true,"href":"https:\/\/www.tendenzeshabbychic.it\/es\/wp-json\/wp\/v2\/product_cat?post=197226"},{"taxonomy":"product_tag","embeddable":true,"href":"https:\/\/www.tendenzeshabbychic.it\/es\/wp-json\/wp\/v2\/product_tag?post=197226"}],"curies":[{"name":"wp","href":"https:\/\/api.w.org\/{rel}","templated":true}]}}