{"id":197224,"date":"2025-08-01T08:39:48","date_gmt":"2025-08-01T07:39:48","guid":{"rendered":"https:\/\/www.tendenzeshabbychic.it\/prodotto\/bombon-de-puerta-mathilde-m-idilio-floral-o95x16-cm\/"},"modified":"2025-08-01T08:39:48","modified_gmt":"2025-08-01T07:39:48","slug":"bombon-de-puerta-mathilde-m-idilio-floral-o95x16-cm","status":"publish","type":"product","link":"https:\/\/www.tendenzeshabbychic.it\/es\/producto\/bombon-de-puerta-mathilde-m-idilio-floral-o95x16-cm\/","title":{"rendered":"Bomb\u00f3n de puerta Mathilde M. Idilio floral \u00d89,5&#215;16 cm"},"content":{"rendered":"<p>D\u00e9jate cautivar por la elegancia atemporal de la bombonera <em>Idilio Floral<\/em> de Mathilde M. Este refinado recipiente, de cristal transparente, est\u00e1 coronado por una tapa de metal dorado de aspecto antiguo, adornada con delicadas flores hechas a mano. Los p\u00e9talos y hojas cuidadosamente modelados crean una decoraci\u00f3n tridimensional de gran impacto est\u00e9tico. <\/p>\n<p>Perfecto para guardar peque\u00f1os dulces, joyas o como elemento decorativo en un tocador o en un montaje para acontecimientos especiales, como bodas o bautizos. Su versatilidad tambi\u00e9n la convierte en una idea de regalo original y sofisticada. <\/p>\n<ul>\n<li>Composici\u00f3n: vidrio y metal dorado<\/li>\n<li>Flores talladas a mano para un toque artesanal \u00fanico<\/li>\n<li>Acabado dorado con efecto envejecido<\/li>\n<li>Elegante tambi\u00e9n como objeto decorativo o para eventos<\/li>\n<li>Puede coordinarse con otros modelos de la l\u00ednea Idilio Floral<\/li>\n<\/ul>\n","protected":false},"excerpt":{"rendered":"<p>Bombonera de cristal transparente con tapa de metal dorado, adornada con un ramo de flores esculpido a mano en estilo rom\u00e1ntico. El dise\u00f1o floral artesanal confiere un toque po\u00e9tico a cualquier habitaci\u00f3n. <\/p>\n<p>\ud83d\udccf \u00d8 9,5 x H 16 cm<\/p>\n","protected":false},"featured_media":196172,"comment_status":"open","ping_status":"closed","template":"","meta":{"_joinchat":[]},"pwb-brand":[2089],"product_brand":[],"product_cat":[2346],"product_tag":[],"class_list":{"0":"post-197224","1":"product","2":"type-product","3":"status-publish","4":"has-post-thumbnail","6":"pwb-brand-mathilde-m-es","7":"product_cat-joyero","9":"first","10":"instock","11":"taxable","12":"shipping-taxable","13":"purchasable","14":"product-type-simple"},"brands":[{"id":2089,"name":"Mathilde M.","slug":"mathilde-m-es"}],"_links":{"self":[{"href":"https:\/\/www.tendenzeshabbychic.it\/es\/wp-json\/wp\/v2\/product\/197224","targetHints":{"allow":["GET"]}}],"collection":[{"href":"https:\/\/www.tendenzeshabbychic.it\/es\/wp-json\/wp\/v2\/product"}],"about":[{"href":"https:\/\/www.tendenzeshabbychic.it\/es\/wp-json\/wp\/v2\/types\/product"}],"replies":[{"embeddable":true,"href":"https:\/\/www.tendenzeshabbychic.it\/es\/wp-json\/wp\/v2\/comments?post=197224"}],"wp:featuredmedia":[{"embeddable":true,"href":"https:\/\/www.tendenzeshabbychic.it\/es\/wp-json\/wp\/v2\/media\/196172"}],"wp:attachment":[{"href":"https:\/\/www.tendenzeshabbychic.it\/es\/wp-json\/wp\/v2\/media?parent=197224"}],"wp:term":[{"taxonomy":"pwb-brand","embeddable":true,"href":"https:\/\/www.tendenzeshabbychic.it\/es\/wp-json\/wp\/v2\/pwb-brand?post=197224"},{"taxonomy":"product_brand","embeddable":true,"href":"https:\/\/www.tendenzeshabbychic.it\/es\/wp-json\/wp\/v2\/product_brand?post=197224"},{"taxonomy":"product_cat","embeddable":true,"href":"https:\/\/www.tendenzeshabbychic.it\/es\/wp-json\/wp\/v2\/product_cat?post=197224"},{"taxonomy":"product_tag","embeddable":true,"href":"https:\/\/www.tendenzeshabbychic.it\/es\/wp-json\/wp\/v2\/product_tag?post=197224"}],"curies":[{"name":"wp","href":"https:\/\/api.w.org\/{rel}","templated":true}]}}