{"id":197214,"date":"2025-08-01T12:45:21","date_gmt":"2025-08-01T11:45:21","guid":{"rendered":"https:\/\/www.tendenzeshabbychic.it\/prodotto\/joyero-mathilde-m-precieuse-155-cm\/"},"modified":"2025-08-01T12:45:21","modified_gmt":"2025-08-01T11:45:21","slug":"joyero-mathilde-m-precieuse-155-cm","status":"publish","type":"product","link":"https:\/\/www.tendenzeshabbychic.it\/es\/producto\/joyero-mathilde-m-precieuse-155-cm\/","title":{"rendered":"Joyero Mathilde M Pr\u00e9cieuse 15,5 cm"},"content":{"rendered":"<p>El joyero Pr\u00e9cieuse de Mathilde M es un mueble refinado dise\u00f1ado para guardar peque\u00f1os tesoros con estilo. Fabricado en cristal transparente por todos sus lados, permite vislumbrar con elegancia su contenido. El marco de metal blanqueado presenta un acabado envejecido y decoraciones florales y de conchas en relieve, que embellecen todo el marco.  <\/p>\n<p>El dise\u00f1o cuadrado con patas redondeadas aporta equilibrio y un toque retro, mientras que el cierre de gancho a\u00f1ade un detalle funcional con encanto vintage. Perfecto para guardar joyas, abalorios o accesorios perfumados, es ideal en un tocador, un mueble de entrada o en una habitaci\u00f3n Shabby Chic. <\/p>\n<ul>\n<li>De cristal transparente con marco met\u00e1lico decorado<\/li>\n<li>Elegante relieve en los bordes<\/li>\n<li>Acabado efecto envejecido para un aspecto Shabby Chic<\/li>\n<li>Ideal para joyas, adornos perfumados o como elemento decorativo<\/li>\n<li>Cierre con gancho met\u00e1lico ornamental<\/li>\n<\/ul>\n","protected":false},"excerpt":{"rendered":"<p>Elegante joyero c\u00fabico de cristal transparente con marco de metal blanqueado y adornos en relieve de estilo cl\u00e1sico. El borde est\u00e1 acabado con detalles de concha en relieve, mientras que la tapa tiene un cierre de gancho antiguo. Perfecto para realzar rincones de tocador o aseos.  <\/p>\n<p>\ud83d\udccf 15,5 x 15,5 x 15,5 cm<\/p>\n","protected":false},"featured_media":196150,"comment_status":"open","ping_status":"closed","template":"","meta":{"_joinchat":[]},"pwb-brand":[2089],"product_brand":[],"product_cat":[2346],"product_tag":[],"class_list":{"0":"post-197214","1":"product","2":"type-product","3":"status-publish","4":"has-post-thumbnail","6":"pwb-brand-mathilde-m-es","7":"product_cat-joyero","9":"first","10":"instock","11":"taxable","12":"shipping-taxable","13":"purchasable","14":"product-type-simple"},"brands":[{"id":2089,"name":"Mathilde M.","slug":"mathilde-m-es"}],"_links":{"self":[{"href":"https:\/\/www.tendenzeshabbychic.it\/es\/wp-json\/wp\/v2\/product\/197214","targetHints":{"allow":["GET"]}}],"collection":[{"href":"https:\/\/www.tendenzeshabbychic.it\/es\/wp-json\/wp\/v2\/product"}],"about":[{"href":"https:\/\/www.tendenzeshabbychic.it\/es\/wp-json\/wp\/v2\/types\/product"}],"replies":[{"embeddable":true,"href":"https:\/\/www.tendenzeshabbychic.it\/es\/wp-json\/wp\/v2\/comments?post=197214"}],"wp:featuredmedia":[{"embeddable":true,"href":"https:\/\/www.tendenzeshabbychic.it\/es\/wp-json\/wp\/v2\/media\/196150"}],"wp:attachment":[{"href":"https:\/\/www.tendenzeshabbychic.it\/es\/wp-json\/wp\/v2\/media?parent=197214"}],"wp:term":[{"taxonomy":"pwb-brand","embeddable":true,"href":"https:\/\/www.tendenzeshabbychic.it\/es\/wp-json\/wp\/v2\/pwb-brand?post=197214"},{"taxonomy":"product_brand","embeddable":true,"href":"https:\/\/www.tendenzeshabbychic.it\/es\/wp-json\/wp\/v2\/product_brand?post=197214"},{"taxonomy":"product_cat","embeddable":true,"href":"https:\/\/www.tendenzeshabbychic.it\/es\/wp-json\/wp\/v2\/product_cat?post=197214"},{"taxonomy":"product_tag","embeddable":true,"href":"https:\/\/www.tendenzeshabbychic.it\/es\/wp-json\/wp\/v2\/product_tag?post=197214"}],"curies":[{"name":"wp","href":"https:\/\/api.w.org\/{rel}","templated":true}]}}