{"id":197211,"date":"2025-08-01T10:15:19","date_gmt":"2025-08-01T09:15:19","guid":{"rendered":"https:\/\/www.tendenzeshabbychic.it\/prodotto\/mathilde-m-juego-de-3-angeles-colgantes-de-cristal-h83-cm\/"},"modified":"2026-01-19T13:16:12","modified_gmt":"2026-01-19T12:16:12","slug":"mathilde-m-juego-de-3-angeles-colgantes-de-cristal-h83-cm","status":"publish","type":"product","link":"https:\/\/www.tendenzeshabbychic.it\/es\/producto\/mathilde-m-juego-de-3-angeles-colgantes-de-cristal-h83-cm\/","title":{"rendered":"Mathilde M Juego de 3 \u00e1ngeles colgantes de cristal H8,3 cm"},"content":{"rendered":"<p>El <em>Set de 3 \u00e1ngeles colgantes de cristal<\/em> de Mathilde M es un complemento elegante y brillante para tu \u00e1rbol de Navidad o tu decoraci\u00f3n festiva. Cada \u00e1ngel est\u00e1 hecho de cristal transparente cortado en forma de l\u00e1grima o rombo, con alas y detalles acabados a mano, embellecidos con un toque dorado en las alas, la aureola y el coraz\u00f3n central en relieve. <\/p>\n<p>Las formas son diferentes para cada sujeto, lo que confiere singularidad y dinamismo al conjunto. Los tres \u00e1ngeles llevan cintas de marfil para colgarlos f\u00e1cilmente de ramas, asas, guirnaldas o arreglos navide\u00f1os. <\/p>\n<p>Perfectas como ideas para regalar o como adornos de elegancia atemporal, aportar\u00e1n un toque de luz y espiritualidad a cualquier habitaci\u00f3n.<\/p>\n<ul>\n<li>Cristal transparente con detalles artesanales y dorados<\/li>\n<li>Tres \u00e1ngeles con formas diferentes para un efecto decorativo din\u00e1mico<\/li>\n<li>Equipado con cinta de color crema para colgarlo f\u00e1cilmente<\/li>\n<li>Elegante y ligero, perfecto para cualquier estilo navide\u00f1o<\/li>\n<li>Ideal como regalo o marcador de posici\u00f3n refinado<\/li>\n<\/ul>\n","protected":false},"excerpt":{"rendered":"<p>Tr\u00edo de delicados \u00e1ngeles de Navidad de cristal transparente con adornos dorados y detalles artesanales. Cada \u00e1ngel tiene una forma diferente y cinta de tela para colgar. <\/p>\n<p>\ud83d\udccf 5 x 2,4 x H 8,3 cm<\/p>\n","protected":false},"featured_media":196015,"comment_status":"open","ping_status":"closed","template":"","meta":{"_joinchat":[]},"pwb-brand":[2089],"product_brand":[],"product_cat":[2371,2318,2396],"product_tag":[2308,2283],"class_list":{"0":"post-197211","1":"product","2":"type-product","3":"status-publish","4":"has-post-thumbnail","6":"pwb-brand-mathilde-m-es","7":"product_cat-navidad","8":"product_cat-favores","9":"product_cat-objetos","10":"product_tag-angeles","11":"product_tag-idea-de-regalo","13":"first","14":"outofstock","15":"sale","16":"taxable","17":"shipping-taxable","18":"purchasable","19":"product-type-simple"},"brands":[{"id":2089,"name":"Mathilde M.","slug":"mathilde-m-es"}],"_links":{"self":[{"href":"https:\/\/www.tendenzeshabbychic.it\/es\/wp-json\/wp\/v2\/product\/197211","targetHints":{"allow":["GET"]}}],"collection":[{"href":"https:\/\/www.tendenzeshabbychic.it\/es\/wp-json\/wp\/v2\/product"}],"about":[{"href":"https:\/\/www.tendenzeshabbychic.it\/es\/wp-json\/wp\/v2\/types\/product"}],"replies":[{"embeddable":true,"href":"https:\/\/www.tendenzeshabbychic.it\/es\/wp-json\/wp\/v2\/comments?post=197211"}],"wp:featuredmedia":[{"embeddable":true,"href":"https:\/\/www.tendenzeshabbychic.it\/es\/wp-json\/wp\/v2\/media\/196015"}],"wp:attachment":[{"href":"https:\/\/www.tendenzeshabbychic.it\/es\/wp-json\/wp\/v2\/media?parent=197211"}],"wp:term":[{"taxonomy":"pwb-brand","embeddable":true,"href":"https:\/\/www.tendenzeshabbychic.it\/es\/wp-json\/wp\/v2\/pwb-brand?post=197211"},{"taxonomy":"product_brand","embeddable":true,"href":"https:\/\/www.tendenzeshabbychic.it\/es\/wp-json\/wp\/v2\/product_brand?post=197211"},{"taxonomy":"product_cat","embeddable":true,"href":"https:\/\/www.tendenzeshabbychic.it\/es\/wp-json\/wp\/v2\/product_cat?post=197211"},{"taxonomy":"product_tag","embeddable":true,"href":"https:\/\/www.tendenzeshabbychic.it\/es\/wp-json\/wp\/v2\/product_tag?post=197211"}],"curies":[{"name":"wp","href":"https:\/\/api.w.org\/{rel}","templated":true}]}}