{"id":197172,"date":"2025-08-01T07:17:19","date_gmt":"2025-08-01T06:17:19","guid":{"rendered":"https:\/\/www.tendenzeshabbychic.it\/prodotto\/mathilde-m-corona-de-escayola-y-perlas-the-de-fete\/"},"modified":"2025-11-04T12:50:05","modified_gmt":"2025-11-04T11:50:05","slug":"mathilde-m-corona-de-escayola-y-perlas-the-de-fete","status":"publish","type":"product","link":"https:\/\/www.tendenzeshabbychic.it\/es\/producto\/mathilde-m-corona-de-escayola-y-perlas-the-de-fete\/","title":{"rendered":"Mathilde M Corona de escayola y perlas Th\u00e9 de F\u00eate"},"content":{"rendered":"<p>La <em>Couronne Parfum\u00e9e Th\u00e9 de F\u00eate<\/em> de Mathilde M es un refinado objeto perfumado y decorativo, dise\u00f1ado para embellecer con elegancia los peque\u00f1os espacios del hogar. La corona, de metal plateado, est\u00e1 finamente decorada con perlas blancas de distintos tama\u00f1os. En el centro cuelga una gran flor de escayola blanca moldeada a mano, que difunde en la habitaci\u00f3n la fragancia Th\u00e9 de F\u00eate, un aroma festivo, envolvente y especiado con notas de t\u00e9 negro, cardamomo, jengibre, miel y vainilla.  <\/p>\n<p>El lazo de sat\u00e9n rosa empolvado a\u00f1ade un toque rom\u00e1ntico y femenino, por lo que este art\u00edculo tambi\u00e9n es perfecto como idea de regalo. Presentada en una elegante caja rosa perla con motivos florales en relieve, esta corona perfumada pertenece a la colecci\u00f3n navide\u00f1a de edici\u00f3n limitada <em>F\u00eate Nacr\u00e9e<\/em>. <\/p>\n<p>Perfecto para colgar en el pomo de una puerta, en un tirador o en un armario, aportar\u00e1 un toque de encanto franc\u00e9s y una delicada fragancia ambiental.<\/p>\n<ul>\n<li>Flor de escayola perfumada hecha a mano<\/li>\n<li>Elegante decoraci\u00f3n con cuentas y lazo de sat\u00e9n<\/li>\n<li>Fragancia Th\u00e9 de F\u00eate: especiada, dulce y festiva<\/li>\n<li>Envase refinado, ideal como regalo<\/li>\n<li>Edici\u00f3n limitada de la colecci\u00f3n <em>F\u00eate Nacr\u00e9e<\/em><\/li>\n<\/ul>\n","protected":false},"excerpt":{"rendered":"<p>Elegante corona decorativa de metal plateado adornada con cuentas y una flor central de escayola blanca perfumada. Acabada con una cinta de sat\u00e9n rosa empolvado. Pertenece a la colecci\u00f3n limitada <em>F\u00eate Nacr\u00e9e<\/em>, perfumada con la fragancia Th\u00e9 de F\u00eate, con notas especiadas y dulces.  <\/p>\n<p>\ud83d\udccf \u00f8 12 cm<\/p>\n<div class=\"row row-solid\"  id=\"row-1752888222\">\n\n\n\t<div id=\"col-1717344037\" class=\"col small-12 large-12\"  >\n\t\t\t\t<div class=\"col-inner\"  >\n\t\t\t\n\t\t\t\n\n\n\t\t<div class=\"icon-box featured-box icon-box-center text-center\"  >\n\t\t\t\t<div class=\"icon-box-text last-reset\">\n\t\t\t<h5 class=\"uppercase\">El t\u00e9 de fiesta<\/h5>\t\t\t\t\t\t\n\n<p>Las celebraciones navide\u00f1as que unen a las personas, los momentos de compartir donde el mundo se sienta alrededor de una taza de t\u00e9...<\/p>\n<p>Revive estos preciosos momentos con la deliciosa fragancia <strong>Th\u00e9 de F\u00eate<\/strong> .<\/p>\n<p>D\u00e9jate llevar por los aromas especiados del t\u00e9 y el cardamomo, con un toque chispeante del jengibre. Luego hace su entrada la envolvente miel, uni\u00e9ndose a la vainilla en una exquisita estela dulce. <\/p>\n\n\t\t<\/div>\n\t<\/div>\n\t\n\t\n\n\t\t<\/div>\n\t\t\t\t\t<\/div>\n\n\t\n\n\t<div id=\"col-397675292\" class=\"col small-12 large-12\"  >\n\t\t\t\t<div class=\"col-inner\"  >\n\t\t\t\n\t\t\t\n\n\n\t\t<div class=\"icon-box featured-box icon-box-left text-left\"  >\n\t\t\t\t\t<div class=\"icon-box-img\" style=\"width: 60px\">\n\t\t\t\t<div class=\"icon\">\n\t\t\t\t\t<div class=\"icon-inner\" style=\"color:rgb(235, 212, 178);\">\n\t\t\t\t\t\t<?xml version=\"1.0\" encoding=\"utf-8\"?><!-- Uploaded to: SVG Repo, www.svgrepo.com, Generator: SVG Repo Mixer Tools -->\r\n<svg fill=\"#000000\" width=\"800px\" height=\"800px\" viewBox=\"0 0 32 32\" xmlns=\"http:\/\/www.w3.org\/2000\/svg\">\r\n    <circle cx=\"16\" cy=\"16\" r=\"16\"\/>\r\n<\/svg>\t\t\t\t\t<\/div>\n\t\t\t\t<\/div>\n\t\t\t<\/div>\n\t\t\t\t<div class=\"icon-box-text last-reset\">\n\t\t\t\t\t\t\t\t\t\n\n\t<div id=\"text-1599485920\" class=\"text\">\n\t\t\n\n<h3>Notas altas<\/h3>  T\u00fa y cardamomo\n\t\t\n<style>\n#text-1599485920 {\n  line-height: 1;\n}\n<\/style>\n\t<\/div>\n\t\n\n\t\t<\/div>\n\t<\/div>\n\t\n\t\n\n\t\t<div class=\"icon-box featured-box icon-box-left text-left\"  >\n\t\t\t\t\t<div class=\"icon-box-img\" style=\"width: 60px\">\n\t\t\t\t<div class=\"icon\">\n\t\t\t\t\t<div class=\"icon-inner\" style=\"color:rgb(235, 212, 178);\">\n\t\t\t\t\t\t<?xml version=\"1.0\" encoding=\"utf-8\"?><!-- Uploaded to: SVG Repo, www.svgrepo.com, Generator: SVG Repo Mixer Tools -->\r\n<svg width=\"800px\" height=\"800px\" viewBox=\"0 0 24 24\" fill=\"none\" xmlns=\"http:\/\/www.w3.org\/2000\/svg\">\r\n<path d=\"M2 9.1371C2 14 6.01943 16.5914 8.96173 18.9109C10 19.7294 11 20.5 12 20.5C13 20.5 14 19.7294 15.0383 18.9109C17.9806 16.5914 22 14 22 9.1371C22 4.27416 16.4998 0.825464 12 5.50063C7.50016 0.825464 2 4.27416 2 9.1371Z\" fill=\"#1C274C\"\/>\r\n<\/svg>\t\t\t\t\t<\/div>\n\t\t\t\t<\/div>\n\t\t\t<\/div>\n\t\t\t\t<div class=\"icon-box-text last-reset\">\n\t\t\t\t\t\t\t\t\t\n\n\t<div id=\"text-74707884\" class=\"text\">\n\t\t\n\n<h3>notas de corazon<\/h3>  jengibre y miel\n\t\t\n<style>\n#text-74707884 {\n  line-height: 1;\n}\n<\/style>\n\t<\/div>\n\t\n\n\t\t<\/div>\n\t<\/div>\n\t\n\t\n\n\t\t<div class=\"icon-box featured-box icon-box-left text-left\"  >\n\t\t\t\t\t<div class=\"icon-box-img\" style=\"width: 60px\">\n\t\t\t\t<div class=\"icon\">\n\t\t\t\t\t<div class=\"icon-inner\" style=\"color:rgb(235, 212, 178);\">\n\t\t\t\t\t\t<?xml version=\"1.0\" encoding=\"UTF-8\" standalone=\"no\"?>\r\n<!-- Uploaded to: SVG Repo, www.svgrepo.com, Generator: SVG Repo Mixer Tools -->\r\n<svg width=\"800px\" height=\"800px\" viewBox=\"0 -12 32 32\" version=\"1.1\" xmlns=\"http:\/\/www.w3.org\/2000\/svg\" xmlns:xlink=\"http:\/\/www.w3.org\/1999\/xlink\" xmlns:sketch=\"http:\/\/www.bohemiancoding.com\/sketch\/ns\">\r\n    \r\n    <title>minus<\/title>\r\n    <desc>Created with Sketch Beta.<\/desc>\r\n    <defs>\r\n\r\n<\/defs>\r\n    <g id=\"Page-1\" stroke=\"none\" stroke-width=\"1\" fill=\"none\" fill-rule=\"evenodd\" sketch:type=\"MSPage\">\r\n        <g id=\"Icon-Set-Filled\" sketch:type=\"MSLayerGroup\" transform=\"translate(-414.000000, -1049.000000)\" fill=\"#000000\">\r\n            <path d=\"M442,1049 L418,1049 C415.791,1049 414,1050.79 414,1053 C414,1055.21 415.791,1057 418,1057 L442,1057 C444.209,1057 446,1055.21 446,1053 C446,1050.79 444.209,1049 442,1049\" id=\"minus\" sketch:type=\"MSShapeGroup\">\r\n\r\n<\/path>\r\n        <\/g>\r\n    <\/g>\r\n<\/svg>\t\t\t\t\t<\/div>\n\t\t\t\t<\/div>\n\t\t\t<\/div>\n\t\t\t\t<div class=\"icon-box-text last-reset\">\n\t\t\t\t\t\t\t\t\t\n\n\t<div id=\"text-1324452856\" class=\"text\">\n\t\t\n\n<h3>Notas de fondo<\/h3>  Madera de vainilla y gaiac\n\t\t\n<style>\n#text-1324452856 {\n  line-height: 1;\n}\n<\/style>\n\t<\/div>\n\t\n\n\t\t<\/div>\n\t<\/div>\n\t\n\t\n\n\t\t<\/div>\n\t\t\t\t\t<\/div>\n\n\t\n\n\t<div id=\"col-1748356240\" class=\"col small-12 large-12\"  >\n\t\t\t\t<div class=\"col-inner text-center\"  >\n\t\t\t\n\t\t\t\n\n<p style=\"text-align: center;\"><span style=\"font-size: 120%;\"><em>Descubre todos los productos con esencia Th\u00e9 de F\u00eate<\/em><\/span><\/p>\n<a href=\"https:\/\/www.tendenzeshabbychic.it\/es\/etiqueta-producto\/the-de-fete-es\/\" class=\"button white is-gloss box-shadow-2\" >\n\t\t<span>El t\u00e9 de fiesta<\/span>\n\t<\/a>\n\n\n\n\t\t<\/div>\n\t\t\t\t\t<\/div>\n\n\t\n\n<\/div>\n","protected":false},"featured_media":195970,"comment_status":"open","ping_status":"closed","template":"","meta":{"_joinchat":[]},"pwb-brand":[2089],"product_brand":[],"product_cat":[2363,2344],"product_tag":[2283,3057],"class_list":{"0":"post-197172","1":"product","2":"type-product","3":"status-publish","4":"has-post-thumbnail","6":"pwb-brand-mathilde-m-es","7":"product_cat-tizas-perfumadas","8":"product_cat-perfumistas","9":"product_tag-idea-de-regalo","10":"product_tag-the-de-fete-es","12":"first","13":"instock","14":"taxable","15":"shipping-taxable","16":"purchasable","17":"product-type-simple"},"brands":[{"id":2089,"name":"Mathilde M.","slug":"mathilde-m-es"}],"_links":{"self":[{"href":"https:\/\/www.tendenzeshabbychic.it\/es\/wp-json\/wp\/v2\/product\/197172","targetHints":{"allow":["GET"]}}],"collection":[{"href":"https:\/\/www.tendenzeshabbychic.it\/es\/wp-json\/wp\/v2\/product"}],"about":[{"href":"https:\/\/www.tendenzeshabbychic.it\/es\/wp-json\/wp\/v2\/types\/product"}],"replies":[{"embeddable":true,"href":"https:\/\/www.tendenzeshabbychic.it\/es\/wp-json\/wp\/v2\/comments?post=197172"}],"wp:featuredmedia":[{"embeddable":true,"href":"https:\/\/www.tendenzeshabbychic.it\/es\/wp-json\/wp\/v2\/media\/195970"}],"wp:attachment":[{"href":"https:\/\/www.tendenzeshabbychic.it\/es\/wp-json\/wp\/v2\/media?parent=197172"}],"wp:term":[{"taxonomy":"pwb-brand","embeddable":true,"href":"https:\/\/www.tendenzeshabbychic.it\/es\/wp-json\/wp\/v2\/pwb-brand?post=197172"},{"taxonomy":"product_brand","embeddable":true,"href":"https:\/\/www.tendenzeshabbychic.it\/es\/wp-json\/wp\/v2\/product_brand?post=197172"},{"taxonomy":"product_cat","embeddable":true,"href":"https:\/\/www.tendenzeshabbychic.it\/es\/wp-json\/wp\/v2\/product_cat?post=197172"},{"taxonomy":"product_tag","embeddable":true,"href":"https:\/\/www.tendenzeshabbychic.it\/es\/wp-json\/wp\/v2\/product_tag?post=197172"}],"curies":[{"name":"wp","href":"https:\/\/api.w.org\/{rel}","templated":true}]}}