{"id":197167,"date":"2025-08-01T10:00:58","date_gmt":"2025-08-01T09:00:58","guid":{"rendered":"https:\/\/www.tendenzeshabbychic.it\/prodotto\/estuche-de-tizas-perfumadas-mathilde-m-vanille-doree\/"},"modified":"2025-08-01T10:00:58","modified_gmt":"2025-08-01T09:00:58","slug":"estuche-de-tizas-perfumadas-mathilde-m-vanille-doree","status":"publish","type":"product","link":"https:\/\/www.tendenzeshabbychic.it\/es\/producto\/estuche-de-tizas-perfumadas-mathilde-m-vanille-doree\/","title":{"rendered":"Estuche de Tizas Perfumadas Mathilde M Vanille Dor\u00e9e"},"content":{"rendered":"<p>D\u00e9jate envolver por la dulce elegancia de la caja perfumada <em>Vanille Dor\u00e9e<\/em> de Mathilde M. Esta preciosa caja redonda est\u00e1 decorada con bonitas ramitas y peque\u00f1as flores rosa pastel sobre fondo marfil, y encierra en su interior 5 refinadas decoraciones perfumadas de escayola. Cada motivo -pluma, flor, alas de \u00e1ngel y caramelo- est\u00e1 trabajado con minucioso detalle y va acompa\u00f1ado de un lazo de grosgrain de color topo que le da un toque rom\u00e1ntico y sofisticado. <\/p>\n<p>La fragancia <em>Vanille Dor\u00e9e<\/em> se inspira en el delicioso recuerdo de un macarr\u00f3n de vainilla: crujiente, cremoso y envolvente. Notas de orqu\u00eddea se mezclan con haba tonka y vainilla, mientras que un toque salado y \u00e1mbar intensifican el encanto. <\/p>\n<p>Perfectos para perfumar habitaciones peque\u00f1as, cajones o armarios, estos adornos son tambi\u00e9n una idea de regalo encantadora y sofisticada.<\/p>\n<ul>\n<li>5 elegantes sujetos decorativos de escayola perfumada<\/li>\n<li>Fragancia golosa y envolvente con vainilla, haba tonka y \u00e1mbar<\/li>\n<li>Lazos de tela de color topo para un toque refinado<\/li>\n<li>Caja floral de dise\u00f1o rom\u00e1ntico<\/li>\n<li>Ideal para perfumar armarios, cajones o habitaciones peque\u00f1as<\/li>\n<\/ul>\n","protected":false},"excerpt":{"rendered":"<p>Refinada caja redonda decorada con un delicado motivo floral en tonos rosa pastel, que contiene 5 decoraciones perfumadas de escayola, cada una adornada con un lazo de color topo. Los adornos, con sus formas florales, plumosas y golosas, liberan el perfume Vanille Dor\u00e9e: una esencia c\u00e1lida y envolvente inspirada en la dulzura de un macarr\u00f3n de vainilla. <\/p>\n<p>\ud83d\udccf \u00d8 13,5 x H 8 cm aprox.<\/p>\n<div class=\"row row-solid\"  id=\"row-1983456550\">\n\n\n\t<div id=\"col-226623170\" class=\"col small-12 large-12\"  >\n\t\t\t\t<div class=\"col-inner\"  >\n\t\t\t\n\t\t\t\n\n\n\t\t<div class=\"icon-box featured-box icon-box-center text-center\"  >\n\t\t\t\t<div class=\"icon-box-text last-reset\">\n\t\t\t<h5 class=\"uppercase\">vainilla dore\u00e9<\/h5>\t\t\t\t\t\t\n\n<p>El delicioso recuerdo de un macarr\u00f3n de vainilla, ese manjar refinado y delicado que ansiaba Mar\u00eda Antonieta.<\/p>\n<p>Crujiente y dorada en la superficie, esta c\u00e1lida fragancia revela un acorde floral de orqu\u00eddea, realzado por una exquisita nota salada que despierta los sentidos. En el fondo, la crema de vainilla se mezcla con el haba tonka oscura. <\/p>\n<p>Finalmente, la cata finaliza con una sensual nota ambarina.<\/p>\n<p>Intensamente adictivo, un perfume imaginado como una aut\u00e9ntica invitaci\u00f3n a la glotoner\u00eda.<\/p>\n\n\t\t<\/div>\n\t<\/div>\n\t\n\t\n\n\t\t<\/div>\n\t\t\t\t\t<\/div>\n\n\t\n\n\t<div id=\"col-1774514349\" class=\"col small-12 large-12\"  >\n\t\t\t\t<div class=\"col-inner\"  >\n\t\t\t\n\t\t\t\n\n\n\t\t<div class=\"icon-box featured-box icon-box-left text-left\"  >\n\t\t\t\t\t<div class=\"icon-box-img\" style=\"width: 60px\">\n\t\t\t\t<div class=\"icon\">\n\t\t\t\t\t<div class=\"icon-inner\" style=\"color:rgb(236, 234, 182);\">\n\t\t\t\t\t\t<?xml version=\"1.0\" encoding=\"utf-8\"?><!-- Uploaded to: SVG Repo, www.svgrepo.com, Generator: SVG Repo Mixer Tools -->\r\n<svg fill=\"#000000\" width=\"800px\" height=\"800px\" viewBox=\"0 0 32 32\" xmlns=\"http:\/\/www.w3.org\/2000\/svg\">\r\n    <circle cx=\"16\" cy=\"16\" r=\"16\"\/>\r\n<\/svg>\t\t\t\t\t<\/div>\n\t\t\t\t<\/div>\n\t\t\t<\/div>\n\t\t\t\t<div class=\"icon-box-text last-reset\">\n\t\t\t\t\t\t\t\t\t\n\n\t<div id=\"text-3696654418\" class=\"text\">\n\t\t\n\n<h3>Notas altas<\/h3>\n<p>jazm\u00edn y orqu\u00eddea<\/p>\n\t\t\n<style>\n#text-3696654418 {\n  line-height: 1;\n}\n<\/style>\n\t<\/div>\n\t\n\n\t\t<\/div>\n\t<\/div>\n\t\n\t\n\n\t\t<div class=\"icon-box featured-box icon-box-left text-left\"  >\n\t\t\t\t\t<div class=\"icon-box-img\" style=\"width: 60px\">\n\t\t\t\t<div class=\"icon\">\n\t\t\t\t\t<div class=\"icon-inner\" style=\"color:rgb(236, 234, 182);\">\n\t\t\t\t\t\t<?xml version=\"1.0\" encoding=\"utf-8\"?><!-- Uploaded to: SVG Repo, www.svgrepo.com, Generator: SVG Repo Mixer Tools -->\r\n<svg width=\"800px\" height=\"800px\" viewBox=\"0 0 24 24\" fill=\"none\" xmlns=\"http:\/\/www.w3.org\/2000\/svg\">\r\n<path d=\"M2 9.1371C2 14 6.01943 16.5914 8.96173 18.9109C10 19.7294 11 20.5 12 20.5C13 20.5 14 19.7294 15.0383 18.9109C17.9806 16.5914 22 14 22 9.1371C22 4.27416 16.4998 0.825464 12 5.50063C7.50016 0.825464 2 4.27416 2 9.1371Z\" fill=\"#1C274C\"\/>\r\n<\/svg>\t\t\t\t\t<\/div>\n\t\t\t\t<\/div>\n\t\t\t<\/div>\n\t\t\t\t<div class=\"icon-box-text last-reset\">\n\t\t\t\t\t\t\t\t\t\n\n\t<div id=\"text-3826951852\" class=\"text\">\n\t\t\n\n<h3>notas de corazon<\/h3>\n<p>Vainilla y haba tonka<\/p>\n\t\t\n<style>\n#text-3826951852 {\n  line-height: 1;\n}\n<\/style>\n\t<\/div>\n\t\n\n\t\t<\/div>\n\t<\/div>\n\t\n\t\n\n\t\t<div class=\"icon-box featured-box icon-box-left text-left\"  >\n\t\t\t\t\t<div class=\"icon-box-img\" style=\"width: 60px\">\n\t\t\t\t<div class=\"icon\">\n\t\t\t\t\t<div class=\"icon-inner\" style=\"color:rgb(236, 234, 182);\">\n\t\t\t\t\t\t<?xml version=\"1.0\" encoding=\"UTF-8\" standalone=\"no\"?>\r\n<!-- Uploaded to: SVG Repo, www.svgrepo.com, Generator: SVG Repo Mixer Tools -->\r\n<svg width=\"800px\" height=\"800px\" viewBox=\"0 -12 32 32\" version=\"1.1\" xmlns=\"http:\/\/www.w3.org\/2000\/svg\" xmlns:xlink=\"http:\/\/www.w3.org\/1999\/xlink\" xmlns:sketch=\"http:\/\/www.bohemiancoding.com\/sketch\/ns\">\r\n    \r\n    <title>minus<\/title>\r\n    <desc>Created with Sketch Beta.<\/desc>\r\n    <defs>\r\n\r\n<\/defs>\r\n    <g id=\"Page-1\" stroke=\"none\" stroke-width=\"1\" fill=\"none\" fill-rule=\"evenodd\" sketch:type=\"MSPage\">\r\n        <g id=\"Icon-Set-Filled\" sketch:type=\"MSLayerGroup\" transform=\"translate(-414.000000, -1049.000000)\" fill=\"#000000\">\r\n            <path d=\"M442,1049 L418,1049 C415.791,1049 414,1050.79 414,1053 C414,1055.21 415.791,1057 418,1057 L442,1057 C444.209,1057 446,1055.21 446,1053 C446,1050.79 444.209,1049 442,1049\" id=\"minus\" sketch:type=\"MSShapeGroup\">\r\n\r\n<\/path>\r\n        <\/g>\r\n    <\/g>\r\n<\/svg>\t\t\t\t\t<\/div>\n\t\t\t\t<\/div>\n\t\t\t<\/div>\n\t\t\t\t<div class=\"icon-box-text last-reset\">\n\t\t\t\t\t\t\t\t\t\n\n\t<div id=\"text-4269951342\" class=\"text\">\n\t\t\n\n<h3>Notas de fondo<\/h3>\n<p>\u00c1mbar y almizcle blanco<\/p>\n\t\t\n<style>\n#text-4269951342 {\n  line-height: 1;\n}\n<\/style>\n\t<\/div>\n\t\n\n\t\t<\/div>\n\t<\/div>\n\t\n\t\n\n\t\t<\/div>\n\t\t\t\t\t<\/div>\n\n\t\n\n\t<div id=\"col-621786720\" class=\"col small-12 large-12\"  >\n\t\t\t\t<div class=\"col-inner text-center\"  >\n\t\t\t\n\t\t\t\n\n<p style=\"text-align: center;\"><span style=\"font-size: 120%;\"><em>Descubre todos los productos de esencia Vanille Dor\u00e8e<\/em><\/span><\/p>\n<a href=\"https:\/\/www.tendenzeshabbychic.it\/es\/etiqueta-producto\/vanille-doree-es\/\" class=\"button white is-gloss box-shadow-2\" >\n\t\t<span>VAINILLAS DOREE<\/span>\n\t<\/a>\n\n\n\n\t\t<\/div>\n\t\t\t\t\t<\/div>\n\n\t\n\n<\/div>\n","protected":false},"featured_media":195951,"comment_status":"open","ping_status":"closed","template":"","meta":{"_joinchat":[]},"pwb-brand":[2089],"product_brand":[],"product_cat":[2363,2344],"product_tag":[2283,3051],"class_list":{"0":"post-197167","1":"product","2":"type-product","3":"status-publish","4":"has-post-thumbnail","6":"pwb-brand-mathilde-m-es","7":"product_cat-tizas-perfumadas","8":"product_cat-perfumistas","9":"product_tag-idea-de-regalo","10":"product_tag-vanille-doree-es","12":"first","13":"instock","14":"taxable","15":"shipping-taxable","16":"purchasable","17":"product-type-simple"},"brands":[{"id":2089,"name":"Mathilde M.","slug":"mathilde-m-es"}],"_links":{"self":[{"href":"https:\/\/www.tendenzeshabbychic.it\/es\/wp-json\/wp\/v2\/product\/197167","targetHints":{"allow":["GET"]}}],"collection":[{"href":"https:\/\/www.tendenzeshabbychic.it\/es\/wp-json\/wp\/v2\/product"}],"about":[{"href":"https:\/\/www.tendenzeshabbychic.it\/es\/wp-json\/wp\/v2\/types\/product"}],"replies":[{"embeddable":true,"href":"https:\/\/www.tendenzeshabbychic.it\/es\/wp-json\/wp\/v2\/comments?post=197167"}],"wp:featuredmedia":[{"embeddable":true,"href":"https:\/\/www.tendenzeshabbychic.it\/es\/wp-json\/wp\/v2\/media\/195951"}],"wp:attachment":[{"href":"https:\/\/www.tendenzeshabbychic.it\/es\/wp-json\/wp\/v2\/media?parent=197167"}],"wp:term":[{"taxonomy":"pwb-brand","embeddable":true,"href":"https:\/\/www.tendenzeshabbychic.it\/es\/wp-json\/wp\/v2\/pwb-brand?post=197167"},{"taxonomy":"product_brand","embeddable":true,"href":"https:\/\/www.tendenzeshabbychic.it\/es\/wp-json\/wp\/v2\/product_brand?post=197167"},{"taxonomy":"product_cat","embeddable":true,"href":"https:\/\/www.tendenzeshabbychic.it\/es\/wp-json\/wp\/v2\/product_cat?post=197167"},{"taxonomy":"product_tag","embeddable":true,"href":"https:\/\/www.tendenzeshabbychic.it\/es\/wp-json\/wp\/v2\/product_tag?post=197167"}],"curies":[{"name":"wp","href":"https:\/\/api.w.org\/{rel}","templated":true}]}}