{"id":197163,"date":"2025-08-01T10:00:51","date_gmt":"2025-08-01T09:00:51","guid":{"rendered":"https:\/\/www.tendenzeshabbychic.it\/prodotto\/set-de-esparadrapo-perfumado-mathilde-m-belle-lavande\/"},"modified":"2025-08-01T10:00:51","modified_gmt":"2025-08-01T09:00:51","slug":"set-de-esparadrapo-perfumado-mathilde-m-belle-lavande","status":"publish","type":"product","link":"https:\/\/www.tendenzeshabbychic.it\/es\/producto\/set-de-esparadrapo-perfumado-mathilde-m-belle-lavande\/","title":{"rendered":"Set de esparadrapo perfumado Mathilde M. Belle Lavande"},"content":{"rendered":"<p>La caja perfumada Belle Lavande de Mathilde M es una elegante propuesta decorativa y olfativa para el hogar. En su interior, cinco refinados adornos de yeso blanco con cinta lila difunden una fragancia fresca y relajante de lavanda, almendra y maderas. <\/p>\n<p>Cada adorno tiene una forma \u00fanica y sofisticada: un coraz\u00f3n tallado, una rosa en relieve, una jaula, un ramo de lavanda y unas alas de \u00e1ngel finamente esculpidas. El recipiente, de cart\u00f3n r\u00edgido, est\u00e1 decorado con rayas y ramajes en tonos crema y lavanda, y tambi\u00e9n es perfecto para exponer. Ideal para armarios, cajones o como idea de regalo refinada y rom\u00e1ntica.  <\/p>\n<ul>\n<li>5 decoraciones de tiza con dise\u00f1os \u00fanicos y detallados<\/li>\n<li>Fragancia envolvente Belle Lavande<\/li>\n<li>Lazos de tela grosgrain lila para un toque femenino<\/li>\n<li>Caja decorativa reutilizable<\/li>\n<li>Ideal para habitaciones, armarios y cajones<\/li>\n<\/ul>\n","protected":false},"excerpt":{"rendered":"<p>Delicada caja redonda decorada con un motivo floral en tonos lavanda y crema, que contiene 5 elegantes adornos de escayola perfumada con una cinta de tela lila. Los detalles grabados representan flores, corazones, jaulas y alas de \u00e1ngel, realizados con un acabado mate y una textura refinada. Perfumado Belle Lavande.  <\/p>\n<p>\ud83d\udccf \u00d8 13,5 x H 8,5 cm<\/p>\n<div class=\"row row-solid\"  id=\"row-1703133149\">\n\n\n\t<div id=\"col-870700886\" class=\"col small-12 large-12\"  >\n\t\t\t\t<div class=\"col-inner\"  >\n\t\t\t\n\t\t\t\n\n\n\t<a class=\"plain\" href=\"https:\/\/www.tendenzeshabbychic.it\/es\/etiqueta-producto\/belle-lavande-es\/\" >\t<div class=\"icon-box featured-box icon-box-center text-center\"  >\n\t\t\t\t<div class=\"icon-box-text last-reset\">\n\t\t\t<h5 class=\"uppercase\">Belle Lavande<\/h5>\t\t\t\t\t\t\n\n<p>Delicada y sensual, Belle Lavande envuelve el hogar en suavidad. Cautivador con flores de lavanda y deliciosas notas de almendra realzadas por el pachul\u00ed.<br>\ny s\u00e1ndalo en una hermosa combinaci\u00f3n floral-amaderada.<\/p>\n\n\t\t<\/div>\n\t<\/div>\n\t<\/a>\n\t\n\n\t\t<\/div>\n\t\t\t\t\t<\/div>\n\n\t\n\n\t<div id=\"col-1402865935\" class=\"col small-12 large-12\"  >\n\t\t\t\t<div class=\"col-inner\"  >\n\t\t\t\n\t\t\t\n\n\n\t\t<div class=\"icon-box featured-box icon-box-left text-left\"  >\n\t\t\t\t\t<div class=\"icon-box-img\" style=\"width: 60px\">\n\t\t\t\t<div class=\"icon\">\n\t\t\t\t\t<div class=\"icon-inner\" style=\"color:rgb(173, 218, 242);\">\n\t\t\t\t\t\t<?xml version=\"1.0\" encoding=\"utf-8\"?><!-- Uploaded to: SVG Repo, www.svgrepo.com, Generator: SVG Repo Mixer Tools -->\r\n<svg fill=\"#000000\" width=\"800px\" height=\"800px\" viewBox=\"0 0 32 32\" xmlns=\"http:\/\/www.w3.org\/2000\/svg\">\r\n    <circle cx=\"16\" cy=\"16\" r=\"16\"\/>\r\n<\/svg>\t\t\t\t\t<\/div>\n\t\t\t\t<\/div>\n\t\t\t<\/div>\n\t\t\t\t<div class=\"icon-box-text last-reset\">\n\t\t\t\t\t\t\t\t\t\n\n\t<div id=\"text-888446578\" class=\"text\">\n\t\t\n\n<h3>Notas altas<\/h3>\n<p>Jazm\u00edn<\/p>\n\t\t\n<style>\n#text-888446578 {\n  line-height: 1;\n}\n<\/style>\n\t<\/div>\n\t\n\n\t\t<\/div>\n\t<\/div>\n\t\n\t\n\n\t\t<div class=\"icon-box featured-box icon-box-left text-left\"  >\n\t\t\t\t\t<div class=\"icon-box-img\" style=\"width: 60px\">\n\t\t\t\t<div class=\"icon\">\n\t\t\t\t\t<div class=\"icon-inner\" style=\"color:#addaf2;\">\n\t\t\t\t\t\t<?xml version=\"1.0\" encoding=\"utf-8\"?><!-- Uploaded to: SVG Repo, www.svgrepo.com, Generator: SVG Repo Mixer Tools -->\r\n<svg width=\"800px\" height=\"800px\" viewBox=\"0 0 24 24\" fill=\"none\" xmlns=\"http:\/\/www.w3.org\/2000\/svg\">\r\n<path d=\"M2 9.1371C2 14 6.01943 16.5914 8.96173 18.9109C10 19.7294 11 20.5 12 20.5C13 20.5 14 19.7294 15.0383 18.9109C17.9806 16.5914 22 14 22 9.1371C22 4.27416 16.4998 0.825464 12 5.50063C7.50016 0.825464 2 4.27416 2 9.1371Z\" fill=\"#1C274C\"\/>\r\n<\/svg>\t\t\t\t\t<\/div>\n\t\t\t\t<\/div>\n\t\t\t<\/div>\n\t\t\t\t<div class=\"icon-box-text last-reset\">\n\t\t\t\t\t\t\t\t\t\n\n\t<div id=\"text-168533297\" class=\"text\">\n\t\t\n\n<h3>notas de corazon<\/h3>\n<p>Lavanda y Almendra<\/p>\n\t\t\n<style>\n#text-168533297 {\n  line-height: 1;\n}\n<\/style>\n\t<\/div>\n\t\n\n\t\t<\/div>\n\t<\/div>\n\t\n\t\n\n\t\t<div class=\"icon-box featured-box icon-box-left text-left\"  >\n\t\t\t\t\t<div class=\"icon-box-img\" style=\"width: 60px\">\n\t\t\t\t<div class=\"icon\">\n\t\t\t\t\t<div class=\"icon-inner\" style=\"color:#addaf2;\">\n\t\t\t\t\t\t<?xml version=\"1.0\" encoding=\"UTF-8\" standalone=\"no\"?>\r\n<!-- Uploaded to: SVG Repo, www.svgrepo.com, Generator: SVG Repo Mixer Tools -->\r\n<svg width=\"800px\" height=\"800px\" viewBox=\"0 -12 32 32\" version=\"1.1\" xmlns=\"http:\/\/www.w3.org\/2000\/svg\" xmlns:xlink=\"http:\/\/www.w3.org\/1999\/xlink\" xmlns:sketch=\"http:\/\/www.bohemiancoding.com\/sketch\/ns\">\r\n    \r\n    <title>minus<\/title>\r\n    <desc>Created with Sketch Beta.<\/desc>\r\n    <defs>\r\n\r\n<\/defs>\r\n    <g id=\"Page-1\" stroke=\"none\" stroke-width=\"1\" fill=\"none\" fill-rule=\"evenodd\" sketch:type=\"MSPage\">\r\n        <g id=\"Icon-Set-Filled\" sketch:type=\"MSLayerGroup\" transform=\"translate(-414.000000, -1049.000000)\" fill=\"#000000\">\r\n            <path d=\"M442,1049 L418,1049 C415.791,1049 414,1050.79 414,1053 C414,1055.21 415.791,1057 418,1057 L442,1057 C444.209,1057 446,1055.21 446,1053 C446,1050.79 444.209,1049 442,1049\" id=\"minus\" sketch:type=\"MSShapeGroup\">\r\n\r\n<\/path>\r\n        <\/g>\r\n    <\/g>\r\n<\/svg>\t\t\t\t\t<\/div>\n\t\t\t\t<\/div>\n\t\t\t<\/div>\n\t\t\t\t<div class=\"icon-box-text last-reset\">\n\t\t\t\t\t\t\t\t\t\n\n\t<div id=\"text-3964832125\" class=\"text\">\n\t\t\n\n<h3>Notas de fondo<\/h3>\n<p>Pachul\u00ed y s\u00e1ndalo<\/p>\n\t\t\n<style>\n#text-3964832125 {\n  line-height: 1;\n}\n<\/style>\n\t<\/div>\n\t\n\n\t\t<\/div>\n\t<\/div>\n\t\n\t\n\n\t\t<\/div>\n\t\t\t\t\t<\/div>\n\n\t\n\n\t<div id=\"col-1519399189\" class=\"col small-12 large-12\"  >\n\t\t\t\t<div class=\"col-inner text-center\"  >\n\t\t\t\n\t\t\t\n\n<p style=\"text-align: center;\"><span style=\"font-size: 120%;\"><em>Descubra todos los productos de esencia Belle Lavande<\/em><\/span><\/p>\n<a href=\"https:\/\/www.tendenzeshabbychic.it\/es\/etiqueta-producto\/belle-lavande-es\/\" class=\"button white is-gloss box-shadow-2\" >\n\t\t<span>BELLE LAVANDE<\/span>\n\t<\/a>\n\n\n\n\t\t<\/div>\n\t\t\t\t\t<\/div>\n\n\t\n\n<\/div>\n","protected":false},"featured_media":195902,"comment_status":"open","ping_status":"closed","template":"","meta":{"_joinchat":[]},"pwb-brand":[2089],"product_brand":[],"product_cat":[2363,2344],"product_tag":[2678,2283],"class_list":{"0":"post-197163","1":"product","2":"type-product","3":"status-publish","4":"has-post-thumbnail","6":"pwb-brand-mathilde-m-es","7":"product_cat-tizas-perfumadas","8":"product_cat-perfumistas","9":"product_tag-belle-lavande-es","10":"product_tag-idea-de-regalo","12":"first","13":"outofstock","14":"taxable","15":"shipping-taxable","16":"purchasable","17":"product-type-simple"},"brands":[{"id":2089,"name":"Mathilde M.","slug":"mathilde-m-es"}],"_links":{"self":[{"href":"https:\/\/www.tendenzeshabbychic.it\/es\/wp-json\/wp\/v2\/product\/197163","targetHints":{"allow":["GET"]}}],"collection":[{"href":"https:\/\/www.tendenzeshabbychic.it\/es\/wp-json\/wp\/v2\/product"}],"about":[{"href":"https:\/\/www.tendenzeshabbychic.it\/es\/wp-json\/wp\/v2\/types\/product"}],"replies":[{"embeddable":true,"href":"https:\/\/www.tendenzeshabbychic.it\/es\/wp-json\/wp\/v2\/comments?post=197163"}],"wp:featuredmedia":[{"embeddable":true,"href":"https:\/\/www.tendenzeshabbychic.it\/es\/wp-json\/wp\/v2\/media\/195902"}],"wp:attachment":[{"href":"https:\/\/www.tendenzeshabbychic.it\/es\/wp-json\/wp\/v2\/media?parent=197163"}],"wp:term":[{"taxonomy":"pwb-brand","embeddable":true,"href":"https:\/\/www.tendenzeshabbychic.it\/es\/wp-json\/wp\/v2\/pwb-brand?post=197163"},{"taxonomy":"product_brand","embeddable":true,"href":"https:\/\/www.tendenzeshabbychic.it\/es\/wp-json\/wp\/v2\/product_brand?post=197163"},{"taxonomy":"product_cat","embeddable":true,"href":"https:\/\/www.tendenzeshabbychic.it\/es\/wp-json\/wp\/v2\/product_cat?post=197163"},{"taxonomy":"product_tag","embeddable":true,"href":"https:\/\/www.tendenzeshabbychic.it\/es\/wp-json\/wp\/v2\/product_tag?post=197163"}],"curies":[{"name":"wp","href":"https:\/\/api.w.org\/{rel}","templated":true}]}}