{"id":197154,"date":"2025-08-01T11:10:51","date_gmt":"2025-08-01T10:10:51","guid":{"rendered":"https:\/\/www.tendenzeshabbychic.it\/prodotto\/perfume-de-tela-mathilde-m-75-ml-secret-de-santal\/"},"modified":"2026-05-12T17:52:10","modified_gmt":"2026-05-12T15:52:10","slug":"perfume-de-tela-mathilde-m-75-ml-secret-de-santal","status":"publish","type":"product","link":"https:\/\/www.tendenzeshabbychic.it\/es\/producto\/perfume-de-tela-mathilde-m-75-ml-secret-de-santal\/","title":{"rendered":"Perfume de tela Mathilde M. 75 ml &#8211; Secret de Santal"},"content":{"rendered":"<p>El perfume de tela <em>Secret de Santal<\/em> de Mathilde M transporta la imaginaci\u00f3n a los salones secretos y rom\u00e1nticos de un tocador franc\u00e9s, donde el perfume cuenta historias susurradas. El frasco de cristal estriado, adornado con un tap\u00f3n transparente trabajado en relieve, da un toque de elegancia al hogar, convirti\u00e9ndose \u00e9l mismo en un objeto decorativo. <\/p>\n<p>La fragancia se abre con notas chispeantes de bergamota y pimienta, contin\u00faa con un coraz\u00f3n floral de jazm\u00edn y se cierra con una base rica y sensual de vainilla, s\u00e1ndalo y pachul\u00ed. Dise\u00f1ado para refrescar y perfumar delicadamente tejidos como cortinas, almohadas, s\u00e1banas o mantas, gracias a su f\u00f3rmula suave que no mancha. <\/p>\n<ul>\n<li>Dise\u00f1o elegante y cl\u00e1sico en vidrio trabajado<\/li>\n<li>Fragancia c\u00e1lida y sensual con s\u00e1ndalo y vainilla<\/li>\n<li>No deja rastros en los tejidos<\/li>\n<li>Pertenece a la refinada colecci\u00f3n <em>Les Intemporelles<\/em><\/li>\n<li>Perfecto para ambientes sofisticados e \u00edntimos<\/li>\n<\/ul>\n","protected":false},"excerpt":{"rendered":"<p>Una elegante fragancia de tela encerrada en un frasco de cristal transparente con grabados verticales y tap\u00f3n efecto cristal. <em>Secret de Santal<\/em> es una fragancia envolvente y sensual de la colecci\u00f3n <em>Les Intemporelles<\/em>, que combina la dulzura del s\u00e1ndalo con toques florales y especiados y un fondo cremoso de vainilla y pachul\u00ed.<\/p>\n<p>\ud83d\udccf \u00f8 5 x A 13 cm<\/p>\n<div class=\"row row-solid\"  id=\"row-721290787\">\n\n\n\t<div id=\"col-811845254\" class=\"col small-12 large-12\"  >\n\t\t\t\t<div class=\"col-inner\"  >\n\t\t\t\n\t\t\t\n\n\n\t\t<div class=\"icon-box featured-box icon-box-center text-center\"  >\n\t\t\t\t<div class=\"icon-box-text last-reset\">\n\t\t\t<h5 class=\"uppercase\">Secret de Santal<\/h5>\t\t\t\t\t\t\n\n\t<div id=\"text-3225107885\" class=\"text\">\n\t\t\n\nTestigos de intrigas, romances y otros secretos \u00edntimos, los m\u00e1s bellos tapices adornan las paredes de los tocadores. Una puerta entreabierta deja escapar un dulce aroma.\nde estos lugares reservados: notas voluptuosas de s\u00e1ndalo dulce se mezclan con los acentos florales de un ramo. Un perfume exquisito, un matrimonio que finaliza con notas cremosas y avainilladas que emanan de elixires de belleza.\nComo un susurro, al secreto aroma dulce y hechizante...\n\t\t\n<style>\n#text-3225107885 {\n  line-height: 1.75;\n}\n<\/style>\n\t<\/div>\n\t\n\n\t\t<\/div>\n\t<\/div>\n\t\n\t\n\n\t\t<\/div>\n\t\t\t\t\t<\/div>\n\n\t\n\n\t<div id=\"col-476874618\" class=\"col small-12 large-12\"  >\n\t\t\t\t<div class=\"col-inner\"  >\n\t\t\t\n\t\t\t\n\n\n\t\t<div class=\"icon-box featured-box icon-box-left text-left\"  >\n\t\t\t\t\t<div class=\"icon-box-img\" style=\"width: 60px\">\n\t\t\t\t<div class=\"icon\">\n\t\t\t\t\t<div class=\"icon-inner\" style=\"color:rgb(230, 166, 129);\">\n\t\t\t\t\t\t<?xml version=\"1.0\" encoding=\"utf-8\"?><!-- Uploaded to: SVG Repo, www.svgrepo.com, Generator: SVG Repo Mixer Tools -->\r\n<svg fill=\"#000000\" width=\"800px\" height=\"800px\" viewBox=\"0 0 32 32\" xmlns=\"http:\/\/www.w3.org\/2000\/svg\">\r\n    <circle cx=\"16\" cy=\"16\" r=\"16\"\/>\r\n<\/svg>\t\t\t\t\t<\/div>\n\t\t\t\t<\/div>\n\t\t\t<\/div>\n\t\t\t\t<div class=\"icon-box-text last-reset\">\n\t\t\t\t\t\t\t\t\t\n\n\t<div id=\"text-3509714372\" class=\"text\">\n\t\t\n\n<h3>Notas altas<\/h3>\n<p>Bergamota y pimienta<\/p>\n\t\t\n<style>\n#text-3509714372 {\n  line-height: 1;\n}\n<\/style>\n\t<\/div>\n\t\n\n\t\t<\/div>\n\t<\/div>\n\t\n\t\n\n\t\t<div class=\"icon-box featured-box icon-box-left text-left\"  >\n\t\t\t\t\t<div class=\"icon-box-img\" style=\"width: 60px\">\n\t\t\t\t<div class=\"icon\">\n\t\t\t\t\t<div class=\"icon-inner\" style=\"color:#e6a681;\">\n\t\t\t\t\t\t<?xml version=\"1.0\" encoding=\"utf-8\"?><!-- Uploaded to: SVG Repo, www.svgrepo.com, Generator: SVG Repo Mixer Tools -->\r\n<svg width=\"800px\" height=\"800px\" viewBox=\"0 0 24 24\" fill=\"none\" xmlns=\"http:\/\/www.w3.org\/2000\/svg\">\r\n<path d=\"M2 9.1371C2 14 6.01943 16.5914 8.96173 18.9109C10 19.7294 11 20.5 12 20.5C13 20.5 14 19.7294 15.0383 18.9109C17.9806 16.5914 22 14 22 9.1371C22 4.27416 16.4998 0.825464 12 5.50063C7.50016 0.825464 2 4.27416 2 9.1371Z\" fill=\"#1C274C\"\/>\r\n<\/svg>\t\t\t\t\t<\/div>\n\t\t\t\t<\/div>\n\t\t\t<\/div>\n\t\t\t\t<div class=\"icon-box-text last-reset\">\n\t\t\t\t\t\t\t\t\t\n\n\t<div id=\"text-3671806826\" class=\"text\">\n\t\t\n\n<h3>notas de corazon<\/h3>\n<p>Jazm\u00edn<\/p>\n\t\t\n<style>\n#text-3671806826 {\n  line-height: 1;\n}\n<\/style>\n\t<\/div>\n\t\n\n\t\t<\/div>\n\t<\/div>\n\t\n\t\n\n\t\t<div class=\"icon-box featured-box icon-box-left text-left\"  >\n\t\t\t\t\t<div class=\"icon-box-img\" style=\"width: 60px\">\n\t\t\t\t<div class=\"icon\">\n\t\t\t\t\t<div class=\"icon-inner\" style=\"color:#e6a681;\">\n\t\t\t\t\t\t<?xml version=\"1.0\" encoding=\"UTF-8\" standalone=\"no\"?>\r\n<!-- Uploaded to: SVG Repo, www.svgrepo.com, Generator: SVG Repo Mixer Tools -->\r\n<svg width=\"800px\" height=\"800px\" viewBox=\"0 -12 32 32\" version=\"1.1\" xmlns=\"http:\/\/www.w3.org\/2000\/svg\" xmlns:xlink=\"http:\/\/www.w3.org\/1999\/xlink\" xmlns:sketch=\"http:\/\/www.bohemiancoding.com\/sketch\/ns\">\r\n    \r\n    <title>minus<\/title>\r\n    <desc>Created with Sketch Beta.<\/desc>\r\n    <defs>\r\n\r\n<\/defs>\r\n    <g id=\"Page-1\" stroke=\"none\" stroke-width=\"1\" fill=\"none\" fill-rule=\"evenodd\" sketch:type=\"MSPage\">\r\n        <g id=\"Icon-Set-Filled\" sketch:type=\"MSLayerGroup\" transform=\"translate(-414.000000, -1049.000000)\" fill=\"#000000\">\r\n            <path d=\"M442,1049 L418,1049 C415.791,1049 414,1050.79 414,1053 C414,1055.21 415.791,1057 418,1057 L442,1057 C444.209,1057 446,1055.21 446,1053 C446,1050.79 444.209,1049 442,1049\" id=\"minus\" sketch:type=\"MSShapeGroup\">\r\n\r\n<\/path>\r\n        <\/g>\r\n    <\/g>\r\n<\/svg>\t\t\t\t\t<\/div>\n\t\t\t\t<\/div>\n\t\t\t<\/div>\n\t\t\t\t<div class=\"icon-box-text last-reset\">\n\t\t\t\t\t\t\t\t\t\n\n\t<div id=\"text-2576347434\" class=\"text\">\n\t\t\n\n<h3>Notas de fondo<\/h3>\n<p>vainilla, s\u00e1ndalo y pachul\u00ed<\/p>\n\t\t\n<style>\n#text-2576347434 {\n  line-height: 1;\n}\n<\/style>\n\t<\/div>\n\t\n\n\t\t<\/div>\n\t<\/div>\n\t\n\t\n\n\t\t<\/div>\n\t\t\t\t\t<\/div>\n\n\t\n\n\t<div id=\"col-314508224\" class=\"col small-12 large-12\"  >\n\t\t\t\t<div class=\"col-inner text-center\"  >\n\t\t\t\n\t\t\t\n\n<p style=\"text-align: center;\"><span style=\"font-size: 120%;\"><em>Descubre todos los productos de esencias Secret de Santal<\/em><\/span><\/p>\n<a href=\"https:\/\/www.tendenzeshabbychic.it\/es\/etiqueta-producto\/secret-de-santal-es\/\" class=\"button white is-gloss box-shadow-2\" >\n\t\t<span>SECRET DE SANTAL<\/span>\n\t<\/a>\n\n\n\n\t\t<\/div>\n\t\t\t\t\t<\/div>\n\n\t\n\n<\/div>\n","protected":false},"featured_media":195842,"comment_status":"open","ping_status":"closed","template":"","meta":{"_joinchat":[]},"pwb-brand":[2089],"product_brand":[],"product_cat":[2364,2344],"product_tag":[2218],"class_list":{"0":"post-197154","1":"product","2":"type-product","3":"status-publish","4":"has-post-thumbnail","6":"pwb-brand-mathilde-m-es","7":"product_cat-perfumes-para-tejidos","8":"product_cat-perfumistas","9":"product_tag-secret-de-santal-es","11":"first","12":"instock","13":"taxable","14":"shipping-taxable","15":"purchasable","16":"product-type-simple"},"brands":[{"id":2089,"name":"Mathilde M.","slug":"mathilde-m-es"}],"_links":{"self":[{"href":"https:\/\/www.tendenzeshabbychic.it\/es\/wp-json\/wp\/v2\/product\/197154","targetHints":{"allow":["GET"]}}],"collection":[{"href":"https:\/\/www.tendenzeshabbychic.it\/es\/wp-json\/wp\/v2\/product"}],"about":[{"href":"https:\/\/www.tendenzeshabbychic.it\/es\/wp-json\/wp\/v2\/types\/product"}],"replies":[{"embeddable":true,"href":"https:\/\/www.tendenzeshabbychic.it\/es\/wp-json\/wp\/v2\/comments?post=197154"}],"wp:featuredmedia":[{"embeddable":true,"href":"https:\/\/www.tendenzeshabbychic.it\/es\/wp-json\/wp\/v2\/media\/195842"}],"wp:attachment":[{"href":"https:\/\/www.tendenzeshabbychic.it\/es\/wp-json\/wp\/v2\/media?parent=197154"}],"wp:term":[{"taxonomy":"pwb-brand","embeddable":true,"href":"https:\/\/www.tendenzeshabbychic.it\/es\/wp-json\/wp\/v2\/pwb-brand?post=197154"},{"taxonomy":"product_brand","embeddable":true,"href":"https:\/\/www.tendenzeshabbychic.it\/es\/wp-json\/wp\/v2\/product_brand?post=197154"},{"taxonomy":"product_cat","embeddable":true,"href":"https:\/\/www.tendenzeshabbychic.it\/es\/wp-json\/wp\/v2\/product_cat?post=197154"},{"taxonomy":"product_tag","embeddable":true,"href":"https:\/\/www.tendenzeshabbychic.it\/es\/wp-json\/wp\/v2\/product_tag?post=197154"}],"curies":[{"name":"wp","href":"https:\/\/api.w.org\/{rel}","templated":true}]}}