{"id":197150,"date":"2026-02-11T08:03:59","date_gmt":"2026-02-11T07:03:59","guid":{"rendered":"https:\/\/www.tendenzeshabbychic.it\/prodotto\/perfume-de-tela-mathilde-m-75-ml-fleur-de-mandarine\/"},"modified":"2025-08-01T11:03:59","modified_gmt":"2025-08-01T10:03:59","slug":"perfume-de-tela-mathilde-m-75-ml-fleur-de-mandarine","status":"publish","type":"product","link":"https:\/\/www.tendenzeshabbychic.it\/es\/producto\/perfume-de-tela-mathilde-m-75-ml-fleur-de-mandarine\/","title":{"rendered":"Perfume de tela Mathilde M 75 ml &#8211; Fleur de Mandarine"},"content":{"rendered":"<p><em>Fleur de Mandarine<\/em> de Mathilde M es un perfume para textiles que aporta a la ropa blanca un toque de sofisticaci\u00f3n y frescor inspirado en los jardines reales del sur. Encerrado en un frasco de cristal transparente con relieves verticales y un tap\u00f3n moleteado efecto cristal, este vaporizador de 75 ml representa un equilibrio perfecto entre est\u00e9tica y funcionalidad. <\/p>\n<p>La fragancia se abre con notas chispeantes de mandarina y bergamota, evoluciona hacia un coraz\u00f3n florido y soleado de ylang-ylang y azahar, y luego se asienta en una base envolvente de vainilla y s\u00e1ndalo. Su delicada f\u00f3rmula est\u00e1 dise\u00f1ada para no manchar los tejidos, por lo que es ideal para cojines, Cortinas, s\u00e1banas y Plaid. <\/p>\n<p>Perfecto para quienes gustan de un ambiente soleado, refinado y al mismo tiempo relajante.<\/p>\n<ul>\n<li>Botella de vidrio decorativa reutilizable<\/li>\n<li>Fragancia floral y soleada con mandarina, ylang y vainilla<\/li>\n<li>F\u00f3rmula suave que no deja halo<\/li>\n<li>Pertenece a la colecci\u00f3n <em>Les Intemporelles<\/em><\/li>\n<li>Perfuma suave y duraderamente la ropa de casa<\/li>\n<\/ul>\n","protected":false},"excerpt":{"rendered":"<p>Delicada fragancia para textiles en un elegante frasco de vidrio estriado con tap\u00f3n efecto cristal. La fragancia <em>Fleur de Mandarine<\/em>, de la colecci\u00f3n <em>Les Intemporelles<\/em>, combina notas frescas de mandarina y bergamota con un soleado coraz\u00f3n de ylang-ylang y azahar, con un suave fondo de vainilla y s\u00e1ndalo. <\/p>\n<p>\ud83d\udccf \u00f8 5 x H 13 cm<\/p>\n<div class=\"row row-solid\"  id=\"row-2144232552\">\n\n\n\t<div id=\"col-1752907534\" class=\"col small-12 large-12\"  >\n\t\t\t\t<div class=\"col-inner\"  >\n\t\t\t\n\t\t\t\n\n\n\t\t<div class=\"icon-box featured-box icon-box-center text-center\"  >\n\t\t\t\t<div class=\"icon-box-text last-reset\">\n\t\t\t<h5 class=\"uppercase\">Fleur de Mandarine<\/h5>\t\t\t\t\t\t\n\n<p>A la sombra fresca de un patio en los jardines reales de Sintra, la fragancia de la fleur de manadarine se mezcla con un acorde soleado de ylang-ylang y azahar, culminando en una exquisita nota de vainilla y s\u00e1ndalo. Un mosaico fragante...<\/p>\n\n\t\t<\/div>\n\t<\/div>\n\t\n\t\n\n\t\t<\/div>\n\t\t\t\t\t<\/div>\n\n\t\n\n\t<div id=\"col-1989521460\" class=\"col small-12 large-12\"  >\n\t\t\t\t<div class=\"col-inner\"  >\n\t\t\t\n\t\t\t\n\n\n\t\t<div class=\"icon-box featured-box icon-box-left text-left\"  >\n\t\t\t\t\t<div class=\"icon-box-img\" style=\"width: 60px\">\n\t\t\t\t<div class=\"icon\">\n\t\t\t\t\t<div class=\"icon-inner\" style=\"color:rgb(228, 173, 117);\">\n\t\t\t\t\t\t<?xml version=\"1.0\" encoding=\"utf-8\"?><!-- Uploaded to: SVG Repo, www.svgrepo.com, Generator: SVG Repo Mixer Tools -->\r\n<svg fill=\"#000000\" width=\"800px\" height=\"800px\" viewBox=\"0 0 32 32\" xmlns=\"http:\/\/www.w3.org\/2000\/svg\">\r\n    <circle cx=\"16\" cy=\"16\" r=\"16\"\/>\r\n<\/svg>\t\t\t\t\t<\/div>\n\t\t\t\t<\/div>\n\t\t\t<\/div>\n\t\t\t\t<div class=\"icon-box-text last-reset\">\n\t\t\t\t\t\t\t\t\t\n\n\t<div id=\"text-3920023833\" class=\"text\">\n\t\t\n\n<h3>Notas altas<\/h3>\n<p>mandarina y bergamota<\/p>\n\t\t\n<style>\n#text-3920023833 {\n  line-height: 1;\n}\n<\/style>\n\t<\/div>\n\t\n\n\t\t<\/div>\n\t<\/div>\n\t\n\t\n\n\t\t<div class=\"icon-box featured-box icon-box-left text-left\"  >\n\t\t\t\t\t<div class=\"icon-box-img\" style=\"width: 60px\">\n\t\t\t\t<div class=\"icon\">\n\t\t\t\t\t<div class=\"icon-inner\" style=\"color:#e4ad75;\">\n\t\t\t\t\t\t<?xml version=\"1.0\" encoding=\"utf-8\"?><!-- Uploaded to: SVG Repo, www.svgrepo.com, Generator: SVG Repo Mixer Tools -->\r\n<svg width=\"800px\" height=\"800px\" viewBox=\"0 0 24 24\" fill=\"none\" xmlns=\"http:\/\/www.w3.org\/2000\/svg\">\r\n<path d=\"M2 9.1371C2 14 6.01943 16.5914 8.96173 18.9109C10 19.7294 11 20.5 12 20.5C13 20.5 14 19.7294 15.0383 18.9109C17.9806 16.5914 22 14 22 9.1371C22 4.27416 16.4998 0.825464 12 5.50063C7.50016 0.825464 2 4.27416 2 9.1371Z\" fill=\"#1C274C\"\/>\r\n<\/svg>\t\t\t\t\t<\/div>\n\t\t\t\t<\/div>\n\t\t\t<\/div>\n\t\t\t\t<div class=\"icon-box-text last-reset\">\n\t\t\t\t\t\t\t\t\t\n\n\t<div id=\"text-319297602\" class=\"text\">\n\t\t\n\n<h3>notas de corazon<\/h3>\n<p>Ylang y azahar<\/p>\n\t\t\n<style>\n#text-319297602 {\n  line-height: 1;\n}\n<\/style>\n\t<\/div>\n\t\n\n\t\t<\/div>\n\t<\/div>\n\t\n\t\n\n\t\t<div class=\"icon-box featured-box icon-box-left text-left\"  >\n\t\t\t\t\t<div class=\"icon-box-img\" style=\"width: 60px\">\n\t\t\t\t<div class=\"icon\">\n\t\t\t\t\t<div class=\"icon-inner\" style=\"color:#e4ad75;\">\n\t\t\t\t\t\t<?xml version=\"1.0\" encoding=\"UTF-8\" standalone=\"no\"?>\r\n<!-- Uploaded to: SVG Repo, www.svgrepo.com, Generator: SVG Repo Mixer Tools -->\r\n<svg width=\"800px\" height=\"800px\" viewBox=\"0 -12 32 32\" version=\"1.1\" xmlns=\"http:\/\/www.w3.org\/2000\/svg\" xmlns:xlink=\"http:\/\/www.w3.org\/1999\/xlink\" xmlns:sketch=\"http:\/\/www.bohemiancoding.com\/sketch\/ns\">\r\n    \r\n    <title>minus<\/title>\r\n    <desc>Created with Sketch Beta.<\/desc>\r\n    <defs>\r\n\r\n<\/defs>\r\n    <g id=\"Page-1\" stroke=\"none\" stroke-width=\"1\" fill=\"none\" fill-rule=\"evenodd\" sketch:type=\"MSPage\">\r\n        <g id=\"Icon-Set-Filled\" sketch:type=\"MSLayerGroup\" transform=\"translate(-414.000000, -1049.000000)\" fill=\"#000000\">\r\n            <path d=\"M442,1049 L418,1049 C415.791,1049 414,1050.79 414,1053 C414,1055.21 415.791,1057 418,1057 L442,1057 C444.209,1057 446,1055.21 446,1053 C446,1050.79 444.209,1049 442,1049\" id=\"minus\" sketch:type=\"MSShapeGroup\">\r\n\r\n<\/path>\r\n        <\/g>\r\n    <\/g>\r\n<\/svg>\t\t\t\t\t<\/div>\n\t\t\t\t<\/div>\n\t\t\t<\/div>\n\t\t\t\t<div class=\"icon-box-text last-reset\">\n\t\t\t\t\t\t\t\t\t\n\n\t<div id=\"text-4178578910\" class=\"text\">\n\t\t\n\n<h3>Notas de fondo<\/h3>\n<p>vainilla y s\u00e1ndalo<\/p>\n\t\t\n<style>\n#text-4178578910 {\n  line-height: 1;\n}\n<\/style>\n\t<\/div>\n\t\n\n\t\t<\/div>\n\t<\/div>\n\t\n\t\n\n\t\t<\/div>\n\t\t\t\t\t<\/div>\n\n\t\n\n\t<div id=\"col-821403776\" class=\"col small-12 large-12\"  >\n\t\t\t\t<div class=\"col-inner text-center\"  >\n\t\t\t\n\t\t\t\n\n<p style=\"text-align: center;\"><span style=\"font-size: 120%;\"><em>Descubre todos los productos con esencia Fleur de Mandarine<\/em><\/span><\/p>\n<a href=\"https:\/\/www.tendenzeshabbychic.it\/es\/etiqueta-producto\/fleur-de-mandarine-es\/\" class=\"button white is-gloss box-shadow-2\" >\n\t\t<span>FLEUR DE MANDARINE<\/span>\n\t<\/a>\n\n\n\n\t\t<\/div>\n\t\t\t\t\t<\/div>\n\n\t\n\n<\/div>\n","protected":false},"featured_media":195831,"comment_status":"open","ping_status":"closed","template":"","meta":{"_joinchat":[]},"pwb-brand":[2089],"product_brand":[],"product_cat":[2364,2344],"product_tag":[2194],"class_list":{"0":"post-197150","1":"product","2":"type-product","3":"status-publish","4":"has-post-thumbnail","6":"pwb-brand-mathilde-m-es","7":"product_cat-perfumes-para-tejidos","8":"product_cat-perfumistas","9":"product_tag-fleur-de-mandarine-es","11":"first","12":"instock","13":"taxable","14":"shipping-taxable","15":"purchasable","16":"product-type-simple"},"brands":[{"id":2089,"name":"Mathilde M.","slug":"mathilde-m-es"}],"_links":{"self":[{"href":"https:\/\/www.tendenzeshabbychic.it\/es\/wp-json\/wp\/v2\/product\/197150","targetHints":{"allow":["GET"]}}],"collection":[{"href":"https:\/\/www.tendenzeshabbychic.it\/es\/wp-json\/wp\/v2\/product"}],"about":[{"href":"https:\/\/www.tendenzeshabbychic.it\/es\/wp-json\/wp\/v2\/types\/product"}],"replies":[{"embeddable":true,"href":"https:\/\/www.tendenzeshabbychic.it\/es\/wp-json\/wp\/v2\/comments?post=197150"}],"wp:featuredmedia":[{"embeddable":true,"href":"https:\/\/www.tendenzeshabbychic.it\/es\/wp-json\/wp\/v2\/media\/195831"}],"wp:attachment":[{"href":"https:\/\/www.tendenzeshabbychic.it\/es\/wp-json\/wp\/v2\/media?parent=197150"}],"wp:term":[{"taxonomy":"pwb-brand","embeddable":true,"href":"https:\/\/www.tendenzeshabbychic.it\/es\/wp-json\/wp\/v2\/pwb-brand?post=197150"},{"taxonomy":"product_brand","embeddable":true,"href":"https:\/\/www.tendenzeshabbychic.it\/es\/wp-json\/wp\/v2\/product_brand?post=197150"},{"taxonomy":"product_cat","embeddable":true,"href":"https:\/\/www.tendenzeshabbychic.it\/es\/wp-json\/wp\/v2\/product_cat?post=197150"},{"taxonomy":"product_tag","embeddable":true,"href":"https:\/\/www.tendenzeshabbychic.it\/es\/wp-json\/wp\/v2\/product_tag?post=197150"}],"curies":[{"name":"wp","href":"https:\/\/api.w.org\/{rel}","templated":true}]}}