{"id":197147,"date":"2026-02-11T08:02:06","date_gmt":"2026-02-11T07:02:06","guid":{"rendered":"https:\/\/www.tendenzeshabbychic.it\/prodotto\/perfume-mathilde-m-para-tejidos-75-ml-figuier-dolce\/"},"modified":"2025-08-01T11:02:06","modified_gmt":"2025-08-01T10:02:06","slug":"perfume-mathilde-m-para-tejidos-75-ml-figuier-dolce","status":"publish","type":"product","link":"https:\/\/www.tendenzeshabbychic.it\/es\/producto\/perfume-mathilde-m-para-tejidos-75-ml-figuier-dolce\/","title":{"rendered":"Perfume Mathilde M para Tejidos 75 ml &#8211; Figuier Dolce"},"content":{"rendered":"<p>El perfume para tejidos <em>Figuier Dolce<\/em> de Mathilde M es un mimo perfumado para el hogar que transforma cada tejido en una invitaci\u00f3n al relax. Encerrado en un refinado frasco de cristal transparente con elaboraci\u00f3n estriada y tap\u00f3n efecto cristal, este spray de 75 ml es un aut\u00e9ntico objeto de dise\u00f1o que combina est\u00e9tica y funcionalidad. <\/p>\n<p>Esta fragancia pertenece a la l\u00ednea <em>Les Intemporelles<\/em> y se caracteriza por una mezcla afrutada, donde las jugosas notas del higo se mezclan con la cremosa dulzura del coco. Una combinaci\u00f3n veraniega y sensual que aporta frescor y dulzura a la ropa de casa sin riesgo de manchar gracias a su f\u00f3rmula baja en alcohol. <\/p>\n<p>Perfecta para quienes desean aportar un toque de naturaleza soleada y acogedora a su vida cotidiana.<\/p>\n<ul>\n<li>Elegante botella de cristal con tap\u00f3n decorativo<\/li>\n<li>Fragancia afrutada y soleada de higo y coco<\/li>\n<li>No deja marcas en los tejidos<\/li>\n<li>Pertenece a la colecci\u00f3n <em>Les Intemporelles<\/em><\/li>\n<li>Perfecto para renovar el ambiente del hogar con una sola pulverizaci\u00f3n<\/li>\n<\/ul>\n","protected":false},"excerpt":{"rendered":"<p>Un perfume para textiles en un frasco de cristal transparente con relieves verticales y un tap\u00f3n decorativo a rayas efecto cristal. Figuier Dolce, de la colecci\u00f3n <em>Les Intemporelles<\/em>, desprende una fragancia dulce y afrutada con notas de higo y coco, que evoca un ambiente veraniego y soleado en s\u00e1banas, cortinas y cojines. <\/p>\n<p>\ud83d\udccf \u00f8 5 x H 13 cm<\/p>\n<div class=\"row row-solid\"  id=\"row-973464898\">\n\n\n\t<div id=\"col-856171436\" class=\"col small-12 large-12\"  >\n\t\t\t\t<div class=\"col-inner\"  >\n\t\t\t\n\t\t\t\n\n\n\t<a class=\"plain\" href=\"https:\/\/www.tendenzeshabbychic.it\/es\/etiqueta-producto\/belle-lavande-es\/\" >\t<div class=\"icon-box featured-box icon-box-center text-center\"  >\n\t\t\t\t<div class=\"icon-box-text last-reset\">\n\t\t\t<h5 class=\"uppercase\">Figuier Dolce<\/h5>\t\t\t\t\t\t\n\n<p>Para competir con los jardines m\u00e1s bellos de Italia, Luis XIV, amante de los higos, pidi\u00f3 a sus jardineros que plantaran m\u00e1s de setecientas higueras en Versalles.<br>En los jardines de la famosa residencia, el delicioso aroma verde y lechoso del higo se mezcla con la bergamota y el envolvente s\u00e1ndalo.<\/p>\n\n\n\t\t<\/div>\n\t<\/div>\n\t<\/a>\n\t\n\n\t\t<\/div>\n\t\t\t\t\t<\/div>\n\n\t\n\n\t<div id=\"col-1349463529\" class=\"col small-12 large-12\"  >\n\t\t\t\t<div class=\"col-inner\"  >\n\t\t\t\n\t\t\t\n\n\n\t\t<div class=\"icon-box featured-box icon-box-left text-left\"  >\n\t\t\t\t\t<div class=\"icon-box-img\" style=\"width: 60px\">\n\t\t\t\t<div class=\"icon\">\n\t\t\t\t\t<div class=\"icon-inner\" style=\"color:rgb(204, 110, 174);\">\n\t\t\t\t\t\t<?xml version=\"1.0\" encoding=\"utf-8\"?><!-- Uploaded to: SVG Repo, www.svgrepo.com, Generator: SVG Repo Mixer Tools -->\r\n<svg fill=\"#000000\" width=\"800px\" height=\"800px\" viewBox=\"0 0 32 32\" xmlns=\"http:\/\/www.w3.org\/2000\/svg\">\r\n    <circle cx=\"16\" cy=\"16\" r=\"16\"\/>\r\n<\/svg>\t\t\t\t\t<\/div>\n\t\t\t\t<\/div>\n\t\t\t<\/div>\n\t\t\t\t<div class=\"icon-box-text last-reset\">\n\t\t\t\t\t\t\t\t\t\n\n\t<div id=\"text-3715147577\" class=\"text\">\n\t\t\n\n<h3>Notas altas<\/h3>\n<p>Bergamota<\/p>\n\n\t\t\n<style>\n#text-3715147577 {\n  line-height: 1;\n}\n<\/style>\n\t<\/div>\n\t\n\n\t\t<\/div>\n\t<\/div>\n\t\n\t\n\n\t\t<div class=\"icon-box featured-box icon-box-left text-left\"  >\n\t\t\t\t\t<div class=\"icon-box-img\" style=\"width: 60px\">\n\t\t\t\t<div class=\"icon\">\n\t\t\t\t\t<div class=\"icon-inner\" style=\"color:rgb(204, 110, 174);\">\n\t\t\t\t\t\t<?xml version=\"1.0\" encoding=\"utf-8\"?><!-- Uploaded to: SVG Repo, www.svgrepo.com, Generator: SVG Repo Mixer Tools -->\r\n<svg width=\"800px\" height=\"800px\" viewBox=\"0 0 24 24\" fill=\"none\" xmlns=\"http:\/\/www.w3.org\/2000\/svg\">\r\n<path d=\"M2 9.1371C2 14 6.01943 16.5914 8.96173 18.9109C10 19.7294 11 20.5 12 20.5C13 20.5 14 19.7294 15.0383 18.9109C17.9806 16.5914 22 14 22 9.1371C22 4.27416 16.4998 0.825464 12 5.50063C7.50016 0.825464 2 4.27416 2 9.1371Z\" fill=\"#1C274C\"\/>\r\n<\/svg>\t\t\t\t\t<\/div>\n\t\t\t\t<\/div>\n\t\t\t<\/div>\n\t\t\t\t<div class=\"icon-box-text last-reset\">\n\t\t\t\t\t\t\t\t\t\n\n\t<div id=\"text-4059243484\" class=\"text\">\n\t\t\n\n<h3>notas de corazon<\/h3>\n<p>Higos y Cocos<\/p>\n\n\t\t\n<style>\n#text-4059243484 {\n  line-height: 1;\n}\n<\/style>\n\t<\/div>\n\t\n\n\t\t<\/div>\n\t<\/div>\n\t\n\t\n\n\t\t<div class=\"icon-box featured-box icon-box-left text-left\"  >\n\t\t\t\t\t<div class=\"icon-box-img\" style=\"width: 60px\">\n\t\t\t\t<div class=\"icon\">\n\t\t\t\t\t<div class=\"icon-inner\" style=\"color:rgb(204, 110, 174);\">\n\t\t\t\t\t\t<?xml version=\"1.0\" encoding=\"UTF-8\" standalone=\"no\"?>\r\n<!-- Uploaded to: SVG Repo, www.svgrepo.com, Generator: SVG Repo Mixer Tools -->\r\n<svg width=\"800px\" height=\"800px\" viewBox=\"0 -12 32 32\" version=\"1.1\" xmlns=\"http:\/\/www.w3.org\/2000\/svg\" xmlns:xlink=\"http:\/\/www.w3.org\/1999\/xlink\" xmlns:sketch=\"http:\/\/www.bohemiancoding.com\/sketch\/ns\">\r\n    \r\n    <title>minus<\/title>\r\n    <desc>Created with Sketch Beta.<\/desc>\r\n    <defs>\r\n\r\n<\/defs>\r\n    <g id=\"Page-1\" stroke=\"none\" stroke-width=\"1\" fill=\"none\" fill-rule=\"evenodd\" sketch:type=\"MSPage\">\r\n        <g id=\"Icon-Set-Filled\" sketch:type=\"MSLayerGroup\" transform=\"translate(-414.000000, -1049.000000)\" fill=\"#000000\">\r\n            <path d=\"M442,1049 L418,1049 C415.791,1049 414,1050.79 414,1053 C414,1055.21 415.791,1057 418,1057 L442,1057 C444.209,1057 446,1055.21 446,1053 C446,1050.79 444.209,1049 442,1049\" id=\"minus\" sketch:type=\"MSShapeGroup\">\r\n\r\n<\/path>\r\n        <\/g>\r\n    <\/g>\r\n<\/svg>\t\t\t\t\t<\/div>\n\t\t\t\t<\/div>\n\t\t\t<\/div>\n\t\t\t\t<div class=\"icon-box-text last-reset\">\n\t\t\t\t\t\t\t\t\t\n\n\t<div id=\"text-322625940\" class=\"text\">\n\t\t\n\n<h3>Notas de fondo<\/h3>\n<p>\u00c1mbar, almizcles y s\u00e1ndalo<\/p>\n\n\t\t\n<style>\n#text-322625940 {\n  line-height: 1;\n}\n<\/style>\n\t<\/div>\n\t\n\n\t\t<\/div>\n\t<\/div>\n\t\n\t\n\n\t\t<\/div>\n\t\t\t\t\t<\/div>\n\n\t\n\n\t<div id=\"col-1315279394\" class=\"col small-12 large-12\"  >\n\t\t\t\t<div class=\"col-inner text-center\"  >\n\t\t\t\n\t\t\t\n\n<p style=\"text-align: center;\"><span style=\"font-size: 120%;\"><em>Descubra todos los productos de esencia Belle Lavande<\/em><\/span><\/p>\n<a href=\"https:\/\/www.tendenzeshabbychic.it\/es\/etiqueta-producto\/fico-dolce-es\/\" class=\"button white is-gloss box-shadow-2\" >\n\t\t<span>Figuier Dolce<\/span>\n\t<\/a>\n\n\n\n\t\t<\/div>\n\t\t\t\t\t<\/div>\n\n\t\n\n<\/div>\n","protected":false},"featured_media":195827,"comment_status":"open","ping_status":"closed","template":"","meta":{"_joinchat":[]},"pwb-brand":[2089],"product_brand":[],"product_cat":[2364,2344],"product_tag":[2171],"class_list":{"0":"post-197147","1":"product","2":"type-product","3":"status-publish","4":"has-post-thumbnail","6":"pwb-brand-mathilde-m-es","7":"product_cat-perfumes-para-tejidos","8":"product_cat-perfumistas","9":"product_tag-fico-dolce-es","11":"first","12":"instock","13":"taxable","14":"shipping-taxable","15":"purchasable","16":"product-type-simple"},"brands":[{"id":2089,"name":"Mathilde M.","slug":"mathilde-m-es"}],"_links":{"self":[{"href":"https:\/\/www.tendenzeshabbychic.it\/es\/wp-json\/wp\/v2\/product\/197147","targetHints":{"allow":["GET"]}}],"collection":[{"href":"https:\/\/www.tendenzeshabbychic.it\/es\/wp-json\/wp\/v2\/product"}],"about":[{"href":"https:\/\/www.tendenzeshabbychic.it\/es\/wp-json\/wp\/v2\/types\/product"}],"replies":[{"embeddable":true,"href":"https:\/\/www.tendenzeshabbychic.it\/es\/wp-json\/wp\/v2\/comments?post=197147"}],"wp:featuredmedia":[{"embeddable":true,"href":"https:\/\/www.tendenzeshabbychic.it\/es\/wp-json\/wp\/v2\/media\/195827"}],"wp:attachment":[{"href":"https:\/\/www.tendenzeshabbychic.it\/es\/wp-json\/wp\/v2\/media?parent=197147"}],"wp:term":[{"taxonomy":"pwb-brand","embeddable":true,"href":"https:\/\/www.tendenzeshabbychic.it\/es\/wp-json\/wp\/v2\/pwb-brand?post=197147"},{"taxonomy":"product_brand","embeddable":true,"href":"https:\/\/www.tendenzeshabbychic.it\/es\/wp-json\/wp\/v2\/product_brand?post=197147"},{"taxonomy":"product_cat","embeddable":true,"href":"https:\/\/www.tendenzeshabbychic.it\/es\/wp-json\/wp\/v2\/product_cat?post=197147"},{"taxonomy":"product_tag","embeddable":true,"href":"https:\/\/www.tendenzeshabbychic.it\/es\/wp-json\/wp\/v2\/product_tag?post=197147"}],"curies":[{"name":"wp","href":"https:\/\/api.w.org\/{rel}","templated":true}]}}