{"id":197143,"date":"2025-08-01T11:01:30","date_gmt":"2025-08-01T10:01:30","guid":{"rendered":"https:\/\/www.tendenzeshabbychic.it\/prodotto\/perfume-de-tela-mathilde-m-delicate-verveine-75-ml-les-intemporelles\/"},"modified":"2025-08-01T11:13:36","modified_gmt":"2025-08-01T10:13:36","slug":"perfume-de-tela-mathilde-m-delicate-verveine-75-ml-les-intemporelles","status":"publish","type":"product","link":"https:\/\/www.tendenzeshabbychic.it\/es\/producto\/perfume-de-tela-mathilde-m-delicate-verveine-75-ml-les-intemporelles\/","title":{"rendered":"Perfume de tela Mathilde M D\u00e9licate Verveine 75 ml &#8211; Les Intemporelles"},"content":{"rendered":"<p>D\u00e9licate Verveine de Mathilde M es la fragancia textil perfecta para los amantes de las fragancias frescas, naturales y luminosas. Parte de la colecci\u00f3n <em>Les Intemporelles<\/em>, esta esencia aporta un soplo de pureza y energ\u00eda a los textiles del hogar. <\/p>\n<p>Contenido en un elegante frasco de cristal transparente trabajado con relieves verticales y cerrado con un tap\u00f3n moleteado transparente, es un aut\u00e9ntico objeto decorativo de estilo franc\u00e9s. La fragancia se abre con notas efervescentes de lim\u00f3n y menta dulce, que se mezclan en el coraz\u00f3n con verbena y t\u00e9, antes de asentarse sobre un delicado fondo de flores blancas y almizcle. <\/p>\n<p>La f\u00f3rmula, con bajo contenido en alcohol, est\u00e1 dise\u00f1ada para no dejar marcas en los tejidos. Ideal para refrescar ropa de cama, cortinas, cojines o ropa guardada en armarios. <\/p>\n<p><strong>Fortalezas:<\/strong><\/p>\n<ul>\n<li>Fragancia energizante y fresca: lim\u00f3n, verbena, flores blancas<\/li>\n<li>No mancha, perfecto para todo tipo de tejidos<\/li>\n<li>Botella decorativa refinada de vidrio trabajado<\/li>\n<li>Ideal para ambientes de primavera y verano<\/li>\n<li>Colecci\u00f3n Les Intemporelles: clase y elegancia cotidianas<\/li>\n<\/ul>\n","protected":false},"excerpt":{"rendered":"<p>Un perfume fresco y refinado para textiles en un frasco de vidrio trabajado transparente con tap\u00f3n moleteado. D\u00e9licate Verveine es una fragancia chispeante y luminosa, que combina la vivacidad del lim\u00f3n y la menta dulce con la delicadeza de la verbena soleada, realzada por flores blancas y almizcle. <\/p>\n<p>\ud83d\udccf \u00f8 5 x H 13 cm<\/p>\n<div class=\"row row-solid\"  id=\"row-2019847513\">\n\n\n\t<div id=\"col-1317583621\" class=\"col small-12 large-12\"  >\n\t\t\t\t<div class=\"col-inner\"  >\n\t\t\t\n\t\t\t\n\n\n\t\t<div class=\"icon-box featured-box icon-box-center text-center\"  >\n\t\t\t\t<div class=\"icon-box-text last-reset\">\n\t\t\t<h5 class=\"uppercase\">D\u00e9licate Verveine<\/h5>\t\t\t\t\t\t\n\n<p>Una explosi\u00f3n de frescura, Delicate Verveine es una mezcla refinada de vivacidad de lim\u00f3n y menta dulce. Una fragancia con chispeante<br>\nnotas de verbena solar, sublimadas por notas de flores blancas.<\/p>\n\n\t\t<\/div>\n\t<\/div>\n\t\n\t\n\n\t\t<\/div>\n\t\t\t\t\t<\/div>\n\n\t\n\n\t<div id=\"col-464474808\" class=\"col small-12 large-12\"  >\n\t\t\t\t<div class=\"col-inner\"  >\n\t\t\t\n\t\t\t\n\n\n\t\t<div class=\"icon-box featured-box icon-box-left text-left\"  >\n\t\t\t\t\t<div class=\"icon-box-img\" style=\"width: 60px\">\n\t\t\t\t<div class=\"icon\">\n\t\t\t\t\t<div class=\"icon-inner\" style=\"color:rgb(211, 216, 215);\">\n\t\t\t\t\t\t<?xml version=\"1.0\" encoding=\"utf-8\"?><!-- Uploaded to: SVG Repo, www.svgrepo.com, Generator: SVG Repo Mixer Tools -->\r\n<svg fill=\"#000000\" width=\"800px\" height=\"800px\" viewBox=\"0 0 32 32\" xmlns=\"http:\/\/www.w3.org\/2000\/svg\">\r\n    <circle cx=\"16\" cy=\"16\" r=\"16\"\/>\r\n<\/svg>\t\t\t\t\t<\/div>\n\t\t\t\t<\/div>\n\t\t\t<\/div>\n\t\t\t\t<div class=\"icon-box-text last-reset\">\n\t\t\t\t\t\t\t\t\t\n\n\t<div id=\"text-1729608263\" class=\"text\">\n\t\t\n\n<h3>Notas altas<\/h3>\n<p>lim\u00f3n y menta<\/p>\n\t\t\n<style>\n#text-1729608263 {\n  line-height: 1;\n}\n<\/style>\n\t<\/div>\n\t\n\n\t\t<\/div>\n\t<\/div>\n\t\n\t\n\n\t\t<div class=\"icon-box featured-box icon-box-left text-left\"  >\n\t\t\t\t\t<div class=\"icon-box-img\" style=\"width: 60px\">\n\t\t\t\t<div class=\"icon\">\n\t\t\t\t\t<div class=\"icon-inner\" style=\"color:#d3d8d7;\">\n\t\t\t\t\t\t<?xml version=\"1.0\" encoding=\"utf-8\"?><!-- Uploaded to: SVG Repo, www.svgrepo.com, Generator: SVG Repo Mixer Tools -->\r\n<svg width=\"800px\" height=\"800px\" viewBox=\"0 0 24 24\" fill=\"none\" xmlns=\"http:\/\/www.w3.org\/2000\/svg\">\r\n<path d=\"M2 9.1371C2 14 6.01943 16.5914 8.96173 18.9109C10 19.7294 11 20.5 12 20.5C13 20.5 14 19.7294 15.0383 18.9109C17.9806 16.5914 22 14 22 9.1371C22 4.27416 16.4998 0.825464 12 5.50063C7.50016 0.825464 2 4.27416 2 9.1371Z\" fill=\"#1C274C\"\/>\r\n<\/svg>\t\t\t\t\t<\/div>\n\t\t\t\t<\/div>\n\t\t\t<\/div>\n\t\t\t\t<div class=\"icon-box-text last-reset\">\n\t\t\t\t\t\t\t\t\t\n\n\t<div id=\"text-917325544\" class=\"text\">\n\t\t\n\n<h3>notas de corazon<\/h3>\n<p>Verbena y t\u00e9<\/p>\n\t\t\n<style>\n#text-917325544 {\n  line-height: 1;\n}\n<\/style>\n\t<\/div>\n\t\n\n\t\t<\/div>\n\t<\/div>\n\t\n\t\n\n\t\t<div class=\"icon-box featured-box icon-box-left text-left\"  >\n\t\t\t\t\t<div class=\"icon-box-img\" style=\"width: 60px\">\n\t\t\t\t<div class=\"icon\">\n\t\t\t\t\t<div class=\"icon-inner\" style=\"color:#d3d8d7;\">\n\t\t\t\t\t\t<?xml version=\"1.0\" encoding=\"UTF-8\" standalone=\"no\"?>\r\n<!-- Uploaded to: SVG Repo, www.svgrepo.com, Generator: SVG Repo Mixer Tools -->\r\n<svg width=\"800px\" height=\"800px\" viewBox=\"0 -12 32 32\" version=\"1.1\" xmlns=\"http:\/\/www.w3.org\/2000\/svg\" xmlns:xlink=\"http:\/\/www.w3.org\/1999\/xlink\" xmlns:sketch=\"http:\/\/www.bohemiancoding.com\/sketch\/ns\">\r\n    \r\n    <title>minus<\/title>\r\n    <desc>Created with Sketch Beta.<\/desc>\r\n    <defs>\r\n\r\n<\/defs>\r\n    <g id=\"Page-1\" stroke=\"none\" stroke-width=\"1\" fill=\"none\" fill-rule=\"evenodd\" sketch:type=\"MSPage\">\r\n        <g id=\"Icon-Set-Filled\" sketch:type=\"MSLayerGroup\" transform=\"translate(-414.000000, -1049.000000)\" fill=\"#000000\">\r\n            <path d=\"M442,1049 L418,1049 C415.791,1049 414,1050.79 414,1053 C414,1055.21 415.791,1057 418,1057 L442,1057 C444.209,1057 446,1055.21 446,1053 C446,1050.79 444.209,1049 442,1049\" id=\"minus\" sketch:type=\"MSShapeGroup\">\r\n\r\n<\/path>\r\n        <\/g>\r\n    <\/g>\r\n<\/svg>\t\t\t\t\t<\/div>\n\t\t\t\t<\/div>\n\t\t\t<\/div>\n\t\t\t\t<div class=\"icon-box-text last-reset\">\n\t\t\t\t\t\t\t\t\t\n\n\t<div id=\"text-4168072245\" class=\"text\">\n\t\t\n\n<h3>Notas de fondo<\/h3>\n<p>Flores blancas y musgo.<\/p>\n\t\t\n<style>\n#text-4168072245 {\n  line-height: 1;\n}\n<\/style>\n\t<\/div>\n\t\n\n\t\t<\/div>\n\t<\/div>\n\t\n\t\n\n\t\t<\/div>\n\t\t\t\t\t<\/div>\n\n\t\n\n\t<div id=\"col-983488114\" class=\"col small-12 large-12\"  >\n\t\t\t\t<div class=\"col-inner text-center\"  >\n\t\t\t\n\t\t\t\n\n<p style=\"text-align: center;\"><span style=\"font-size: 120%;\"><em>Descubre todos los productos con esencia D\u00e9licate Verveine<\/em><\/span><\/p>\n<a href=\"https:\/\/www.tendenzeshabbychic.it\/es\/etiqueta-producto\/delicate-verveine-es\/\" class=\"button white is-gloss box-shadow-2\" >\n\t\t<span>D\u00c9LICATE VERVEINE<\/span>\n\t<\/a>\n\n\n\n\t\t<\/div>\n\t\t\t\t\t<\/div>\n\n\t\n\n<\/div>\n","protected":false},"featured_media":195656,"comment_status":"open","ping_status":"closed","template":"","meta":{"_joinchat":[]},"pwb-brand":[2089],"product_brand":[],"product_cat":[2364,2344],"product_tag":[2680],"class_list":{"0":"post-197143","1":"product","2":"type-product","3":"status-publish","4":"has-post-thumbnail","6":"pwb-brand-mathilde-m-es","7":"product_cat-perfumes-para-tejidos","8":"product_cat-perfumistas","9":"product_tag-delicate-verveine-es","11":"first","12":"instock","13":"taxable","14":"shipping-taxable","15":"purchasable","16":"product-type-simple"},"brands":[{"id":2089,"name":"Mathilde M.","slug":"mathilde-m-es"}],"_links":{"self":[{"href":"https:\/\/www.tendenzeshabbychic.it\/es\/wp-json\/wp\/v2\/product\/197143","targetHints":{"allow":["GET"]}}],"collection":[{"href":"https:\/\/www.tendenzeshabbychic.it\/es\/wp-json\/wp\/v2\/product"}],"about":[{"href":"https:\/\/www.tendenzeshabbychic.it\/es\/wp-json\/wp\/v2\/types\/product"}],"replies":[{"embeddable":true,"href":"https:\/\/www.tendenzeshabbychic.it\/es\/wp-json\/wp\/v2\/comments?post=197143"}],"wp:featuredmedia":[{"embeddable":true,"href":"https:\/\/www.tendenzeshabbychic.it\/es\/wp-json\/wp\/v2\/media\/195656"}],"wp:attachment":[{"href":"https:\/\/www.tendenzeshabbychic.it\/es\/wp-json\/wp\/v2\/media?parent=197143"}],"wp:term":[{"taxonomy":"pwb-brand","embeddable":true,"href":"https:\/\/www.tendenzeshabbychic.it\/es\/wp-json\/wp\/v2\/pwb-brand?post=197143"},{"taxonomy":"product_brand","embeddable":true,"href":"https:\/\/www.tendenzeshabbychic.it\/es\/wp-json\/wp\/v2\/product_brand?post=197143"},{"taxonomy":"product_cat","embeddable":true,"href":"https:\/\/www.tendenzeshabbychic.it\/es\/wp-json\/wp\/v2\/product_cat?post=197143"},{"taxonomy":"product_tag","embeddable":true,"href":"https:\/\/www.tendenzeshabbychic.it\/es\/wp-json\/wp\/v2\/product_tag?post=197143"}],"curies":[{"name":"wp","href":"https:\/\/api.w.org\/{rel}","templated":true}]}}