{"id":197135,"date":"2025-08-01T11:00:49","date_gmt":"2025-08-01T10:00:49","guid":{"rendered":"https:\/\/www.tendenzeshabbychic.it\/prodotto\/perfume-de-tela-mathilde-m-astree-75-ml-les-intemporelles\/"},"modified":"2025-08-01T11:09:28","modified_gmt":"2025-08-01T10:09:28","slug":"perfume-de-tela-mathilde-m-astree-75-ml-les-intemporelles","status":"publish","type":"product","link":"https:\/\/www.tendenzeshabbychic.it\/es\/producto\/perfume-de-tela-mathilde-m-astree-75-ml-les-intemporelles\/","title":{"rendered":"Perfume de tela Mathilde M. Astr\u00e9e 75 ml &#8211; Les Intemporelles"},"content":{"rendered":"<p>El perfume de tela Astr\u00e9e de Mathilde M, de la colecci\u00f3n Les Intemporelles, es una refinada esencia dise\u00f1ada para a\u00f1adir una nota de frescor y feminidad a la ropa y al hogar. El frasco de 75 ml, de vidrio transparente finamente trabajado, presenta elegantes estr\u00edas verticales y un tap\u00f3n redondo moleteado que realza la est\u00e9tica. <\/p>\n<p>Astr\u00e9e es una fragancia floral y luminosa que combina la dulzura del azahar con la pureza del neroli, ofreciendo un efecto acariciador y tranquilizador. Su f\u00f3rmula baja en alcohol permite perfumar delicadamente los tejidos (como cortinas, cojines, mantas y s\u00e1banas) sin riesgo de mancharlos. <\/p>\n<p>Perfecta para tener siempre a mano y refrescar con estilo todos los rincones de la casa.<\/p>\n<p><strong>Fortalezas:<\/strong><\/p>\n<ul>\n<li>Sofisticada fragancia floral: azahar y neroli<\/li>\n<li>No mancha los tejidos, tambi\u00e9n es ideal para prendas delicadas<\/li>\n<li>Botella de cristal decorativa, reutilizable como jarr\u00f3n peque\u00f1o<\/li>\n<li>Tapa moleteada esc\u00e9nica, tambi\u00e9n perfecta como elemento decorativo<\/li>\n<li>Colecci\u00f3n Les Intemporelles: garant\u00eda de elegancia atemporal<\/li>\n<\/ul>\n","protected":false},"excerpt":{"rendered":"<p>Una elegante fragancia para textiles de la colecci\u00f3n Les Intemporelles, contenida en un frasco de cristal transparente con dise\u00f1o estriado y tap\u00f3n decorativo moleteado. El perfume \u00abAstr\u00e9e\u00bb es una delicada combinaci\u00f3n de azahar y neroli, ideal para embellecer s\u00e1banas, cojines y cortinas con una fragancia refinada y discreta. <\/p>\n<p>\ud83d\udccf \u00f8 5 x H 13 cm<\/p>\n<div class=\"row row-solid\"  id=\"row-1299347231\">\n\n\n\t<div id=\"col-595316845\" class=\"col small-12 large-12\"  >\n\t\t\t\t<div class=\"col-inner\"  >\n\t\t\t\n\t\t\t\n\n\n\t<a class=\"plain\" href=\"https:\/\/www.tendenzeshabbychic.it\/es\/etiqueta-producto\/antoinette\/\" >\t<div class=\"icon-box featured-box icon-box-center text-center\"  >\n\t\t\t\t<div class=\"icon-box-text last-reset\">\n\t\t\t<h5 class=\"uppercase\">Astr\u00e8e<\/h5>\t\t\t\t\t\t\n\n<p style=\"text-align: center;\">Radiante, rom\u00e1ntico y femenino... Notas c\u00edtricas frescas y chispeantes revelan un ramo luminoso y soleado de azahar y jazm\u00edn, realzado por un c\u00e1lido acorde oriental de \u00e1mbar y pachul\u00ed. <\/p>\n\n\n\t\t<\/div>\n\t<\/div>\n\t<\/a>\n\t\n\n\t\t<\/div>\n\t\t\t\t\t<\/div>\n\n\t\n\n\t<div id=\"col-1039939085\" class=\"col small-12 large-12\"  >\n\t\t\t\t<div class=\"col-inner\"  >\n\t\t\t\n\t\t\t\n\n\n\t\t<div class=\"icon-box featured-box icon-box-left text-left\"  >\n\t\t\t\t\t<div class=\"icon-box-img\" style=\"width: 60px\">\n\t\t\t\t<div class=\"icon\">\n\t\t\t\t\t<div class=\"icon-inner\" style=\"color:rgb(231, 226, 227);\">\n\t\t\t\t\t\t<?xml version=\"1.0\" encoding=\"utf-8\"?><!-- Uploaded to: SVG Repo, www.svgrepo.com, Generator: SVG Repo Mixer Tools -->\r\n<svg fill=\"#000000\" width=\"800px\" height=\"800px\" viewBox=\"0 0 32 32\" xmlns=\"http:\/\/www.w3.org\/2000\/svg\">\r\n    <circle cx=\"16\" cy=\"16\" r=\"16\"\/>\r\n<\/svg>\t\t\t\t\t<\/div>\n\t\t\t\t<\/div>\n\t\t\t<\/div>\n\t\t\t\t<div class=\"icon-box-text last-reset\">\n\t\t\t\t\t\t\t\t\t\n\n\t<div id=\"text-1883297167\" class=\"text\">\n\t\t\n\n<h3>Notas altas<\/h3>\n<p>Mandarina y Neroli  <\/p>\n\n\t\t\n<style>\n#text-1883297167 {\n  line-height: 1;\n}\n<\/style>\n\t<\/div>\n\t\n\n\t\t<\/div>\n\t<\/div>\n\t\n\t\n\n\t\t<div class=\"icon-box featured-box icon-box-left text-left\"  >\n\t\t\t\t\t<div class=\"icon-box-img\" style=\"width: 60px\">\n\t\t\t\t<div class=\"icon\">\n\t\t\t\t\t<div class=\"icon-inner\" style=\"color:rgb(231, 226, 227);\">\n\t\t\t\t\t\t<?xml version=\"1.0\" encoding=\"utf-8\"?><!-- Uploaded to: SVG Repo, www.svgrepo.com, Generator: SVG Repo Mixer Tools -->\r\n<svg width=\"800px\" height=\"800px\" viewBox=\"0 0 24 24\" fill=\"none\" xmlns=\"http:\/\/www.w3.org\/2000\/svg\">\r\n<path d=\"M2 9.1371C2 14 6.01943 16.5914 8.96173 18.9109C10 19.7294 11 20.5 12 20.5C13 20.5 14 19.7294 15.0383 18.9109C17.9806 16.5914 22 14 22 9.1371C22 4.27416 16.4998 0.825464 12 5.50063C7.50016 0.825464 2 4.27416 2 9.1371Z\" fill=\"#1C274C\"\/>\r\n<\/svg>\t\t\t\t\t<\/div>\n\t\t\t\t<\/div>\n\t\t\t<\/div>\n\t\t\t\t<div class=\"icon-box-text last-reset\">\n\t\t\t\t\t\t\t\t\t\n\n\t<div id=\"text-2729560929\" class=\"text\">\n\t\t\n\n<h3>notas de corazon<\/h3>\n<p>Azahar y Jazm\u00edn<\/p>\n\n\t\t\n<style>\n#text-2729560929 {\n  line-height: 1;\n}\n<\/style>\n\t<\/div>\n\t\n\n\t\t<\/div>\n\t<\/div>\n\t\n\t\n\n\t\t<div class=\"icon-box featured-box icon-box-left text-left\"  >\n\t\t\t\t\t<div class=\"icon-box-img\" style=\"width: 60px\">\n\t\t\t\t<div class=\"icon\">\n\t\t\t\t\t<div class=\"icon-inner\" style=\"color:rgb(231, 226, 227);\">\n\t\t\t\t\t\t<?xml version=\"1.0\" encoding=\"UTF-8\" standalone=\"no\"?>\r\n<!-- Uploaded to: SVG Repo, www.svgrepo.com, Generator: SVG Repo Mixer Tools -->\r\n<svg width=\"800px\" height=\"800px\" viewBox=\"0 -12 32 32\" version=\"1.1\" xmlns=\"http:\/\/www.w3.org\/2000\/svg\" xmlns:xlink=\"http:\/\/www.w3.org\/1999\/xlink\" xmlns:sketch=\"http:\/\/www.bohemiancoding.com\/sketch\/ns\">\r\n    \r\n    <title>minus<\/title>\r\n    <desc>Created with Sketch Beta.<\/desc>\r\n    <defs>\r\n\r\n<\/defs>\r\n    <g id=\"Page-1\" stroke=\"none\" stroke-width=\"1\" fill=\"none\" fill-rule=\"evenodd\" sketch:type=\"MSPage\">\r\n        <g id=\"Icon-Set-Filled\" sketch:type=\"MSLayerGroup\" transform=\"translate(-414.000000, -1049.000000)\" fill=\"#000000\">\r\n            <path d=\"M442,1049 L418,1049 C415.791,1049 414,1050.79 414,1053 C414,1055.21 415.791,1057 418,1057 L442,1057 C444.209,1057 446,1055.21 446,1053 C446,1050.79 444.209,1049 442,1049\" id=\"minus\" sketch:type=\"MSShapeGroup\">\r\n\r\n<\/path>\r\n        <\/g>\r\n    <\/g>\r\n<\/svg>\t\t\t\t\t<\/div>\n\t\t\t\t<\/div>\n\t\t\t<\/div>\n\t\t\t\t<div class=\"icon-box-text last-reset\">\n\t\t\t\t\t\t\t\t\t\n\n\t<div id=\"text-3700250836\" class=\"text\">\n\t\t\n\n<h3>Notas de fondo<\/h3>\n<p>Pachul\u00ed, \u00e1mbar y almizcle blanco<\/p>\n\n\t\t\n<style>\n#text-3700250836 {\n  line-height: 1;\n}\n<\/style>\n\t<\/div>\n\t\n\n\t\t<\/div>\n\t<\/div>\n\t\n\t\n\n\t\t<\/div>\n\t\t\t\t\t<\/div>\n\n\t\n\n\t<div id=\"col-441172059\" class=\"col small-12 large-12\"  >\n\t\t\t\t<div class=\"col-inner text-center\"  >\n\t\t\t\n\t\t\t\n\n<p style=\"text-align: center;\"><span style=\"font-size: 120%;\"><em>Descubre todos los productos Astr\u00e8e essence<\/em><\/span><\/p>\n\n<a href=\"https:\/\/www.tendenzeshabbychic.it\/es\/etiqueta-producto\/astree-es\/\" class=\"button white is-gloss box-shadow-3\" >\n\t\t<span>astr\u00e8e<\/span>\n\t<\/a>\n\n\n\n\t\t<\/div>\n\t\t\t\t\t<\/div>\n\n\t\n\n<\/div>\n","protected":false},"featured_media":195615,"comment_status":"open","ping_status":"closed","template":"","meta":{"_joinchat":[]},"pwb-brand":[2089],"product_brand":[],"product_cat":[2364,2344],"product_tag":[2115],"class_list":{"0":"post-197135","1":"product","2":"type-product","3":"status-publish","4":"has-post-thumbnail","6":"pwb-brand-mathilde-m-es","7":"product_cat-perfumes-para-tejidos","8":"product_cat-perfumistas","9":"product_tag-astree-es","11":"first","12":"instock","13":"taxable","14":"shipping-taxable","15":"purchasable","16":"product-type-simple"},"brands":[{"id":2089,"name":"Mathilde M.","slug":"mathilde-m-es"}],"_links":{"self":[{"href":"https:\/\/www.tendenzeshabbychic.it\/es\/wp-json\/wp\/v2\/product\/197135","targetHints":{"allow":["GET"]}}],"collection":[{"href":"https:\/\/www.tendenzeshabbychic.it\/es\/wp-json\/wp\/v2\/product"}],"about":[{"href":"https:\/\/www.tendenzeshabbychic.it\/es\/wp-json\/wp\/v2\/types\/product"}],"replies":[{"embeddable":true,"href":"https:\/\/www.tendenzeshabbychic.it\/es\/wp-json\/wp\/v2\/comments?post=197135"}],"wp:featuredmedia":[{"embeddable":true,"href":"https:\/\/www.tendenzeshabbychic.it\/es\/wp-json\/wp\/v2\/media\/195615"}],"wp:attachment":[{"href":"https:\/\/www.tendenzeshabbychic.it\/es\/wp-json\/wp\/v2\/media?parent=197135"}],"wp:term":[{"taxonomy":"pwb-brand","embeddable":true,"href":"https:\/\/www.tendenzeshabbychic.it\/es\/wp-json\/wp\/v2\/pwb-brand?post=197135"},{"taxonomy":"product_brand","embeddable":true,"href":"https:\/\/www.tendenzeshabbychic.it\/es\/wp-json\/wp\/v2\/product_brand?post=197135"},{"taxonomy":"product_cat","embeddable":true,"href":"https:\/\/www.tendenzeshabbychic.it\/es\/wp-json\/wp\/v2\/product_cat?post=197135"},{"taxonomy":"product_tag","embeddable":true,"href":"https:\/\/www.tendenzeshabbychic.it\/es\/wp-json\/wp\/v2\/product_tag?post=197135"}],"curies":[{"name":"wp","href":"https:\/\/api.w.org\/{rel}","templated":true}]}}