{"id":196812,"date":"2025-08-04T09:05:59","date_gmt":"2025-08-04T08:05:59","guid":{"rendered":"https:\/\/www.tendenzeshabbychic.it\/prodotto\/edg-rama-con-8-calabazas-h-90-cm-2-colores\/"},"modified":"2025-06-27T08:42:59","modified_gmt":"2025-06-27T07:42:59","slug":"edg-rama-con-8-calabazas-h-90-cm-2-colores","status":"publish","type":"product","link":"https:\/\/www.tendenzeshabbychic.it\/es\/producto\/edg-rama-con-8-calabazas-h-90-cm-2-colores\/","title":{"rendered":"EDG Rama con 8 Calabazas H 90 cm &#8211; 2 Colores"},"content":{"rendered":"<p>La rama con 8 calabazas EDG es una propuesta original para completar con gusto las composiciones de temporada. Cada rama presenta calabazas de pl\u00e1stico con un efecto ligeramente mate y polvoriento, distribuidas armoniosamente a lo largo del tallo ramificado. Disponible en dos sofisticados colores -anaranjado \u00f3xido o burdeos-, es perfecta para decorar jarrones, centros de mesa o un sofisticado interiorismo oto\u00f1al.  <\/p>\n<ul>\n<li>Disponible en dos elegantes colores oto\u00f1ales<\/li>\n<li>Acabado mate y textura realista<\/li>\n<li>8 calabazas distribuidas en ramas flexibles<\/li>\n<li>Dise\u00f1o natural, ideal para composiciones decorativas<\/li>\n<li>La firma EDG, garant\u00eda de calidad est\u00e9tica<\/li>\n<\/ul>\n","protected":false},"excerpt":{"rendered":"<p>Rama EDG con 8 calabazas de pl\u00e1stico, disponible en color \u00f3xido o burdeos. Ideal para elegantes decoraciones oto\u00f1ales. <\/p>\n<p>\ud83d\udccf H.90 cm<\/p>\n","protected":false},"featured_media":189283,"comment_status":"open","ping_status":"closed","template":"","meta":{"_joinchat":[]},"pwb-brand":[2084],"product_brand":[],"product_cat":[2773,2387],"product_tag":[3259,2118],"class_list":{"0":"post-196812","1":"product","2":"type-product","3":"status-publish","4":"has-post-thumbnail","6":"pwb-brand-edg-enzo-de-gasperi","7":"product_cat-flores-en-maceta","8":"product_cat-flores-y-plantas-artificiales","9":"product_tag-calabazas","10":"product_tag-otono","12":"first","13":"instock","14":"sale","15":"taxable","16":"shipping-taxable","17":"purchasable","18":"product-type-variable"},"brands":[{"id":2084,"name":"EDG - Enzo De Gasperi","slug":"edg-enzo-de-gasperi"}],"_links":{"self":[{"href":"https:\/\/www.tendenzeshabbychic.it\/es\/wp-json\/wp\/v2\/product\/196812","targetHints":{"allow":["GET"]}}],"collection":[{"href":"https:\/\/www.tendenzeshabbychic.it\/es\/wp-json\/wp\/v2\/product"}],"about":[{"href":"https:\/\/www.tendenzeshabbychic.it\/es\/wp-json\/wp\/v2\/types\/product"}],"replies":[{"embeddable":true,"href":"https:\/\/www.tendenzeshabbychic.it\/es\/wp-json\/wp\/v2\/comments?post=196812"}],"wp:featuredmedia":[{"embeddable":true,"href":"https:\/\/www.tendenzeshabbychic.it\/es\/wp-json\/wp\/v2\/media\/189283"}],"wp:attachment":[{"href":"https:\/\/www.tendenzeshabbychic.it\/es\/wp-json\/wp\/v2\/media?parent=196812"}],"wp:term":[{"taxonomy":"pwb-brand","embeddable":true,"href":"https:\/\/www.tendenzeshabbychic.it\/es\/wp-json\/wp\/v2\/pwb-brand?post=196812"},{"taxonomy":"product_brand","embeddable":true,"href":"https:\/\/www.tendenzeshabbychic.it\/es\/wp-json\/wp\/v2\/product_brand?post=196812"},{"taxonomy":"product_cat","embeddable":true,"href":"https:\/\/www.tendenzeshabbychic.it\/es\/wp-json\/wp\/v2\/product_cat?post=196812"},{"taxonomy":"product_tag","embeddable":true,"href":"https:\/\/www.tendenzeshabbychic.it\/es\/wp-json\/wp\/v2\/product_tag?post=196812"}],"curies":[{"name":"wp","href":"https:\/\/api.w.org\/{rel}","templated":true}]}}