{"id":196804,"date":"2025-08-04T09:05:16","date_gmt":"2025-08-04T08:05:16","guid":{"rendered":"https:\/\/www.tendenzeshabbychic.it\/prodotto\/edg-castano-de-otono-rama-h98-cm-2-versiones\/"},"modified":"2025-06-26T21:29:16","modified_gmt":"2025-06-26T20:29:16","slug":"edg-castano-de-otono-rama-h98-cm-2-versiones","status":"publish","type":"product","link":"https:\/\/www.tendenzeshabbychic.it\/es\/producto\/edg-castano-de-otono-rama-h98-cm-2-versiones\/","title":{"rendered":"EDG Casta\u00f1o de Oto\u00f1o Rama H98 cm &#8211; 2 versiones"},"content":{"rendered":"<p>Esta refinada rama decorativa EDG evoca a la perfecci\u00f3n el ambiente del oto\u00f1o, gracias a la presencia de hojas en tonos amarillo ocre, cobre y \u00f3xido, y cinco rizos realistas que encierran casta\u00f1as bru\u00f1idas. Las dos versiones disponibles -una con tonos m\u00e1s c\u00e1lidos e intensos, la otra ligeramente m\u00e1s clara- permiten crear composiciones equilibradas o contrastes naturales, ideales para centros de mesa de temporada, jarrones altos o instalaciones decorativas. <\/p>\n<p>Perfecto para habitaciones elegantes, granjas, escaparates y para dar calidez a salones o entradas Country Chic o r\u00fasticos refinados.<\/p>\n<ul>\n<li>Hojas en colores oto\u00f1ales c\u00e1lidos y realistas<\/li>\n<li>5 rizos decorativos con casta\u00f1o integrado<\/li>\n<li>Altura importante para las composiciones esc\u00e9nicas<\/li>\n<li>Dos variantes disponibles para juegos en color<\/li>\n<li>Perfecto para decoraciones de temporada o rincones tem\u00e1ticos<\/li>\n<\/ul>\n","protected":false},"excerpt":{"rendered":"<p>Rama decorativa oto\u00f1al con hojas en tonos amarillo y \u00f3xido y 5 c\u00e1scaras de casta\u00f1o realistas. Dos variantes de color. <\/p>\n<p>\ud83d\udccf H 98 cm<\/p>\n","protected":false},"featured_media":189202,"comment_status":"open","ping_status":"closed","template":"","meta":{"_joinchat":[]},"pwb-brand":[2084],"product_brand":[],"product_cat":[2773,2387,2371],"product_tag":[],"class_list":{"0":"post-196804","1":"product","2":"type-product","3":"status-publish","4":"has-post-thumbnail","6":"pwb-brand-edg-enzo-de-gasperi","7":"product_cat-flores-en-maceta","8":"product_cat-flores-y-plantas-artificiales","9":"product_cat-navidad","11":"first","12":"instock","13":"sale","14":"taxable","15":"shipping-taxable","16":"purchasable","17":"product-type-variable"},"brands":[{"id":2084,"name":"EDG - Enzo De Gasperi","slug":"edg-enzo-de-gasperi"}],"_links":{"self":[{"href":"https:\/\/www.tendenzeshabbychic.it\/es\/wp-json\/wp\/v2\/product\/196804","targetHints":{"allow":["GET"]}}],"collection":[{"href":"https:\/\/www.tendenzeshabbychic.it\/es\/wp-json\/wp\/v2\/product"}],"about":[{"href":"https:\/\/www.tendenzeshabbychic.it\/es\/wp-json\/wp\/v2\/types\/product"}],"replies":[{"embeddable":true,"href":"https:\/\/www.tendenzeshabbychic.it\/es\/wp-json\/wp\/v2\/comments?post=196804"}],"wp:featuredmedia":[{"embeddable":true,"href":"https:\/\/www.tendenzeshabbychic.it\/es\/wp-json\/wp\/v2\/media\/189202"}],"wp:attachment":[{"href":"https:\/\/www.tendenzeshabbychic.it\/es\/wp-json\/wp\/v2\/media?parent=196804"}],"wp:term":[{"taxonomy":"pwb-brand","embeddable":true,"href":"https:\/\/www.tendenzeshabbychic.it\/es\/wp-json\/wp\/v2\/pwb-brand?post=196804"},{"taxonomy":"product_brand","embeddable":true,"href":"https:\/\/www.tendenzeshabbychic.it\/es\/wp-json\/wp\/v2\/product_brand?post=196804"},{"taxonomy":"product_cat","embeddable":true,"href":"https:\/\/www.tendenzeshabbychic.it\/es\/wp-json\/wp\/v2\/product_cat?post=196804"},{"taxonomy":"product_tag","embeddable":true,"href":"https:\/\/www.tendenzeshabbychic.it\/es\/wp-json\/wp\/v2\/product_tag?post=196804"}],"curies":[{"name":"wp","href":"https:\/\/api.w.org\/{rel}","templated":true}]}}