{"id":196790,"date":"2025-08-04T15:29:41","date_gmt":"2025-08-04T14:29:41","guid":{"rendered":"https:\/\/www.tendenzeshabbychic.it\/prodotto\/edg-feston-de-pino-nevado-con-pinas-l183-cm\/"},"modified":"2026-02-06T08:32:00","modified_gmt":"2026-02-06T07:32:00","slug":"edg-feston-de-pino-nevado-con-pinas-l183-cm","status":"publish","type":"product","link":"https:\/\/www.tendenzeshabbychic.it\/es\/producto\/edg-feston-de-pino-nevado-con-pinas-l183-cm\/","title":{"rendered":"EDG Fest\u00f3n de Pino Nevado con Pi\u00f1as L183 cm"},"content":{"rendered":"<p>El fest\u00f3n de pino nevado EDG es una decoraci\u00f3n vers\u00e1til y elegante para las Navidades. Compuesto por largas y finas agujas de pl\u00e1stico con acabado nevado y pi\u00f1as naturales cubiertas de nieve falsa, aporta un aut\u00e9ntico toque invernal. La rama es flexible y f\u00e1cil de moldear, perfecta para chimeneas, barandillas o entradas.  <\/p>\n<p>Ideal para crear atm\u00f3sferas evocadoras en ambientes Shabby Chic o Country.<\/p>\n<ul>\n<li>Longitud generosa de 183 cm para composiciones prolongadas<\/li>\n<li>Detalles realistas en agujas y pi\u00f1as cubiertas de nieve<\/li>\n<li>Rama flexible para una decoraci\u00f3n creativa<\/li>\n<li>Aspecto natural perfecto para el estilo invernal<\/li>\n<li>Material resistente y duradero<\/li>\n<\/ul>\n\n\t<section class=\"section linkified dark\" id=\"section_1147395491\">\n\t\t<div class=\"section-bg fill\" >\n\t\t\t<img loading=\"lazy\" decoding=\"async\" width=\"800\" height=\"213\" src=\"https:\/\/www.tendenzeshabbychic.it\/wp-content\/uploads\/2021\/09\/natale-hero-1-800x213.jpg\" class=\"bg attachment-medium size-medium\" alt=\"\" \/>\t\t\t\t\t\t<div class=\"section-bg-overlay absolute fill\"><\/div>\n\t\t\t\n\n\t\t<\/div>\n\n\t\t\n\n\t\t<div class=\"section-content relative\">\n\t\t\t\n\n<div class=\"row\"  id=\"row-671356185\">\n\n\n\t<div id=\"col-1341920834\" class=\"col small-12 large-12\"  >\n\t\t\t\t<div class=\"col-inner text-center\"  >\n\t\t\t\n\t\t\t\n\n<h3><span style=\"font-size: 180%;\">Navidad<\/span><\/h3>\n<p>Descubre la amplia selecci\u00f3n de productos para decorar tu hogar en Navidad.<\/p>\n<a href=\"https:\/\/www.tendenzeshabbychic.it\/es\/categoria-producto\/navidad\/\" class=\"button alert is-shade box-shadow-3 box-shadow-5-hover\" style=\"border-radius:5px;\">\n\t\t<span>haga clic aqu\u00ed<\/span>\n\t<\/a>\n\n\n\n\t\t<\/div>\n\t\t\t\t\t<\/div>\n\n\t\n\n<\/div>\n\n\t\t<\/div>\n\n\t\t\n<style>\n#section_1147395491 {\n  padding-top: 12px;\n  padding-bottom: 12px;\n}\n#section_1147395491 .section-bg-overlay {\n  background-color: rgba(0, 0, 0, 0.419);\n}\n#section_1147395491 .section-bg img {\n  object-position: 21% 51%;\n}\n@media (min-width:550px) {\n  #section_1147395491 {\n    padding-top: 57px;\n    padding-bottom: 57px;\n  }\n}\n<\/style>\n\t<\/section>\n\t\n","protected":false},"excerpt":{"rendered":"<p>Fest\u00f3n navide\u00f1o EDG de pino artificial con agujas realistas cubiertas de nieve y pi\u00f1as decorativas. Elegante acabado esmerilado. <\/p>\n<p>\ud83d\udccf L 183 cm<\/p>\n","protected":false},"featured_media":190911,"comment_status":"open","ping_status":"closed","template":"","meta":{"_joinchat":[]},"pwb-brand":[2084],"product_brand":[],"product_cat":[2466,2371],"product_tag":[3138],"class_list":{"0":"post-196790","1":"product","2":"type-product","3":"status-publish","4":"has-post-thumbnail","6":"pwb-brand-edg-enzo-de-gasperi","7":"product_cat-bolas-y-decoraciones-arbol-de-navidad","8":"product_cat-navidad","9":"product_tag-adornos-y-guirnaldas","11":"first","12":"instock","13":"sale","14":"taxable","15":"shipping-taxable","16":"purchasable","17":"product-type-simple"},"brands":[{"id":2084,"name":"EDG - Enzo De Gasperi","slug":"edg-enzo-de-gasperi"}],"_links":{"self":[{"href":"https:\/\/www.tendenzeshabbychic.it\/es\/wp-json\/wp\/v2\/product\/196790","targetHints":{"allow":["GET"]}}],"collection":[{"href":"https:\/\/www.tendenzeshabbychic.it\/es\/wp-json\/wp\/v2\/product"}],"about":[{"href":"https:\/\/www.tendenzeshabbychic.it\/es\/wp-json\/wp\/v2\/types\/product"}],"replies":[{"embeddable":true,"href":"https:\/\/www.tendenzeshabbychic.it\/es\/wp-json\/wp\/v2\/comments?post=196790"}],"wp:featuredmedia":[{"embeddable":true,"href":"https:\/\/www.tendenzeshabbychic.it\/es\/wp-json\/wp\/v2\/media\/190911"}],"wp:attachment":[{"href":"https:\/\/www.tendenzeshabbychic.it\/es\/wp-json\/wp\/v2\/media?parent=196790"}],"wp:term":[{"taxonomy":"pwb-brand","embeddable":true,"href":"https:\/\/www.tendenzeshabbychic.it\/es\/wp-json\/wp\/v2\/pwb-brand?post=196790"},{"taxonomy":"product_brand","embeddable":true,"href":"https:\/\/www.tendenzeshabbychic.it\/es\/wp-json\/wp\/v2\/product_brand?post=196790"},{"taxonomy":"product_cat","embeddable":true,"href":"https:\/\/www.tendenzeshabbychic.it\/es\/wp-json\/wp\/v2\/product_cat?post=196790"},{"taxonomy":"product_tag","embeddable":true,"href":"https:\/\/www.tendenzeshabbychic.it\/es\/wp-json\/wp\/v2\/product_tag?post=196790"}],"curies":[{"name":"wp","href":"https:\/\/api.w.org\/{rel}","templated":true}]}}