{"id":196786,"date":"2025-08-04T15:30:57","date_gmt":"2025-08-04T14:30:57","guid":{"rendered":"https:\/\/www.tendenzeshabbychic.it\/prodotto\/edg-guirnalda-de-pino-nevado-d60-cm-coleccion-invierno\/"},"modified":"2025-07-01T22:27:57","modified_gmt":"2025-07-01T21:27:57","slug":"edg-guirnalda-de-pino-nevado-d60-cm-coleccion-invierno","status":"publish","type":"product","link":"https:\/\/www.tendenzeshabbychic.it\/es\/producto\/edg-guirnalda-de-pino-nevado-d60-cm-coleccion-invierno\/","title":{"rendered":"EDG Guirnalda de pino nevado D60 cm Colecci\u00f3n Invierno"},"content":{"rendered":"<p>La corona de pino nevado EDG es una decoraci\u00f3n refinada con encanto natural. Fabricada en pl\u00e1stico de alta calidad, presenta finas agujas de color verde oscuro con un acabado esmerilado y pi\u00f1as cubiertas de nieve artificial, que crean un efecto realista y llamativo. El dise\u00f1o es denso y armonioso, perfecto para embellecer puertas, chimeneas o paredes en ambientes elegantes y acogedores durante la temporada navide\u00f1a.  <\/p>\n<p>Ideales solas o combinadas con guirnaldas o centros de mesa a juego.<\/p>\n<ul>\n<li>Gran realismo en los detalles de las agujas y las pi\u00f1as<\/li>\n<li>Efecto nieve para un aut\u00e9ntico ambiente invernal<\/li>\n<li>Materiales duraderos y resistentes<\/li>\n<li>F\u00e1cil de colgar o utilizar como base decorativa<\/li>\n<li>Perfecto para entradas o chimeneas Shabby Chic<\/li>\n<\/ul>\n\n\t<section class=\"section linkified dark\" id=\"section_27654205\">\n\t\t<div class=\"section-bg fill\" >\n\t\t\t<img loading=\"lazy\" decoding=\"async\" width=\"800\" height=\"213\" src=\"https:\/\/www.tendenzeshabbychic.it\/wp-content\/uploads\/2021\/09\/natale-hero-1-800x213.jpg\" class=\"bg attachment-medium size-medium\" alt=\"\" \/>\t\t\t\t\t\t<div class=\"section-bg-overlay absolute fill\"><\/div>\n\t\t\t\n\n\t\t<\/div>\n\n\t\t\n\n\t\t<div class=\"section-content relative\">\n\t\t\t\n\n<div class=\"row\"  id=\"row-1093404543\">\n\n\n\t<div id=\"col-1166070368\" class=\"col small-12 large-12\"  >\n\t\t\t\t<div class=\"col-inner text-center\"  >\n\t\t\t\n\t\t\t\n\n<h3><span style=\"font-size: 180%;\">Navidad<\/span><\/h3>\n<p>Descubre la amplia selecci\u00f3n de productos para decorar tu hogar en Navidad.<\/p>\n<a href=\"https:\/\/www.tendenzeshabbychic.it\/es\/categoria-producto\/navidad\/\" class=\"button alert is-shade box-shadow-3 box-shadow-5-hover\" style=\"border-radius:5px;\">\n\t\t<span>haga clic aqu\u00ed<\/span>\n\t<\/a>\n\n\n\n\t\t<\/div>\n\t\t\t\t\t<\/div>\n\n\t\n\n<\/div>\n\n\t\t<\/div>\n\n\t\t\n<style>\n#section_27654205 {\n  padding-top: 12px;\n  padding-bottom: 12px;\n}\n#section_27654205 .section-bg-overlay {\n  background-color: rgba(0, 0, 0, 0.419);\n}\n#section_27654205 .section-bg img {\n  object-position: 21% 51%;\n}\n@media (min-width:550px) {\n  #section_27654205 {\n    padding-top: 57px;\n    padding-bottom: 57px;\n  }\n}\n<\/style>\n\t<\/section>\n\t\n","protected":false},"excerpt":{"rendered":"<p>Corona navide\u00f1a con agujas de pino realistas y pi\u00f1as cubiertas de nieve. Efecto escarcha en toda la superficie para un elegante toque invernal. <\/p>\n<p>\ud83d\udccf \u00d8 60 cm<\/p>\n","protected":false},"featured_media":190904,"comment_status":"open","ping_status":"closed","template":"","meta":{"_joinchat":[]},"pwb-brand":[2084],"product_brand":[],"product_cat":[2466,2371],"product_tag":[3138],"class_list":{"0":"post-196786","1":"product","2":"type-product","3":"status-publish","4":"has-post-thumbnail","6":"pwb-brand-edg-enzo-de-gasperi","7":"product_cat-bolas-y-decoraciones-arbol-de-navidad","8":"product_cat-navidad","9":"product_tag-adornos-y-guirnaldas","11":"first","12":"instock","13":"sale","14":"taxable","15":"shipping-taxable","16":"purchasable","17":"product-type-simple"},"brands":[{"id":2084,"name":"EDG - Enzo De Gasperi","slug":"edg-enzo-de-gasperi"}],"_links":{"self":[{"href":"https:\/\/www.tendenzeshabbychic.it\/es\/wp-json\/wp\/v2\/product\/196786","targetHints":{"allow":["GET"]}}],"collection":[{"href":"https:\/\/www.tendenzeshabbychic.it\/es\/wp-json\/wp\/v2\/product"}],"about":[{"href":"https:\/\/www.tendenzeshabbychic.it\/es\/wp-json\/wp\/v2\/types\/product"}],"replies":[{"embeddable":true,"href":"https:\/\/www.tendenzeshabbychic.it\/es\/wp-json\/wp\/v2\/comments?post=196786"}],"wp:featuredmedia":[{"embeddable":true,"href":"https:\/\/www.tendenzeshabbychic.it\/es\/wp-json\/wp\/v2\/media\/190904"}],"wp:attachment":[{"href":"https:\/\/www.tendenzeshabbychic.it\/es\/wp-json\/wp\/v2\/media?parent=196786"}],"wp:term":[{"taxonomy":"pwb-brand","embeddable":true,"href":"https:\/\/www.tendenzeshabbychic.it\/es\/wp-json\/wp\/v2\/pwb-brand?post=196786"},{"taxonomy":"product_brand","embeddable":true,"href":"https:\/\/www.tendenzeshabbychic.it\/es\/wp-json\/wp\/v2\/product_brand?post=196786"},{"taxonomy":"product_cat","embeddable":true,"href":"https:\/\/www.tendenzeshabbychic.it\/es\/wp-json\/wp\/v2\/product_cat?post=196786"},{"taxonomy":"product_tag","embeddable":true,"href":"https:\/\/www.tendenzeshabbychic.it\/es\/wp-json\/wp\/v2\/product_tag?post=196786"}],"curies":[{"name":"wp","href":"https:\/\/api.w.org\/{rel}","templated":true}]}}