{"id":195567,"date":"2025-07-25T09:44:10","date_gmt":"2025-07-25T07:44:10","guid":{"rendered":"https:\/\/www.tendenzeshabbychic.it\/prodotto\/feston-de-pino-edg-luxury-270-cm-con-270-leds\/"},"modified":"2025-07-01T19:44:10","modified_gmt":"2025-07-01T18:44:10","slug":"feston-de-pino-edg-luxury-270-cm-con-270-leds","status":"publish","type":"product","link":"https:\/\/www.tendenzeshabbychic.it\/es\/producto\/feston-de-pino-edg-luxury-270-cm-con-270-leds\/","title":{"rendered":"Fest\u00f3n de Pino EDG Luxury 270 cm con 270 LEDs"},"content":{"rendered":"<p>El fest\u00f3n \u00abLuxury\u00bb de EDG Exclusive es la soluci\u00f3n perfecta para una decoraci\u00f3n esc\u00e9nica y refinada. Con 270 cm de largo, incluye 270 LED de luz c\u00e1lida ya integrados para un efecto de iluminaci\u00f3n envolvente. Compuesto por 900 ramas (750 de PE efecto realista y 150 de PVC), ofrece un aspecto rico y natural. Equipado con un sistema de extensi\u00f3n, permite conectar hasta 4 banderolas con una sola conexi\u00f3n el\u00e9ctrica, gracias al pr\u00e1ctico cable de 5 metros.   <\/p>\n<p>&#8211; 270 luces LED c\u00e1lidas ya integradas<br \/>\n&#8211; 900 ramas para un efecto denso y realista<br \/>\n&#8211; Mezcla de PE y PVC para un renderizado natural y durabilidad<br \/>\n&#8211; Ampliable hasta 4 m\u00f3dulos con una sola conexi\u00f3n<br \/>\n&#8211; Cable de 5 metros de longitud para una flexibilidad m\u00e1xima<\/p>\n\n\t<section class=\"section linkified dark\" id=\"section_1931291083\">\n\t\t<div class=\"section-bg fill\" >\n\t\t\t<img loading=\"lazy\" decoding=\"async\" width=\"800\" height=\"213\" src=\"https:\/\/www.tendenzeshabbychic.it\/wp-content\/uploads\/2021\/09\/natale-hero-1-800x213.jpg\" class=\"bg attachment-medium size-medium\" alt=\"\" \/>\t\t\t\t\t\t<div class=\"section-bg-overlay absolute fill\"><\/div>\n\t\t\t\n\n\t\t<\/div>\n\n\t\t\n\n\t\t<div class=\"section-content relative\">\n\t\t\t\n\n<div class=\"row\"  id=\"row-959215758\">\n\n\n\t<div id=\"col-101384374\" class=\"col small-12 large-12\"  >\n\t\t\t\t<div class=\"col-inner text-center\"  >\n\t\t\t\n\t\t\t\n\n<h3><span style=\"font-size: 180%;\">Navidad<\/span><\/h3>\n<p>Descubre la amplia selecci\u00f3n de productos para decorar tu hogar en Navidad.<\/p>\n<a href=\"https:\/\/www.tendenzeshabbychic.it\/es\/categoria-producto\/navidad\/\" class=\"button alert is-shade box-shadow-3 box-shadow-5-hover\" style=\"border-radius:5px;\">\n\t\t<span>haga clic aqu\u00ed<\/span>\n\t<\/a>\n\n\n\n\t\t<\/div>\n\t\t\t\t\t<\/div>\n\n\t\n\n<\/div>\n\n\t\t<\/div>\n\n\t\t\n<style>\n#section_1931291083 {\n  padding-top: 12px;\n  padding-bottom: 12px;\n}\n#section_1931291083 .section-bg-overlay {\n  background-color: rgba(0, 0, 0, 0.419);\n}\n#section_1931291083 .section-bg img {\n  object-position: 21% 51%;\n}\n@media (min-width:550px) {\n  #section_1931291083 {\n    padding-top: 57px;\n    padding-bottom: 57px;\n  }\n}\n<\/style>\n\t<\/section>\n\t\n","protected":false},"excerpt":{"rendered":"<p>Fest\u00f3n EDG Exclusive de 270 cm con 270 luces LED c\u00e1lidas, 900 ramas (750 PE + 150 PVC), extensi\u00f3n de hasta 4 m\u00f3dulos.<br \/>\n\ud83d\udccf L 270 cm &#8211; Cable 5 m<\/p>\n","protected":false},"featured_media":190819,"comment_status":"open","ping_status":"closed","template":"","meta":{"_joinchat":[]},"pwb-brand":[2084],"product_brand":[],"product_cat":[3353,2371],"product_tag":[3138],"class_list":{"0":"post-195567","1":"product","2":"type-product","3":"status-publish","4":"has-post-thumbnail","6":"pwb-brand-edg-enzo-de-gasperi","7":"product_cat-decoraciones-navidenas-brillantes","8":"product_cat-navidad","9":"product_tag-adornos-y-guirnaldas","11":"first","12":"instock","13":"taxable","14":"shipping-taxable","15":"purchasable","16":"product-type-simple"},"brands":[{"id":2084,"name":"EDG - Enzo De Gasperi","slug":"edg-enzo-de-gasperi"}],"_links":{"self":[{"href":"https:\/\/www.tendenzeshabbychic.it\/es\/wp-json\/wp\/v2\/product\/195567","targetHints":{"allow":["GET"]}}],"collection":[{"href":"https:\/\/www.tendenzeshabbychic.it\/es\/wp-json\/wp\/v2\/product"}],"about":[{"href":"https:\/\/www.tendenzeshabbychic.it\/es\/wp-json\/wp\/v2\/types\/product"}],"replies":[{"embeddable":true,"href":"https:\/\/www.tendenzeshabbychic.it\/es\/wp-json\/wp\/v2\/comments?post=195567"}],"wp:featuredmedia":[{"embeddable":true,"href":"https:\/\/www.tendenzeshabbychic.it\/es\/wp-json\/wp\/v2\/media\/190819"}],"wp:attachment":[{"href":"https:\/\/www.tendenzeshabbychic.it\/es\/wp-json\/wp\/v2\/media?parent=195567"}],"wp:term":[{"taxonomy":"pwb-brand","embeddable":true,"href":"https:\/\/www.tendenzeshabbychic.it\/es\/wp-json\/wp\/v2\/pwb-brand?post=195567"},{"taxonomy":"product_brand","embeddable":true,"href":"https:\/\/www.tendenzeshabbychic.it\/es\/wp-json\/wp\/v2\/product_brand?post=195567"},{"taxonomy":"product_cat","embeddable":true,"href":"https:\/\/www.tendenzeshabbychic.it\/es\/wp-json\/wp\/v2\/product_cat?post=195567"},{"taxonomy":"product_tag","embeddable":true,"href":"https:\/\/www.tendenzeshabbychic.it\/es\/wp-json\/wp\/v2\/product_tag?post=195567"}],"curies":[{"name":"wp","href":"https:\/\/api.w.org\/{rel}","templated":true}]}}