{"id":195543,"date":"2025-07-25T05:49:46","date_gmt":"2025-07-25T03:49:46","guid":{"rendered":"https:\/\/www.tendenzeshabbychic.it\/prodotto\/edg-amaranto-brillo-rama-h81-cm\/"},"modified":"2025-06-26T17:49:46","modified_gmt":"2025-06-26T16:49:46","slug":"edg-amaranto-brillo-rama-h81-cm","status":"publish","type":"product","link":"https:\/\/www.tendenzeshabbychic.it\/es\/producto\/edg-amaranto-brillo-rama-h81-cm\/","title":{"rendered":"EDG Amaranto Brillo Rama H81 cm"},"content":{"rendered":"<p>La rama EDG de Amaranto es un impresionante elemento decorativo de pl\u00e1stico y poli\u00e9ster con acabado de purpurina plateada. Sus ramas finas y flexibles est\u00e1n cubiertas de peque\u00f1as esferas brillantes que captan la luz, a\u00f1adiendo un toque luminoso a cualquier composici\u00f3n. Perfecta para guirnaldas, jarrones navide\u00f1os, centros de mesa o glamurosas decoraciones de estilo invernal.  <\/p>\n<ul>\n<li>Brillante efecto purpurina<\/li>\n<li>Material ligero y flexible<\/li>\n<li>Perfecto para arreglos navide\u00f1os o invernales<\/li>\n<li>Altura importante para jarrones y ramos esc\u00e9nicos<\/li>\n<li>Firmado EDG, sin\u00f3nimo de elegancia<\/li>\n<\/ul>\n\n\t<section class=\"section linkified dark\" id=\"section_785979385\">\n\t\t<div class=\"section-bg fill\" >\n\t\t\t<img loading=\"lazy\" decoding=\"async\" width=\"800\" height=\"213\" src=\"https:\/\/www.tendenzeshabbychic.it\/wp-content\/uploads\/2021\/09\/natale-hero-1-800x213.jpg\" class=\"bg attachment-medium size-medium\" alt=\"\" \/>\t\t\t\t\t\t<div class=\"section-bg-overlay absolute fill\"><\/div>\n\t\t\t\n\n\t\t<\/div>\n\n\t\t\n\n\t\t<div class=\"section-content relative\">\n\t\t\t\n\n<div class=\"row\"  id=\"row-394943021\">\n\n\n\t<div id=\"col-732834252\" class=\"col small-12 large-12\"  >\n\t\t\t\t<div class=\"col-inner text-center\"  >\n\t\t\t\n\t\t\t\n\n<h3><span style=\"font-size: 180%;\">Navidad<\/span><\/h3>\n<p>Descubre la amplia selecci\u00f3n de productos para decorar tu hogar en Navidad.<\/p>\n<a href=\"https:\/\/www.tendenzeshabbychic.it\/es\/categoria-producto\/navidad\/\" class=\"button alert is-shade box-shadow-3 box-shadow-5-hover\" style=\"border-radius:5px;\">\n\t\t<span>haga clic aqu\u00ed<\/span>\n\t<\/a>\n\n\n\n\t\t<\/div>\n\t\t\t\t\t<\/div>\n\n\t\n\n<\/div>\n\n\t\t<\/div>\n\n\t\t\n<style>\n#section_785979385 {\n  padding-top: 12px;\n  padding-bottom: 12px;\n}\n#section_785979385 .section-bg-overlay {\n  background-color: rgba(0, 0, 0, 0.419);\n}\n#section_785979385 .section-bg img {\n  object-position: 21% 51%;\n}\n@media (min-width:550px) {\n  #section_785979385 {\n    padding-top: 57px;\n    padding-bottom: 57px;\n  }\n}\n<\/style>\n\t<\/section>\n\t\n","protected":false},"excerpt":{"rendered":"<p>Rama decorativa EDG de pl\u00e1stico y poli\u00e9ster con acabado de purpurina plateada. Elegante y flexible, ideal para arreglos festivos. <\/p>\n<p>\ud83d\udccf H 81 cm<\/p>\n","protected":false},"featured_media":189029,"comment_status":"open","ping_status":"closed","template":"","meta":{"_joinchat":[]},"pwb-brand":[2084],"product_brand":[],"product_cat":[2773,2387,2371],"product_tag":[],"class_list":{"0":"post-195543","1":"product","2":"type-product","3":"status-publish","4":"has-post-thumbnail","6":"pwb-brand-edg-enzo-de-gasperi","7":"product_cat-flores-en-maceta","8":"product_cat-flores-y-plantas-artificiales","9":"product_cat-navidad","11":"first","12":"instock","13":"taxable","14":"shipping-taxable","15":"purchasable","16":"product-type-simple"},"brands":[{"id":2084,"name":"EDG - Enzo De Gasperi","slug":"edg-enzo-de-gasperi"}],"_links":{"self":[{"href":"https:\/\/www.tendenzeshabbychic.it\/es\/wp-json\/wp\/v2\/product\/195543","targetHints":{"allow":["GET"]}}],"collection":[{"href":"https:\/\/www.tendenzeshabbychic.it\/es\/wp-json\/wp\/v2\/product"}],"about":[{"href":"https:\/\/www.tendenzeshabbychic.it\/es\/wp-json\/wp\/v2\/types\/product"}],"replies":[{"embeddable":true,"href":"https:\/\/www.tendenzeshabbychic.it\/es\/wp-json\/wp\/v2\/comments?post=195543"}],"wp:featuredmedia":[{"embeddable":true,"href":"https:\/\/www.tendenzeshabbychic.it\/es\/wp-json\/wp\/v2\/media\/189029"}],"wp:attachment":[{"href":"https:\/\/www.tendenzeshabbychic.it\/es\/wp-json\/wp\/v2\/media?parent=195543"}],"wp:term":[{"taxonomy":"pwb-brand","embeddable":true,"href":"https:\/\/www.tendenzeshabbychic.it\/es\/wp-json\/wp\/v2\/pwb-brand?post=195543"},{"taxonomy":"product_brand","embeddable":true,"href":"https:\/\/www.tendenzeshabbychic.it\/es\/wp-json\/wp\/v2\/product_brand?post=195543"},{"taxonomy":"product_cat","embeddable":true,"href":"https:\/\/www.tendenzeshabbychic.it\/es\/wp-json\/wp\/v2\/product_cat?post=195543"},{"taxonomy":"product_tag","embeddable":true,"href":"https:\/\/www.tendenzeshabbychic.it\/es\/wp-json\/wp\/v2\/product_tag?post=195543"}],"curies":[{"name":"wp","href":"https:\/\/api.w.org\/{rel}","templated":true}]}}